{"id":70,"date":"2018-12-07T10:31:14","date_gmt":"2018-12-07T09:31:14","guid":{"rendered":"https:\/\/www.microrex.fr\/?page_id=70"},"modified":"2020-03-11T10:57:01","modified_gmt":"2020-03-11T09:57:01","slug":"notre-savoir-faire","status":"publish","type":"page","link":"https:\/\/www.microrex.fr\/fr\/notre-savoir-faire\/","title":{"rendered":"Notre savoir-faire"},"content":{"rendered":"<p>[et_pb_section bb_built=\u00a0\u00bb1&Prime; _builder_version=\u00a0\u00bb3.0.47&Prime;][et_pb_row _builder_version=\u00a0\u00bb3.17.6&Prime;][et_pb_column type=\u00a0\u00bb4_4&Prime;][et_pb_post_title meta=\u00a0\u00bboff\u00a0\u00bb featured_image=\u00a0\u00bboff\u00a0\u00bb _builder_version=\u00a0\u00bb3.17.6&Prime; title_font=\u00a0\u00bb||||||||\u00a0\u00bb title_font_size=\u00a0\u00bb48px\u00a0\u00bb text_orientation=\u00a0\u00bbcenter\u00a0\u00bb custom_css_post_title=\u00a0\u00bbtext-transform: uppercase\u00a0\u00bb \/][\/et_pb_column][\/et_pb_row][et_pb_row use_custom_gutter=\u00a0\u00bbon\u00a0\u00bb gutter_width=\u00a0\u00bb2&Prime; custom_padding=\u00a0\u00bb1%||1%|\u00a0\u00bb make_equal=\u00a0\u00bbon\u00a0\u00bb background_color_1=\u00a0\u00bb#0b0f29&Prime; background_color_2=\u00a0\u00bb#1a3056&Prime; background_color_3=\u00a0\u00bb#152447&Prime; background_color_4=\u00a0\u00bb#284775&Prime; padding_top_1=\u00a0\u00bb40px\u00a0\u00bb padding_top_2=\u00a0\u00bb40px\u00a0\u00bb padding_top_3=\u00a0\u00bb40px\u00a0\u00bb padding_top_4=\u00a0\u00bb40px\u00a0\u00bb padding_right_1=\u00a0\u00bb20px\u00a0\u00bb padding_right_2=\u00a0\u00bb20px\u00a0\u00bb padding_right_3=\u00a0\u00bb20px\u00a0\u00bb padding_right_4=\u00a0\u00bb20px\u00a0\u00bb padding_bottom_1=\u00a0\u00bb20px\u00a0\u00bb padding_bottom_2=\u00a0\u00bb20px\u00a0\u00bb padding_bottom_3=\u00a0\u00bb20px\u00a0\u00bb padding_bottom_4=\u00a0\u00bb20px\u00a0\u00bb padding_left_1=\u00a0\u00bb20px\u00a0\u00bb padding_left_2=\u00a0\u00bb20px\u00a0\u00bb padding_left_3=\u00a0\u00bb20px\u00a0\u00bb padding_left_4=\u00a0\u00bb20px\u00a0\u00bb _builder_version=\u00a0\u00bb3.17.6&Prime; make_fullwidth=\u00a0\u00bbon\u00a0\u00bb padding_1_tablet=\u00a0\u00bb40px|10px|20px|10px\u00a0\u00bb padding_1_last_edited=\u00a0\u00bbon|phone\u00a0\u00bb padding_2_tablet=\u00a0\u00bb20px|10px|20px|10px\u00a0\u00bb padding_2_last_edited=\u00a0\u00bbon|phone\u00a0\u00bb padding_3_tablet=\u00a0\u00bb20px|10px|20px|10px\u00a0\u00bb padding_3_last_edited=\u00a0\u00bbon|phone\u00a0\u00bb padding_4_tablet=\u00a0\u00bb20px|10px|40px|10px\u00a0\u00bb padding_4_last_edited=\u00a0\u00bbon|phone\u00a0\u00bb][et_pb_column type=\u00a0\u00bb1_4&Prime;][et_pb_text _builder_version=\u00a0\u00bb3.17.6&Prime; text_font=\u00a0\u00bbHind|300|||||||\u00a0\u00bb text_text_color=\u00a0\u00bb#ffffff\u00a0\u00bb text_font_size=\u00a0\u00bb19px\u00a0\u00bb header_font=\u00a0\u00bb|||on|||||\u00a0\u00bb header_text_color=\u00a0\u00bb#fcfcfc\u00a0\u00bb header_3_font=\u00a0\u00bbLato|900||on|||||\u00a0\u00bb header_3_text_color=\u00a0\u00bb#ffffff\u00a0\u00bb header_3_font_size=\u00a0\u00bb18px\u00a0\u00bb custom_margin=\u00a0\u00bb||40px|\u00a0\u00bb custom_padding=\u00a0\u00bb|20px||20px\u00a0\u00bb custom_padding_phone=\u00a0\u00bb|10px||10px\u00a0\u00bb custom_padding_last_edited=\u00a0\u00bbon|desktop\u00a0\u00bb custom_margin_tablet=\u00a0\u00bb||20px|\u00a0\u00bb custom_margin_last_edited=\u00a0\u00bbon|tablet\u00a0\u00bb]<\/p>\n<h3 style=\"text-align: center;\">Nos machines <br \/>neuves<\/h3>\n<p>[\/et_pb_text][et_pb_text _builder_version=\u00a0\u00bb3.17.6&Prime; inline_fonts=\u00a0\u00bbHind\u00a0\u00bb]<\/p>\n<p><span style=\"color: #ffffff; font-family: Hind;\">Notre gamme Microrex permet de rectifier en enfilade ou en plong\u00e9e dans les exigences\u00a0<span style=\"font-size: 14px;\">demand\u00e9es par nos clients<\/span><\/span><\/p>\n<p>[\/et_pb_text][et_pb_button button_url=\u00a0\u00bb\/nos-machines-neuves\u00a0\u00bb button_text=\u00a0\u00bbD\u00e9couvrir\u00a0\u00bb button_alignment=\u00a0\u00bbright\u00a0\u00bb module_class=\u00a0\u00bbwq_pb_button&#8211;secondary\u00a0\u00bb _builder_version=\u00a0\u00bb3.17.6&Prime; button_icon=\u00a0\u00bb%%3%%\u00a0\u00bb button_icon_placement=\u00a0\u00bbleft\u00a0\u00bb button_on_hover=\u00a0\u00bboff\u00a0\u00bb \/][\/et_pb_column][et_pb_column type=\u00a0\u00bb1_4&Prime;][et_pb_text _builder_version=\u00a0\u00bb3.17.6&Prime; text_font=\u00a0\u00bbHind|300|||||||\u00a0\u00bb text_text_color=\u00a0\u00bb#ffffff\u00a0\u00bb text_font_size=\u00a0\u00bb19px\u00a0\u00bb text_font_size_last_edited=\u00a0\u00bbon|desktop\u00a0\u00bb header_font=\u00a0\u00bb|||on|||||\u00a0\u00bb header_text_color=\u00a0\u00bb#fcfcfc\u00a0\u00bb header_3_font=\u00a0\u00bbLato|900||on|||||\u00a0\u00bb header_3_text_color=\u00a0\u00bb#ffffff\u00a0\u00bb header_3_font_size=\u00a0\u00bb18px\u00a0\u00bb custom_margin=\u00a0\u00bb||20px|\u00a0\u00bb custom_padding=\u00a0\u00bb|20px||20px\u00a0\u00bb custom_padding_phone=\u00a0\u00bb|10px||10px\u00a0\u00bb custom_padding_last_edited=\u00a0\u00bbon|desktop\u00a0\u00bb]<\/p>\n<h3 style=\"text-align: center;\">NOS RECONSTRUCTIONs\u00a0<br \/>DE RECTIFIEUSES<br \/>CENTERLESS<\/h3>\n<p>[\/et_pb_text][et_pb_text _builder_version=\u00a0\u00bb3.17.6&Prime; inline_fonts=\u00a0\u00bbHind\u00a0\u00bb]<\/p>\n<p><span style=\"color: #ffffff; font-family: Hind; font-weight: normal;\">Nous leur donnons une seconde vie en garantissant un niveau de pr\u00e9cision<br \/><\/span><span style=\"color: #ffffff; font-family: Hind; font-weight: normal;\"> \u00e9lev\u00e9<\/span><\/p>\n<p>[\/et_pb_text][et_pb_button button_url=\u00a0\u00bbhttps:\/\/www.microrex.fr\/fr\/nos-reconstructions-de-rectifieuses-centerless\/\u00a0\u00bb button_text=\u00a0\u00bbD\u00e9couvrir\u00a0\u00bb button_alignment=\u00a0\u00bbright\u00a0\u00bb module_class=\u00a0\u00bbwq_pb_button&#8211;secondary\u00a0\u00bb _builder_version=\u00a0\u00bb3.17.6&Prime; button_icon=\u00a0\u00bb%%3%%\u00a0\u00bb button_icon_placement=\u00a0\u00bbleft\u00a0\u00bb button_on_hover=\u00a0\u00bboff\u00a0\u00bb \/][\/et_pb_column][et_pb_column type=\u00a0\u00bb1_4&Prime;][et_pb_text _builder_version=\u00a0\u00bb3.17.6&Prime; text_font=\u00a0\u00bbHind|300|||||||\u00a0\u00bb text_text_color=\u00a0\u00bb#ffffff\u00a0\u00bb text_font_size=\u00a0\u00bb19px\u00a0\u00bb header_font=\u00a0\u00bb|||on|||||\u00a0\u00bb header_text_color=\u00a0\u00bb#fcfcfc\u00a0\u00bb header_3_font=\u00a0\u00bbLato|900||on|||||\u00a0\u00bb header_3_text_color=\u00a0\u00bb#ffffff\u00a0\u00bb header_3_font_size=\u00a0\u00bb18px\u00a0\u00bb custom_margin=\u00a0\u00bb||20px|\u00a0\u00bb custom_padding=\u00a0\u00bb|20px||20px\u00a0\u00bb custom_padding_phone=\u00a0\u00bb|10px||10px\u00a0\u00bb custom_padding_last_edited=\u00a0\u00bbon|desktop\u00a0\u00bb]<\/p>\n<h3 style=\"text-align: center;\">NOS CONFIGURATIONS MACHINES<\/h3>\n<p>&nbsp;<\/p>\n<p>[\/et_pb_text][et_pb_text _builder_version=\u00a0\u00bb3.17.6&Prime; inline_fonts=\u00a0\u00bbHind\u00a0\u00bb]<\/p>\n<p><span style=\"color: #ffffff; font-family: Hind;\">La particularit\u00e9 de votre production n\u00e9cessite des fonctions sp\u00e9cifiques pour optimiser votre process de fabrication<\/span><\/p>\n<p>[\/et_pb_text][et_pb_button button_url=\u00a0\u00bbhttps:\/\/www.microrex.fr\/fr\/nos-configurations-machines\/\u00a0\u00bb button_text=\u00a0\u00bbD\u00e9couvrir\u00a0\u00bb button_alignment=\u00a0\u00bbright\u00a0\u00bb module_class=\u00a0\u00bbwq_pb_button&#8211;secondary\u00a0\u00bb _builder_version=\u00a0\u00bb3.17.6&Prime; button_icon=\u00a0\u00bb%%3%%\u00a0\u00bb button_icon_placement=\u00a0\u00bbleft\u00a0\u00bb button_on_hover=\u00a0\u00bboff\u00a0\u00bb \/][\/et_pb_column][et_pb_column type=\u00a0\u00bb1_4&Prime;][et_pb_text _builder_version=\u00a0\u00bb3.17.6&Prime; text_font=\u00a0\u00bbHind|300|||||||\u00a0\u00bb text_text_color=\u00a0\u00bb#ffffff\u00a0\u00bb text_font_size=\u00a0\u00bb19px\u00a0\u00bb header_font=\u00a0\u00bb|||on|||||\u00a0\u00bb header_text_color=\u00a0\u00bb#fcfcfc\u00a0\u00bb header_3_font=\u00a0\u00bbLato|900||on|||||\u00a0\u00bb header_3_text_color=\u00a0\u00bb#ffffff\u00a0\u00bb header_3_font_size=\u00a0\u00bb18px\u00a0\u00bb custom_margin=\u00a0\u00bb||20px|\u00a0\u00bb custom_padding=\u00a0\u00bb|20px||20px\u00a0\u00bb custom_padding_phone=\u00a0\u00bb|10px||10px\u00a0\u00bb custom_padding_last_edited=\u00a0\u00bbon|desktop\u00a0\u00bb custom_margin_last_edited=\u00a0\u00bbon|tablet\u00a0\u00bb]<\/p>\n<h3 style=\"text-align: center;\">NOS SOLUTIONS DE<br \/>CONTROLES ET<br \/>CHARGEMENTS<\/h3>\n<p>[\/et_pb_text][et_pb_text _builder_version=\u00a0\u00bb3.17.6&Prime; inline_fonts=\u00a0\u00bbHind\u00a0\u00bb]<\/p>\n<p>\n<span style=\"color: #ffffff; font-family: Hind;\">Portiques, robots, \u00e9l\u00e9vateurs \u00e0 lame, chargeurs num\u00e9ris\u00e9es, mesures lasers,\u2026<\/span><\/p>\n<p>[\/et_pb_text][et_pb_button button_url=\u00a0\u00bbhttps:\/\/www.microrex.fr\/nos-solutions-de-controles-et-chargements\/\u00a0\u00bb button_text=\u00a0\u00bbD\u00e9couvrir\u00a0\u00bb button_alignment=\u00a0\u00bbright\u00a0\u00bb module_class=\u00a0\u00bbwq_pb_button&#8211;secondary\u00a0\u00bb _builder_version=\u00a0\u00bb3.17.6&Prime; button_icon=\u00a0\u00bb%%3%%\u00a0\u00bb button_icon_placement=\u00a0\u00bbleft\u00a0\u00bb button_on_hover=\u00a0\u00bboff\u00a0\u00bb \/][\/et_pb_column][\/et_pb_row][\/et_pb_section]<\/p>\n","protected":false},"excerpt":{"rendered":"<p>Nos machines neuves Notre gamme Microrex permet de rectifier en enfilade ou en plong\u00e9e dans les exigences\u00a0demand\u00e9es par nos clients NOS RECONSTRUCTIONs\u00a0DE RECTIFIEUSESCENTERLESS Nous leur donnons une seconde vie en garantissant un niveau de pr\u00e9cision \u00e9lev\u00e9 NOS CONFIGURATIONS MACHINES &nbsp; La particularit\u00e9 de votre production n\u00e9cessite des fonctions sp\u00e9cifiques pour optimiser votre process de fabrication [&hellip;]<\/p>\n","protected":false},"author":1,"featured_media":0,"parent":0,"menu_order":0,"comment_status":"closed","ping_status":"closed","template":"","meta":{"_acf_changed":false,"_et_pb_use_builder":"on","_et_pb_old_content":"","_et_gb_content_width":"","footnotes":""},"acf":[],"yoast_head":"<!-- This site is optimized with the Yoast SEO plugin v22.7 - https:\/\/yoast.com\/wordpress\/plugins\/seo\/ -->\n<title>Notre savoir-faire - Microrex<\/title>\n<meta name=\"robots\" content=\"index, follow, max-snippet:-1, max-image-preview:large, max-video-preview:-1\" \/>\n<link rel=\"canonical\" href=\"https:\/\/www.microrex.fr\/fr\/notre-savoir-faire\/\" \/>\n<meta property=\"og:locale\" content=\"fr_FR\" \/>\n<meta property=\"og:type\" content=\"article\" \/>\n<meta property=\"og:title\" content=\"Notre savoir-faire - Microrex\" \/>\n<meta property=\"og:description\" content=\"Nos machines neuves Notre gamme Microrex permet de rectifier en enfilade ou en plong\u00e9e dans les exigences\u00a0demand\u00e9es par nos clients NOS RECONSTRUCTIONs\u00a0DE RECTIFIEUSESCENTERLESS Nous leur donnons une seconde vie en garantissant un niveau de pr\u00e9cision \u00e9lev\u00e9 NOS CONFIGURATIONS MACHINES &nbsp; La particularit\u00e9 de votre production n\u00e9cessite des fonctions sp\u00e9cifiques pour optimiser votre process de fabrication [&hellip;]\" \/>\n<meta property=\"og:url\" content=\"https:\/\/www.microrex.fr\/fr\/notre-savoir-faire\/\" \/>\n<meta property=\"og:site_name\" content=\"Microrex\" \/>\n<meta property=\"article:modified_time\" content=\"2020-03-11T09:57:01+00:00\" \/>\n<meta property=\"og:image\" content=\"https:\/\/www.microrex.fr\/wp-content\/uploads\/2020\/02\/1200x628-microrex.png\" \/>\n\t<meta property=\"og:image:width\" content=\"1200\" \/>\n\t<meta property=\"og:image:height\" content=\"628\" \/>\n\t<meta property=\"og:image:type\" content=\"image\/png\" \/>\n<meta name=\"twitter:card\" content=\"summary_large_image\" \/>\n<meta name=\"twitter:label1\" content=\"Dur\u00e9e de lecture estim\u00e9e\" \/>\n\t<meta name=\"twitter:data1\" content=\"4 minutes\" \/>\n<script type=\"application\/ld+json\" class=\"yoast-schema-graph\">{\"@context\":\"https:\/\/schema.org\",\"@graph\":[{\"@type\":\"WebPage\",\"@id\":\"https:\/\/www.microrex.fr\/fr\/notre-savoir-faire\/\",\"url\":\"https:\/\/www.microrex.fr\/fr\/notre-savoir-faire\/\",\"name\":\"Notre savoir-faire - Microrex\",\"isPartOf\":{\"@id\":\"https:\/\/www.microrex.fr\/fr\/#website\"},\"datePublished\":\"2018-12-07T09:31:14+00:00\",\"dateModified\":\"2020-03-11T09:57:01+00:00\",\"breadcrumb\":{\"@id\":\"https:\/\/www.microrex.fr\/fr\/notre-savoir-faire\/#breadcrumb\"},\"inLanguage\":\"fr-FR\",\"potentialAction\":[{\"@type\":\"ReadAction\",\"target\":[\"https:\/\/www.microrex.fr\/fr\/notre-savoir-faire\/\"]}]},{\"@type\":\"BreadcrumbList\",\"@id\":\"https:\/\/www.microrex.fr\/fr\/notre-savoir-faire\/#breadcrumb\",\"itemListElement\":[{\"@type\":\"ListItem\",\"position\":1,\"name\":\"Accueil\",\"item\":\"https:\/\/www.microrex.fr\/fr\/\"},{\"@type\":\"ListItem\",\"position\":2,\"name\":\"Notre savoir-faire\"}]},{\"@type\":\"WebSite\",\"@id\":\"https:\/\/www.microrex.fr\/fr\/#website\",\"url\":\"https:\/\/www.microrex.fr\/fr\/\",\"name\":\"Microrex\",\"description\":\"Rectifieuses centerless\",\"publisher\":{\"@id\":\"https:\/\/www.microrex.fr\/fr\/#organization\"},\"potentialAction\":[{\"@type\":\"SearchAction\",\"target\":{\"@type\":\"EntryPoint\",\"urlTemplate\":\"https:\/\/www.microrex.fr\/fr\/?s={search_term_string}\"},\"query-input\":\"required name=search_term_string\"}],\"inLanguage\":\"fr-FR\"},{\"@type\":\"Organization\",\"@id\":\"https:\/\/www.microrex.fr\/fr\/#organization\",\"name\":\"Microrex\",\"url\":\"https:\/\/www.microrex.fr\/fr\/\",\"logo\":{\"@type\":\"ImageObject\",\"inLanguage\":\"fr-FR\",\"@id\":\"https:\/\/www.microrex.fr\/fr\/#\/schema\/logo\/image\/\",\"url\":\"https:\/\/www.microrex.fr\/wp-content\/uploads\/2019\/03\/microrex_logo_150x45.png\",\"contentUrl\":\"https:\/\/www.microrex.fr\/wp-content\/uploads\/2019\/03\/microrex_logo_150x45.png\",\"width\":150,\"height\":45,\"caption\":\"Microrex\"},\"image\":{\"@id\":\"https:\/\/www.microrex.fr\/fr\/#\/schema\/logo\/image\/\"}}]}<\/script>\n<!-- \/ Yoast SEO plugin. -->","yoast_head_json":{"title":"Notre savoir-faire - Microrex","robots":{"index":"index","follow":"follow","max-snippet":"max-snippet:-1","max-image-preview":"max-image-preview:large","max-video-preview":"max-video-preview:-1"},"canonical":"https:\/\/www.microrex.fr\/fr\/notre-savoir-faire\/","og_locale":"fr_FR","og_type":"article","og_title":"Notre savoir-faire - Microrex","og_description":"Nos machines neuves Notre gamme Microrex permet de rectifier en enfilade ou en plong\u00e9e dans les exigences\u00a0demand\u00e9es par nos clients NOS RECONSTRUCTIONs\u00a0DE RECTIFIEUSESCENTERLESS Nous leur donnons une seconde vie en garantissant un niveau de pr\u00e9cision \u00e9lev\u00e9 NOS CONFIGURATIONS MACHINES &nbsp; La particularit\u00e9 de votre production n\u00e9cessite des fonctions sp\u00e9cifiques pour optimiser votre process de fabrication [&hellip;]","og_url":"https:\/\/www.microrex.fr\/fr\/notre-savoir-faire\/","og_site_name":"Microrex","article_modified_time":"2020-03-11T09:57:01+00:00","og_image":[{"width":1200,"height":628,"url":"https:\/\/www.microrex.fr\/wp-content\/uploads\/2020\/02\/1200x628-microrex.png","type":"image\/png"}],"twitter_card":"summary_large_image","twitter_misc":{"Dur\u00e9e de lecture estim\u00e9e":"4 minutes"},"schema":{"@context":"https:\/\/schema.org","@graph":[{"@type":"WebPage","@id":"https:\/\/www.microrex.fr\/fr\/notre-savoir-faire\/","url":"https:\/\/www.microrex.fr\/fr\/notre-savoir-faire\/","name":"Notre savoir-faire - Microrex","isPartOf":{"@id":"https:\/\/www.microrex.fr\/fr\/#website"},"datePublished":"2018-12-07T09:31:14+00:00","dateModified":"2020-03-11T09:57:01+00:00","breadcrumb":{"@id":"https:\/\/www.microrex.fr\/fr\/notre-savoir-faire\/#breadcrumb"},"inLanguage":"fr-FR","potentialAction":[{"@type":"ReadAction","target":["https:\/\/www.microrex.fr\/fr\/notre-savoir-faire\/"]}]},{"@type":"BreadcrumbList","@id":"https:\/\/www.microrex.fr\/fr\/notre-savoir-faire\/#breadcrumb","itemListElement":[{"@type":"ListItem","position":1,"name":"Accueil","item":"https:\/\/www.microrex.fr\/fr\/"},{"@type":"ListItem","position":2,"name":"Notre savoir-faire"}]},{"@type":"WebSite","@id":"https:\/\/www.microrex.fr\/fr\/#website","url":"https:\/\/www.microrex.fr\/fr\/","name":"Microrex","description":"Rectifieuses centerless","publisher":{"@id":"https:\/\/www.microrex.fr\/fr\/#organization"},"potentialAction":[{"@type":"SearchAction","target":{"@type":"EntryPoint","urlTemplate":"https:\/\/www.microrex.fr\/fr\/?s={search_term_string}"},"query-input":"required name=search_term_string"}],"inLanguage":"fr-FR"},{"@type":"Organization","@id":"https:\/\/www.microrex.fr\/fr\/#organization","name":"Microrex","url":"https:\/\/www.microrex.fr\/fr\/","logo":{"@type":"ImageObject","inLanguage":"fr-FR","@id":"https:\/\/www.microrex.fr\/fr\/#\/schema\/logo\/image\/","url":"https:\/\/www.microrex.fr\/wp-content\/uploads\/2019\/03\/microrex_logo_150x45.png","contentUrl":"https:\/\/www.microrex.fr\/wp-content\/uploads\/2019\/03\/microrex_logo_150x45.png","width":150,"height":45,"caption":"Microrex"},"image":{"@id":"https:\/\/www.microrex.fr\/fr\/#\/schema\/logo\/image\/"}}]}},"_links":{"self":[{"href":"https:\/\/www.microrex.fr\/fr\/wp-json\/wp\/v2\/pages\/70"}],"collection":[{"href":"https:\/\/www.microrex.fr\/fr\/wp-json\/wp\/v2\/pages"}],"about":[{"href":"https:\/\/www.microrex.fr\/fr\/wp-json\/wp\/v2\/types\/page"}],"author":[{"embeddable":true,"href":"https:\/\/www.microrex.fr\/fr\/wp-json\/wp\/v2\/users\/1"}],"replies":[{"embeddable":true,"href":"https:\/\/www.microrex.fr\/fr\/wp-json\/wp\/v2\/comments?post=70"}],"version-history":[{"count":37,"href":"https:\/\/www.microrex.fr\/fr\/wp-json\/wp\/v2\/pages\/70\/revisions"}],"predecessor-version":[{"id":2476,"href":"https:\/\/www.microrex.fr\/fr\/wp-json\/wp\/v2\/pages\/70\/revisions\/2476"}],"wp:attachment":[{"href":"https:\/\/www.microrex.fr\/fr\/wp-json\/wp\/v2\/media?parent=70"}],"curies":[{"name":"wp","href":"https:\/\/api.w.org\/{rel}","templated":true}]}}