{"id":68,"date":"2018-12-07T10:30:49","date_gmt":"2018-12-07T09:30:49","guid":{"rendered":"https:\/\/www.microrex.fr\/?page_id=68"},"modified":"2020-03-04T09:13:46","modified_gmt":"2020-03-04T08:13:46","slug":"nos-metiers","status":"publish","type":"page","link":"https:\/\/www.microrex.fr\/fr\/nos-metiers\/","title":{"rendered":"Nos m\u00e9tiers"},"content":{"rendered":"<p>[et_pb_section fb_built=\u00a0\u00bb1&Prime; _builder_version=\u00a0\u00bb3.17.6&Prime;][et_pb_row _builder_version=\u00a0\u00bb3.17.6&Prime;][et_pb_column type=\u00a0\u00bb4_4&Prime; _builder_version=\u00a0\u00bb3.0.47&Prime; parallax=\u00a0\u00bboff\u00a0\u00bb parallax_method=\u00a0\u00bbon\u00a0\u00bb][et_pb_post_title meta=\u00a0\u00bboff\u00a0\u00bb featured_image=\u00a0\u00bboff\u00a0\u00bb _builder_version=\u00a0\u00bb3.17.6&Prime; title_font=\u00a0\u00bb||||||||\u00a0\u00bb title_font_size=\u00a0\u00bb48px\u00a0\u00bb text_orientation=\u00a0\u00bbcenter\u00a0\u00bb custom_css_post_title=\u00a0\u00bbtext-transform:uppercase\u00a0\u00bb][\/et_pb_post_title][et_pb_text _builder_version=\u00a0\u00bb3.17.6&Prime; text_font_size=\u00a0\u00bb19px\u00a0\u00bb]<\/p>\n<p style=\"text-align: left;\"><strong>Gr\u00e2ce \u00e0 notre exp\u00e9rience<\/strong> dans le milieu de la <strong>rectification centerless<\/strong> et avec<strong> l\u2019apport de nos\u00a0<\/strong><strong>techniciens qualifi\u00e9s<\/strong>, nous vous apportons<strong> notre aide dans la mont\u00e9e en comp\u00e9tence de\u00a0<\/strong><strong>votre personnel et dans la recherche de solutions optimis\u00e9es<\/strong>.<\/p>\n<p style=\"text-align: left;\">Nous sommes <strong>force de proposition<\/strong> <strong>dans la modernisation de vos \u00e9quipements<\/strong> et nous disposons d\u2019un <strong>stock de pi\u00e8ce de rechange<\/strong> afin de limiter les pertes de temps en production.<\/p>\n<p>[\/et_pb_text][\/et_pb_column][\/et_pb_row][et_pb_row _builder_version=\u00a0\u00bb3.17.6&Prime;][et_pb_column type=\u00a0\u00bb4_4&Prime; _builder_version=\u00a0\u00bb3.0.47&Prime; parallax=\u00a0\u00bboff\u00a0\u00bb parallax_method=\u00a0\u00bbon\u00a0\u00bb][et_pb_code module_id=\u00a0\u00bbformation\u00a0\u00bb _builder_version=\u00a0\u00bb3.17.6&Prime; custom_css_main_element=\u00a0\u00bbdisplay: block;||position: relative;||top: -64px;||visibility: hidden;||margin: 0&Prime;]formation[\/et_pb_code][et_pb_text _builder_version=\u00a0\u00bb3.17.6&Prime; text_font=\u00a0\u00bbLato|900|||||||\u00a0\u00bb text_text_color=\u00a0\u00bb#353a95&Prime; header_text_color=\u00a0\u00bb#353a95&Prime; header_3_font=\u00a0\u00bbLato|700|||||||\u00a0\u00bb]<\/p>\n<h2 style=\"text-align: center;\"><strong>FORMATION<\/strong><\/h2>\n<p>[\/et_pb_text][et_pb_text _builder_version=\u00a0\u00bb3.17.6&Prime; text_font_size=\u00a0\u00bb19px\u00a0\u00bb]<\/p>\n<p style=\"text-align: left;\"><strong>Nous dispensons des formations sur les rectifieuses centerless de notre propre marque Microrex mais aussi sur les autres marques.<\/strong><\/p>\n<p style=\"text-align: left;\">Nous sommes<strong> un organisme de formation permanente agr\u00e9e<\/strong> avec un n\u00b0 de D\u00e9claration d\u2019activit\u00e9 enregistr\u00e9e aupr\u00e8s du pr\u00e9fet de la R\u00e9gion Rh\u00f4ne Alpes et nous sommes r\u00e9f\u00e9renc\u00e9 Datadock.<\/p>\n<p>[\/et_pb_text][\/et_pb_column][\/et_pb_row][et_pb_row _builder_version=\u00a0\u00bb3.17.6&Prime;][et_pb_column type=\u00a0\u00bb1_2&Prime; _builder_version=\u00a0\u00bb3.0.47&Prime; parallax=\u00a0\u00bboff\u00a0\u00bb parallax_method=\u00a0\u00bbon\u00a0\u00bb][et_pb_text _builder_version=\u00a0\u00bb3.17.6&Prime; text_font_size=\u00a0\u00bb19px\u00a0\u00bb]<\/p>\n<p style=\"text-align: center;\">Liste des programmes de formation\u00a0:<\/p>\n<ul>\n<li style=\"text-align: left;\">Rectification en enfilade sur 1 jour<\/li>\n<li style=\"text-align: left;\">Conduite de machine de rectification centerless num\u00e9ris\u00e9e sur 1 jour<\/li>\n<li style=\"text-align: left;\">Rectification en enfilade sur 2 jours<\/li>\n<li style=\"text-align: left;\">Rectification en plong\u00e9e sur 2 jours<\/li>\n<li style=\"text-align: left;\">Rectification en plong\u00e9e + enfilade sur 2 jours<\/li>\n<li style=\"text-align: left;\">Rectification en enfilade + conduite de la machine sur 2 jours<\/li>\n<li style=\"text-align: left;\">Rectification en plong\u00e9e + maintenance machine sur 2 jours<\/li>\n<li style=\"text-align: left;\">Rectification en enfilade + maintenance machine sur 2 jours<\/li>\n<li style=\"text-align: left;\">\u2026<\/li>\n<\/ul>\n<p style=\"text-align: center;\"><span style=\"font-size: large;\"><\/span><\/p>\n<p>[\/et_pb_text][\/et_pb_column][et_pb_column type=\u00a0\u00bb1_2&Prime; _builder_version=\u00a0\u00bb3.0.47&Prime; parallax=\u00a0\u00bboff\u00a0\u00bb parallax_method=\u00a0\u00bbon\u00a0\u00bb][et_pb_image src=\u00a0\u00bbhttps:\/\/www.microrex.fr\/wp-content\/uploads\/2020\/02\/Picto_datadocke.jpg\u00a0\u00bb align=\u00a0\u00bbcenter\u00a0\u00bb _builder_version=\u00a0\u00bb3.17.6&Prime; max_width=\u00a0\u00bb50%\u00a0\u00bb][\/et_pb_image][\/et_pb_column][\/et_pb_row][et_pb_row _builder_version=\u00a0\u00bb3.17.6&Prime;][et_pb_column type=\u00a0\u00bb4_4&Prime; _builder_version=\u00a0\u00bb3.0.47&Prime; parallax=\u00a0\u00bboff\u00a0\u00bb parallax_method=\u00a0\u00bbon\u00a0\u00bb][et_pb_text _builder_version=\u00a0\u00bb3.17.6&Prime; text_font=\u00a0\u00bb||||||||\u00a0\u00bb text_font_size=\u00a0\u00bb19px\u00a0\u00bb]<\/p>\n<p style=\"text-align: center;\"><strong>Ces programmes peuvent \u00eatre adapt\u00e9s au besoin du client<\/strong> en fonction des objectifs cibl\u00e9s.<\/p>\n<p style=\"text-align: center;\"><span>Taux journalier en 2020 est de\u00a0: 960 \u20ac H.T. (bas\u00e9 sur 1 journ\u00e9e de 7H)<br \/><\/span><span>Hors frais de d\u00e9placement et h\u00e9bergement<br \/><\/span><span>Conditions g\u00e9n\u00e9rales des ventes\u00a0: <span style=\"text-decoration: underline;\"><a href=\"\/contact\/\">nous contacter<\/a><\/span><span style=\"text-decoration: underline;\"><\/span><\/span><\/p>\n<p>[\/et_pb_text][et_pb_image src=\u00a0\u00bbhttps:\/\/www.microrex.fr\/wp-content\/uploads\/2020\/02\/office-1209640_1920-e1545300400529.jpg\u00a0\u00bb _builder_version=\u00a0\u00bb3.17.6&Prime;][\/et_pb_image][\/et_pb_column][\/et_pb_row][et_pb_row _builder_version=\u00a0\u00bb3.17.6&Prime;][et_pb_column type=\u00a0\u00bb4_4&Prime; _builder_version=\u00a0\u00bb3.0.47&Prime; parallax=\u00a0\u00bboff\u00a0\u00bb parallax_method=\u00a0\u00bbon\u00a0\u00bb][et_pb_code module_id=\u00a0\u00bbamelioration-de-process\u00a0\u00bb _builder_version=\u00a0\u00bb3.17.6&Prime; custom_css_main_element=\u00a0\u00bbdisplay: block;||position: relative;||top: -64px;||visibility: hidden;||margin: 0&Prime;]amelioration-de-process[\/et_pb_code][et_pb_text _builder_version=\u00a0\u00bb3.17.6&Prime; header_3_font=\u00a0\u00bbLato|700|||||||\u00a0\u00bb]<\/p>\n<h2 style=\"text-align: center;\"><strong>AM\u00c9LIORATION DE PROCESS<\/strong><\/h2>\n<p>[\/et_pb_text][et_pb_text _builder_version=\u00a0\u00bb3.17.6&Prime; text_font_size=\u00a0\u00bb19px\u00a0\u00bb]<\/p>\n<p style=\"text-align: left;\">Vous avez <strong>besoin<\/strong> d\u2019une <strong>\u00e9tude de faisabilit\u00e9<\/strong> pour un futur march\u00e9 ou <strong>d\u2019am\u00e9liorer\u00a0<\/strong><strong>votre process de fabrication<\/strong>\u00a0?<\/p>\n<p style=\"text-align: left;\"><strong>Notre \u00e9quipe de techniciens vous conseille et vous guide dans le choix du process\u00a0<\/strong>de rectification le mieux adapt\u00e9 \u00e0 votre besoin (enfilade et\/ou plong\u00e9e, syst\u00e8me d\u2019alimentation, syst\u00e8me d\u2019\u00e9vacuation\u2026) <strong>et saura vous assister dans les essais et la mise au\u00a0<\/strong><strong>point de votre machine<\/strong> afin d\u2019obtenir les r\u00e9sultats requis.<\/p>\n<p style=\"text-align: left;\">Nous mettons aussi \u00e0 <strong>disposition des machines<\/strong> pour effectuer des <strong>essais de\u00a0<\/strong><strong>rectifications afin de vous guider dans la bonne direction.<\/strong><\/p>\n<p>[\/et_pb_text][et_pb_text _builder_version=\u00a0\u00bb3.17.6&Prime; background_image=\u00a0\u00bbhttps:\/\/www.microrex.fr\/wp-content\/uploads\/2020\/03\/Photo-am\u00e9lioration-de-process.jpg\u00a0\u00bb]<\/p>\n<p>&nbsp;<\/p>\n<p>&nbsp;<\/p>\n<p>&nbsp;<\/p>\n<p>&nbsp;<\/p>\n<p>&nbsp;<\/p>\n<p>&nbsp;<\/p>\n<p>&nbsp;<\/p>\n<p>&nbsp;<\/p>\n<p>&nbsp;<\/p>\n<p>&nbsp;<\/p>\n<p>&nbsp;<\/p>\n<p>&nbsp;<\/p>\n<p>&nbsp;<\/p>\n<p>&nbsp;<\/p>\n<p>&nbsp;<\/p>\n<p>&nbsp;<\/p>\n<p>&nbsp;<\/p>\n<p>&nbsp;<\/p>\n<p>[\/et_pb_text][\/et_pb_column][\/et_pb_row][et_pb_row _builder_version=\u00a0\u00bb3.17.6&Prime;][et_pb_column type=\u00a0\u00bb4_4&Prime; _builder_version=\u00a0\u00bb3.0.47&Prime; parallax=\u00a0\u00bboff\u00a0\u00bb parallax_method=\u00a0\u00bbon\u00a0\u00bb][et_pb_code module_id=\u00a0\u00bbmodernisation\u00a0\u00bb _builder_version=\u00a0\u00bb3.17.6&Prime; custom_css_main_element=\u00a0\u00bbdisplay: block;||position: relative;||top: -64px;||visibility: hidden;||margin: 0&Prime;]amelioration-de-process[\/et_pb_code][et_pb_text _builder_version=\u00a0\u00bb3.17.6&Prime; header_3_font=\u00a0\u00bbLato|700|||||||\u00a0\u00bb]<\/p>\n<h2 style=\"text-align: center;\"><strong>MODERNISATION<\/strong><\/h2>\n<p>[\/et_pb_text][et_pb_text _builder_version=\u00a0\u00bb3.17.6&Prime; text_font_size=\u00a0\u00bb19px\u00a0\u00bb]<\/p>\n<p style=\"text-align: center;\"><span style=\"font-size: 19px;\">Vous avez <strong>l\u2019ambition de rester comp\u00e9titif<\/strong> et pour cela vous devez <strong>moderniser<\/strong> votre\u00a0<strong>moyen de production.<\/strong><\/span><\/p>\n<p style=\"text-align: left;\"><span style=\"font-size: 19px;\"><br \/>Nous avons des solutions de <strong>modernisation pour vos rectifieuses centerless<\/strong>\u00a0qui int\u00e8grent de nouvelles technologies :<\/span><\/p>\n<ul>\n<li style=\"text-align: left;\"><span style=\"font-size: 19px;\">Broches sur roulements\/paliers<\/span><\/li>\n<li style=\"text-align: left;\"><span style=\"font-size: 19px;\">Diamantage entrainement num\u00e9ris\u00e9<\/span><\/li>\n<li style=\"text-align: left;\"><span style=\"font-size: 19px;\">Plong\u00e9e num\u00e9ris\u00e9e<\/span><span style=\"font-size: 19px;\"><\/span><\/li>\n<li style=\"text-align: left;\"><span style=\"font-size: 19px;\">Diamantage travail num\u00e9ris\u00e9 2 axes<\/span><\/li>\n<li style=\"text-align: left;\"><span style=\"font-size: 19px;\">Diamantage \u00e0 molette de forme (1 ou 2 axes)<\/span><\/li>\n<li style=\"text-align: left;\"><span style=\"font-size: 19px;\">Diamantage \u00e0 molette disque, 2 axes<\/span><\/li>\n<li style=\"text-align: left;\"><span style=\"font-size: 19px;\">Diamantage \u00e0 molette disque, 3 axes<\/span><\/li>\n<li style=\"text-align: left;\"><span style=\"font-size: 19px;\">Diamantage flanc de meule<\/span><\/li>\n<li style=\"text-align: left;\"><span style=\"font-size: 19px;\">&#8230;<\/span><\/li>\n<\/ul>\n<p style=\"text-align: center;\"><span style=\"font-size: 19px;\"><\/span><\/p>\n<p>[\/et_pb_text][et_pb_text _builder_version=\u00a0\u00bb3.17.6&Prime; header_3_font=\u00a0\u00bbLato|700|||||||\u00a0\u00bb]<\/p>\n<h2 style=\"text-align: center;\">PI\u00c8CES DE RECHANGE<\/h2>\n<p>[\/et_pb_text][\/et_pb_column][\/et_pb_row][et_pb_row make_fullwidth=\u00a0\u00bbon\u00a0\u00bb use_custom_gutter=\u00a0\u00bbon\u00a0\u00bb gutter_width=\u00a0\u00bb1&Prime; _builder_version=\u00a0\u00bb3.17.6&Prime; background_image=\u00a0\u00bbhttps:\/\/www.microrex.fr\/wp-content\/uploads\/2018\/12\/bg-ready.png\u00a0\u00bb module_alignment=\u00a0\u00bbcenter\u00a0\u00bb][et_pb_column type=\u00a0\u00bb4_4&Prime; _builder_version=\u00a0\u00bb3.0.47&Prime; parallax=\u00a0\u00bboff\u00a0\u00bb parallax_method=\u00a0\u00bbon\u00a0\u00bb][et_pb_code module_id=\u00a0\u00bbpieces-de-rechange\u00a0\u00bb _builder_version=\u00a0\u00bb3.17.6&Prime; custom_css_main_element=\u00a0\u00bbdisplay: block;||position: relative;||top: -64px;||visibility: hidden;||margin: 0&Prime;]amelioration-de-process[\/et_pb_code][et_pb_text _builder_version=\u00a0\u00bb3.17.6&Prime; text_font=\u00a0\u00bb||||||||\u00a0\u00bb text_text_color=\u00a0\u00bb#ffffff\u00a0\u00bb text_font_size=\u00a0\u00bb19px\u00a0\u00bb]<\/p>\n<p style=\"text-align: center;\">Notre <strong>stock de pi\u00e8ces de rechange<\/strong> permet d\u2019assurer une livraison rapide dans un<br \/> grand choix de pi\u00e8ces ou <strong>d\u2019intervenir pour une op\u00e9ration de d\u00e9pannage, maintenance<br \/> ou de SAV<\/strong> avec la pi\u00e8ce ad\u00e9quate.<\/p>\n<p>[\/et_pb_text][\/et_pb_column][\/et_pb_row][\/et_pb_section]<\/p>\n","protected":false},"excerpt":{"rendered":"<p>Gr\u00e2ce \u00e0 notre exp\u00e9rience dans le milieu de la rectification centerless et avec l\u2019apport de nos\u00a0techniciens qualifi\u00e9s, nous vous apportons notre aide dans la mont\u00e9e en comp\u00e9tence de\u00a0votre personnel et dans la recherche de solutions optimis\u00e9es. Nous sommes force de proposition dans la modernisation de vos \u00e9quipements et nous disposons d\u2019un stock de pi\u00e8ce de [&hellip;]<\/p>\n","protected":false},"author":1,"featured_media":0,"parent":0,"menu_order":0,"comment_status":"closed","ping_status":"closed","template":"","meta":{"_acf_changed":false,"_et_pb_use_builder":"on","_et_pb_old_content":"","_et_gb_content_width":"","footnotes":""},"acf":[],"yoast_head":"<!-- This site is optimized with the Yoast SEO plugin v22.7 - https:\/\/yoast.com\/wordpress\/plugins\/seo\/ -->\n<title>Nos m\u00e9tiers - Microrex<\/title>\n<meta name=\"description\" content=\"D\u00e9couvrez tout notre savoir-faire de l&#039;\u00e9tude et la conception jusqu&#039;\u00e0 la r\u00e9alisation des machines et les services que nous prodiguons.\" \/>\n<meta name=\"robots\" content=\"index, follow, max-snippet:-1, max-image-preview:large, max-video-preview:-1\" \/>\n<link rel=\"canonical\" href=\"https:\/\/www.microrex.fr\/fr\/nos-metiers\/\" \/>\n<meta property=\"og:locale\" content=\"fr_FR\" \/>\n<meta property=\"og:type\" content=\"article\" \/>\n<meta property=\"og:title\" content=\"Nos m\u00e9tiers - Microrex\" \/>\n<meta property=\"og:description\" content=\"D\u00e9couvrez tout notre savoir-faire de l&#039;\u00e9tude et la conception jusqu&#039;\u00e0 la r\u00e9alisation des machines et les services que nous prodiguons.\" \/>\n<meta property=\"og:url\" content=\"https:\/\/www.microrex.fr\/fr\/nos-metiers\/\" \/>\n<meta property=\"og:site_name\" content=\"Microrex\" \/>\n<meta property=\"article:modified_time\" content=\"2020-03-04T08:13:46+00:00\" \/>\n<meta property=\"og:image\" content=\"https:\/\/www.microrex.fr\/wp-content\/uploads\/2020\/02\/1200x628-microrex.png\" \/>\n\t<meta property=\"og:image:width\" content=\"1200\" \/>\n\t<meta property=\"og:image:height\" content=\"628\" \/>\n\t<meta property=\"og:image:type\" content=\"image\/png\" \/>\n<meta name=\"twitter:card\" content=\"summary_large_image\" \/>\n<meta name=\"twitter:label1\" content=\"Dur\u00e9e de lecture estim\u00e9e\" \/>\n\t<meta name=\"twitter:data1\" content=\"5 minutes\" \/>\n<script type=\"application\/ld+json\" class=\"yoast-schema-graph\">{\"@context\":\"https:\/\/schema.org\",\"@graph\":[{\"@type\":\"WebPage\",\"@id\":\"https:\/\/www.microrex.fr\/fr\/nos-metiers\/\",\"url\":\"https:\/\/www.microrex.fr\/fr\/nos-metiers\/\",\"name\":\"Nos m\u00e9tiers - Microrex\",\"isPartOf\":{\"@id\":\"https:\/\/www.microrex.fr\/fr\/#website\"},\"datePublished\":\"2018-12-07T09:30:49+00:00\",\"dateModified\":\"2020-03-04T08:13:46+00:00\",\"description\":\"D\u00e9couvrez tout notre savoir-faire de l'\u00e9tude et la conception jusqu'\u00e0 la r\u00e9alisation des machines et les services que nous prodiguons.\",\"breadcrumb\":{\"@id\":\"https:\/\/www.microrex.fr\/fr\/nos-metiers\/#breadcrumb\"},\"inLanguage\":\"fr-FR\",\"potentialAction\":[{\"@type\":\"ReadAction\",\"target\":[\"https:\/\/www.microrex.fr\/fr\/nos-metiers\/\"]}]},{\"@type\":\"BreadcrumbList\",\"@id\":\"https:\/\/www.microrex.fr\/fr\/nos-metiers\/#breadcrumb\",\"itemListElement\":[{\"@type\":\"ListItem\",\"position\":1,\"name\":\"Accueil\",\"item\":\"https:\/\/www.microrex.fr\/fr\/\"},{\"@type\":\"ListItem\",\"position\":2,\"name\":\"Nos m\u00e9tiers\"}]},{\"@type\":\"WebSite\",\"@id\":\"https:\/\/www.microrex.fr\/fr\/#website\",\"url\":\"https:\/\/www.microrex.fr\/fr\/\",\"name\":\"Microrex\",\"description\":\"Rectifieuses centerless\",\"publisher\":{\"@id\":\"https:\/\/www.microrex.fr\/fr\/#organization\"},\"potentialAction\":[{\"@type\":\"SearchAction\",\"target\":{\"@type\":\"EntryPoint\",\"urlTemplate\":\"https:\/\/www.microrex.fr\/fr\/?s={search_term_string}\"},\"query-input\":\"required name=search_term_string\"}],\"inLanguage\":\"fr-FR\"},{\"@type\":\"Organization\",\"@id\":\"https:\/\/www.microrex.fr\/fr\/#organization\",\"name\":\"Microrex\",\"url\":\"https:\/\/www.microrex.fr\/fr\/\",\"logo\":{\"@type\":\"ImageObject\",\"inLanguage\":\"fr-FR\",\"@id\":\"https:\/\/www.microrex.fr\/fr\/#\/schema\/logo\/image\/\",\"url\":\"https:\/\/www.microrex.fr\/wp-content\/uploads\/2019\/03\/microrex_logo_150x45.png\",\"contentUrl\":\"https:\/\/www.microrex.fr\/wp-content\/uploads\/2019\/03\/microrex_logo_150x45.png\",\"width\":150,\"height\":45,\"caption\":\"Microrex\"},\"image\":{\"@id\":\"https:\/\/www.microrex.fr\/fr\/#\/schema\/logo\/image\/\"}}]}<\/script>\n<!-- \/ Yoast SEO plugin. -->","yoast_head_json":{"title":"Nos m\u00e9tiers - Microrex","description":"D\u00e9couvrez tout notre savoir-faire de l'\u00e9tude et la conception jusqu'\u00e0 la r\u00e9alisation des machines et les services que nous prodiguons.","robots":{"index":"index","follow":"follow","max-snippet":"max-snippet:-1","max-image-preview":"max-image-preview:large","max-video-preview":"max-video-preview:-1"},"canonical":"https:\/\/www.microrex.fr\/fr\/nos-metiers\/","og_locale":"fr_FR","og_type":"article","og_title":"Nos m\u00e9tiers - Microrex","og_description":"D\u00e9couvrez tout notre savoir-faire de l'\u00e9tude et la conception jusqu'\u00e0 la r\u00e9alisation des machines et les services que nous prodiguons.","og_url":"https:\/\/www.microrex.fr\/fr\/nos-metiers\/","og_site_name":"Microrex","article_modified_time":"2020-03-04T08:13:46+00:00","og_image":[{"width":1200,"height":628,"url":"https:\/\/www.microrex.fr\/wp-content\/uploads\/2020\/02\/1200x628-microrex.png","type":"image\/png"}],"twitter_card":"summary_large_image","twitter_misc":{"Dur\u00e9e de lecture estim\u00e9e":"5 minutes"},"schema":{"@context":"https:\/\/schema.org","@graph":[{"@type":"WebPage","@id":"https:\/\/www.microrex.fr\/fr\/nos-metiers\/","url":"https:\/\/www.microrex.fr\/fr\/nos-metiers\/","name":"Nos m\u00e9tiers - Microrex","isPartOf":{"@id":"https:\/\/www.microrex.fr\/fr\/#website"},"datePublished":"2018-12-07T09:30:49+00:00","dateModified":"2020-03-04T08:13:46+00:00","description":"D\u00e9couvrez tout notre savoir-faire de l'\u00e9tude et la conception jusqu'\u00e0 la r\u00e9alisation des machines et les services que nous prodiguons.","breadcrumb":{"@id":"https:\/\/www.microrex.fr\/fr\/nos-metiers\/#breadcrumb"},"inLanguage":"fr-FR","potentialAction":[{"@type":"ReadAction","target":["https:\/\/www.microrex.fr\/fr\/nos-metiers\/"]}]},{"@type":"BreadcrumbList","@id":"https:\/\/www.microrex.fr\/fr\/nos-metiers\/#breadcrumb","itemListElement":[{"@type":"ListItem","position":1,"name":"Accueil","item":"https:\/\/www.microrex.fr\/fr\/"},{"@type":"ListItem","position":2,"name":"Nos m\u00e9tiers"}]},{"@type":"WebSite","@id":"https:\/\/www.microrex.fr\/fr\/#website","url":"https:\/\/www.microrex.fr\/fr\/","name":"Microrex","description":"Rectifieuses centerless","publisher":{"@id":"https:\/\/www.microrex.fr\/fr\/#organization"},"potentialAction":[{"@type":"SearchAction","target":{"@type":"EntryPoint","urlTemplate":"https:\/\/www.microrex.fr\/fr\/?s={search_term_string}"},"query-input":"required name=search_term_string"}],"inLanguage":"fr-FR"},{"@type":"Organization","@id":"https:\/\/www.microrex.fr\/fr\/#organization","name":"Microrex","url":"https:\/\/www.microrex.fr\/fr\/","logo":{"@type":"ImageObject","inLanguage":"fr-FR","@id":"https:\/\/www.microrex.fr\/fr\/#\/schema\/logo\/image\/","url":"https:\/\/www.microrex.fr\/wp-content\/uploads\/2019\/03\/microrex_logo_150x45.png","contentUrl":"https:\/\/www.microrex.fr\/wp-content\/uploads\/2019\/03\/microrex_logo_150x45.png","width":150,"height":45,"caption":"Microrex"},"image":{"@id":"https:\/\/www.microrex.fr\/fr\/#\/schema\/logo\/image\/"}}]}},"_links":{"self":[{"href":"https:\/\/www.microrex.fr\/fr\/wp-json\/wp\/v2\/pages\/68"}],"collection":[{"href":"https:\/\/www.microrex.fr\/fr\/wp-json\/wp\/v2\/pages"}],"about":[{"href":"https:\/\/www.microrex.fr\/fr\/wp-json\/wp\/v2\/types\/page"}],"author":[{"embeddable":true,"href":"https:\/\/www.microrex.fr\/fr\/wp-json\/wp\/v2\/users\/1"}],"replies":[{"embeddable":true,"href":"https:\/\/www.microrex.fr\/fr\/wp-json\/wp\/v2\/comments?post=68"}],"version-history":[{"count":91,"href":"https:\/\/www.microrex.fr\/fr\/wp-json\/wp\/v2\/pages\/68\/revisions"}],"predecessor-version":[{"id":2400,"href":"https:\/\/www.microrex.fr\/fr\/wp-json\/wp\/v2\/pages\/68\/revisions\/2400"}],"wp:attachment":[{"href":"https:\/\/www.microrex.fr\/fr\/wp-json\/wp\/v2\/media?parent=68"}],"curies":[{"name":"wp","href":"https:\/\/api.w.org\/{rel}","templated":true}]}}