{"id":117,"date":"2018-12-10T13:47:22","date_gmt":"2018-12-10T12:47:22","guid":{"rendered":"https:\/\/www.microrex.fr\/?page_id=117"},"modified":"2020-04-01T18:09:25","modified_gmt":"2020-04-01T16:09:25","slug":"nos-configurations-machines","status":"publish","type":"page","link":"https:\/\/www.microrex.fr\/fr\/nos-configurations-machines\/","title":{"rendered":"Nos Configurations Machines"},"content":{"rendered":"<p>[et_pb_section fb_built=\u00a0\u00bb1&Prime; _builder_version=\u00a0\u00bb3.17.6&Prime;][et_pb_row _builder_version=\u00a0\u00bb3.17.6&Prime;][et_pb_column type=\u00a0\u00bb4_4&Prime; _builder_version=\u00a0\u00bb3.0.47&Prime; parallax=\u00a0\u00bboff\u00a0\u00bb parallax_method=\u00a0\u00bbon\u00a0\u00bb][et_pb_post_title meta=\u00a0\u00bboff\u00a0\u00bb featured_image=\u00a0\u00bboff\u00a0\u00bb _builder_version=\u00a0\u00bb3.17.6&Prime; title_font=\u00a0\u00bb||||||||\u00a0\u00bb title_font_size=\u00a0\u00bb48px\u00a0\u00bb text_orientation=\u00a0\u00bbcenter\u00a0\u00bb custom_css_post_title=\u00a0\u00bbtext-transform: uppercase\u00a0\u00bb][\/et_pb_post_title][\/et_pb_column][\/et_pb_row][et_pb_row _builder_version=\u00a0\u00bb3.0.48&Prime; background_size=\u00a0\u00bbinitial\u00a0\u00bb background_position=\u00a0\u00bbtop_left\u00a0\u00bb background_repeat=\u00a0\u00bbrepeat\u00a0\u00bb][et_pb_column type=\u00a0\u00bb4_4&Prime; _builder_version=\u00a0\u00bb3.0.47&Prime; parallax=\u00a0\u00bboff\u00a0\u00bb parallax_method=\u00a0\u00bbon\u00a0\u00bb][et_pb_text _builder_version=\u00a0\u00bb3.17.6&Prime; text_font=\u00a0\u00bb|600|||||||\u00a0\u00bb text_text_color=\u00a0\u00bb#ffffff\u00a0\u00bb text_font_size=\u00a0\u00bb17px\u00a0\u00bb header_font=\u00a0\u00bb||||||||\u00a0\u00bb header_3_font=\u00a0\u00bbRusso One||||||||\u00a0\u00bb header_3_text_color=\u00a0\u00bb#353a95&Prime; header_3_font_size=\u00a0\u00bb27px\u00a0\u00bb header_3_letter_spacing=\u00a0\u00bb3px\u00a0\u00bb header_4_font=\u00a0\u00bbRusso One||||||||\u00a0\u00bb header_4_text_color=\u00a0\u00bb#ffffff\u00a0\u00bb header_4_font_size=\u00a0\u00bb24px\u00a0\u00bb header_4_letter_spacing=\u00a0\u00bb3px\u00a0\u00bb background_image=\u00a0\u00bbhttps:\/\/www.microrex.fr\/wp-content\/uploads\/2020\/03\/Photo-haut-de-page-arri\u00e8re-plan-3-mots-cl\u00e9s.jpg\u00a0\u00bb background_position=\u00a0\u00bbcenter_left\u00a0\u00bb inline_fonts=\u00a0\u00bbLato\u00a0\u00bb]<\/p>\n<h4><\/h4>\n<p>&nbsp;<\/p>\n<p>&nbsp;<\/p>\n<h4 style=\"text-align: center;\"><span style=\"font-family: Lato; color: #333399;\"><strong>PERSONNALISER<\/strong><\/span><\/h4>\n<h3 style=\"text-align: center;\"><span style=\"font-family: Lato; color: #000000;\"><strong>OPTIMISER<\/strong><\/span><\/h3>\n<h4 style=\"text-align: center;\"><span style=\"font-family: Lato; color: #333399;\"><strong>AMELIORER<\/strong><\/span><\/h4>\n<h4 style=\"text-align: center;\"><\/h4>\n<p>&nbsp;<\/p>\n<p>&nbsp;<\/p>\n<p>[\/et_pb_text][et_pb_text _builder_version=\u00a0\u00bb3.17.6&Prime; text_font=\u00a0\u00bb||||||||\u00a0\u00bb text_font_size=\u00a0\u00bb19px\u00a0\u00bb custom_margin=\u00a0\u00bb-10px||-40px\u00a0\u00bb]<\/p>\n<p>Suivant la forme de vos pi\u00e8ces et le type de production souhait\u00e9, nous vous proposons des fonctions sp\u00e9cifiques afin d\u2019optimiser la capabilit\u00e9 de la rectifieuse<\/p>\n<p>[\/et_pb_text][\/et_pb_column][\/et_pb_row][et_pb_row _builder_version=\u00a0\u00bb3.17.6&Prime;][et_pb_column type=\u00a0\u00bb1_2&Prime; _builder_version=\u00a0\u00bb3.0.47&Prime; parallax=\u00a0\u00bboff\u00a0\u00bb parallax_method=\u00a0\u00bbon\u00a0\u00bb][et_pb_text _builder_version=\u00a0\u00bb3.17.6&Prime; text_font=\u00a0\u00bb||||||||\u00a0\u00bb text_font_size=\u00a0\u00bb19px\u00a0\u00bb]<\/p>\n<p><span style=\"text-decoration: underline;\"><strong>Broche de contr\u00f4le :<\/strong><\/span><\/p>\n<ul>\n<li>Sur roulement de pr\u00e9cision<\/li>\n<li>Motorisation asynchrone<\/li>\n<li>Motorisation \u00ab\u00a0Bruschless\u00a0\u00bb<\/li>\n<\/ul>\n<p><strong style=\"font-size: 19px;\"><span style=\"text-decoration-line: underline;\">Plong\u00e9es\u00a0:<\/span><\/strong><\/p>\n<ul>\n<li>Conventionnelle<\/li>\n<li>Came num\u00e9ris\u00e9e<\/li>\n<\/ul>\n<p><span style=\"text-decoration: underline;\"><strong>Enfilades\u00a0:<\/strong><\/span><\/p>\n<ul>\n<li>Pi\u00e8ces courtes\u00a0: centre mobile<\/li>\n<li>Pi\u00e8ces longues\u00a0: centre fixe<\/li>\n<\/ul>\n<p><span style=\"text-decoration: underline;\"><strong>Meules\u00a0de travail :<\/strong><\/span><\/p>\n<p><span style=\"text-decoration: underline;\"><strong><\/strong><\/span><\/p>\n<ul>\n<li>Vitrifi\u00e9e<\/li>\n<li>Diamant<\/li>\n<li>CBN<\/li>\n<li>Equilibrage semi-automatique<\/li>\n<li>Equilibrage dynamique<\/li>\n<\/ul>\n<p>[\/et_pb_text][\/et_pb_column][et_pb_column type=\u00a0\u00bb1_2&Prime; _builder_version=\u00a0\u00bb3.0.47&Prime; parallax=\u00a0\u00bboff\u00a0\u00bb parallax_method=\u00a0\u00bbon\u00a0\u00bb][et_pb_text _builder_version=\u00a0\u00bb3.17.6&Prime; text_font=\u00a0\u00bb||||||||\u00a0\u00bb text_font_size=\u00a0\u00bb19px\u00a0\u00bb]<\/p>\n<p><strong style=\"font-size: 19px;\"><span style=\"text-decoration-line: underline;\">Meules de contr\u00f4le\u00a0:<\/span><\/strong><\/p>\n<ul>\n<li>A liant caoutchouc<\/li>\n<li>Rouleau vulcanis\u00e9 (application sp\u00e9ciale)<\/li>\n<li>A encoche (syst\u00e8me dit came num\u00e9ris\u00e9e)<\/li>\n<\/ul>\n<p><strong><span style=\"text-decoration: underline;\">R\u00e8gles\/R\u00e9glettes\u00a0:<\/span><\/strong><\/p>\n<ul>\n<li>Carbure<\/li>\n<li>Autres types de rev\u00eatements<\/li>\n<li>Bridage hydraulique de la r\u00e8gle<\/li>\n<\/ul>\n<p><span style=\"text-decoration: underline;\"><strong>Broches de travail:<\/strong><\/span><\/p>\n<p>&nbsp;<\/p>\n<ul>\n<li>Sur roulement de pr\u00e9cision<\/li>\n<li>Sur palier hydrostatique (hydrodynamique)<\/li>\n<li>Motorisation asynchrone ext\u00e9rieur<\/li>\n<li>Electro-broche<\/li>\n<\/ul>\n<p>[\/et_pb_text][\/et_pb_column][\/et_pb_row][et_pb_row use_custom_gutter=\u00a0\u00bbon\u00a0\u00bb gutter_width=\u00a0\u00bb1&Prime; bg_img_1=\u00a0\u00bbhttps:\/\/www.microrex.fr\/wp-content\/uploads\/2018\/12\/bg-ready.png\u00a0\u00bb background_repeat_1=\u00a0\u00bbno-repeat\u00a0\u00bb _builder_version=\u00a0\u00bb3.17.6&Prime;][et_pb_column type=\u00a0\u00bb4_4&Prime; _builder_version=\u00a0\u00bb3.0.47&Prime; bg_img=\u00a0\u00bbhttps:\/\/www.microrex.fr\/wp-content\/uploads\/2018\/12\/bg-ready.png\u00a0\u00bb parallax=\u00a0\u00bboff\u00a0\u00bb parallax_method=\u00a0\u00bbon\u00a0\u00bb background_repeat=\u00a0\u00bbno-repeat\u00a0\u00bb][et_pb_text _builder_version=\u00a0\u00bb3.17.6&Prime; text_font=\u00a0\u00bb||||||||\u00a0\u00bb text_text_color=\u00a0\u00bb#ffffff\u00a0\u00bb text_font_size=\u00a0\u00bb18px\u00a0\u00bb text_letter_spacing=\u00a0\u00bb2px\u00a0\u00bb quote_font=\u00a0\u00bb|600|||||||\u00a0\u00bb]<\/p>\n<p>&nbsp;<\/p>\n<p>&nbsp;<\/p>\n<p style=\"text-align: center;\"><span style=\"font-size: x-large;\"><b> \u201cGardez un \u0153il\u00a0sur vos installations\u201d<\/b><\/span><\/p>\n<p>&nbsp;<\/p>\n<p>&nbsp;<\/p>\n<p>[\/et_pb_text][\/et_pb_column][\/et_pb_row][et_pb_row _builder_version=\u00a0\u00bb3.17.6&Prime;][et_pb_column type=\u00a0\u00bb1_2&Prime; _builder_version=\u00a0\u00bb3.0.47&Prime; parallax=\u00a0\u00bboff\u00a0\u00bb parallax_method=\u00a0\u00bbon\u00a0\u00bb][et_pb_text _builder_version=\u00a0\u00bb3.17.6&Prime; text_font=\u00a0\u00bb||||||||\u00a0\u00bb text_font_size=\u00a0\u00bb19px\u00a0\u00bb]<\/p>\n<p><span style=\"text-decoration: underline;\"><strong>Syst\u00e8mes de dressages de la meule de travail (Diamantage de travail)\u00a0:<\/p>\n<p><\/strong><\/span><\/p>\n<ul>\n<li><span style=\"font-size: 19px;\">Balayage conventionnel\u00a0: manuel, hydraulique, \u00e9lectrique<\/span><\/li>\n<li>Prise de passe conventionnelle\u00a0: manuelle, motoris\u00e9e<\/li>\n<li>Recul hydraulique pour cycle carr\u00e9 (conventionnel)<\/li>\n<li>Par dresseur concr\u00e9tion (conventionnel),<\/li>\n<li>Par plaquette \u00e0 aiguilles calibr\u00e9es (conventionnel)<\/li>\n<li>1 axe de prise de passe (num\u00e9ris\u00e9)\u00a0: porte molette de forme motoris\u00e9e (num\u00e9ris\u00e9)<\/li>\n<li>\n<p>2 axes cart\u00e9sien (num\u00e9ris\u00e9)\u00a0: dresseur diamant classique ou porte molette disque motoris\u00e9e (num\u00e9ris\u00e9)<\/p>\n<\/li>\n<li>3 \u00e8me axe\/Arc Pivotant<\/li>\n<li>Rayonneur (num\u00e9ris\u00e9)\u00a0: par diamant classique (num\u00e9ris\u00e9)<\/li>\n<\/ul>\n<p>[\/et_pb_text][et_pb_text _builder_version=\u00a0\u00bb3.17.6&Prime; text_font=\u00a0\u00bb||||||||\u00a0\u00bb text_font_size=\u00a0\u00bb19px\u00a0\u00bb]<\/p>\n<p><span style=\"text-decoration: underline;\"><strong>Cart\u00e9risations\u00a0:<\/strong><\/span><\/p>\n<p><span style=\"text-decoration: underline;\"><strong><\/strong><\/span><\/p>\n<ul>\n<li>Suivant norme CE ou en vigueur dans le pays utilisateur hors CE.<\/li>\n<li>Adapt\u00e9 aux diff\u00e9rents syst\u00e8mes d\u2019alimentations et d\u2019\u00e9vacuations<\/li>\n<li>Syst\u00e8me de d\u00e9tection\/extinction d\u2019incendie<\/li>\n<\/ul>\n<p>[\/et_pb_text][\/et_pb_column][et_pb_column type=\u00a0\u00bb1_2&Prime; _builder_version=\u00a0\u00bb3.0.47&Prime; parallax=\u00a0\u00bboff\u00a0\u00bb parallax_method=\u00a0\u00bbon\u00a0\u00bb][et_pb_text _builder_version=\u00a0\u00bb3.17.6&Prime; text_font=\u00a0\u00bb||||||||\u00a0\u00bb text_font_size=\u00a0\u00bb19px\u00a0\u00bb]<\/p>\n<p><span style=\"text-decoration: underline;\"><strong>Syst\u00e8mes de dressages de la meule de contr\u00f4le (Diamantage de contr\u00f4le)\u00a0:<\/p>\n<p><\/strong><\/span><\/p>\n<ul>\n<li>Balayage conventionnel\u00a0: manuel, hydraulique, \u00e9lectrique<\/li>\n<li>Prise de passe conventionnelle\u00a0: <br \/>manuelle, motoris\u00e9e<\/li>\n<li>Par diamant pointe unique\u00a0: jetable, ressertissable (conventionnel)<\/li>\n<li>2 axes cart\u00e9siens (num\u00e9ris\u00e9)\u00a0: par diamant classique<\/li>\n<li>Diamant de la meule en forme de cam (syst\u00e8me dit came num\u00e9ris\u00e9e)<\/li>\n<\/ul>\n<p>[\/et_pb_text][et_pb_text _builder_version=\u00a0\u00bb3.17.6&Prime; text_font=\u00a0\u00bb||||||||\u00a0\u00bb text_font_size=\u00a0\u00bb19px\u00a0\u00bb]<\/p>\n<p><span style=\"text-decoration: underline;\"><strong>Chariot(s) prise de passe\/Base pivotante\u00a0:<\/strong><\/span><\/p>\n<ul>\n<li>Plong\u00e9e conventionnelle : manuelle, automatique<\/li>\n<li>Prise de passe conventionnelle\u00a0: <br \/>manuelle, motoris\u00e9e avec compensation usure de meule<\/li>\n<li>Prise de passe num\u00e9ris\u00e9e<\/li>\n<li>Commande de prise de passe num\u00e9ris\u00e9e (d\u00e9placement chariot)<\/li>\n<li>Prise de passe assur\u00e9e par la forme en came de la meule de<br \/> contr\u00f4le)\u00a0: syst\u00e8me dit came num\u00e9ris\u00e9e (chariot bloqu\u00e9)<\/li>\n<\/ul>\n<p><span style=\"text-decoration: underline;\"><strong><\/strong><\/span><\/p>\n<p>[\/et_pb_text][et_pb_text _builder_version=\u00a0\u00bb3.17.6&Prime; text_font=\u00a0\u00bb||||||||\u00a0\u00bb text_font_size=\u00a0\u00bb19px\u00a0\u00bb]<\/p>\n<p><span style=\"text-decoration: underline;\"><strong>Pi\u00e8ces\u00a0:<\/p>\n<p><\/strong><\/span><\/p>\n<ul>\n<li>Mati\u00e8res (aciers, carbures, c\u00e9ramiques, verres, cartons, plastiques,\u2026)<\/li>\n<\/ul>\n<p>[\/et_pb_text][\/et_pb_column][\/et_pb_row][\/et_pb_section][et_pb_section fb_built=\u00a0\u00bb1&Prime; _builder_version=\u00a0\u00bb3.0.47&Prime;][et_pb_row _builder_version=\u00a0\u00bb3.0.48&Prime; background_size=\u00a0\u00bbinitial\u00a0\u00bb background_position=\u00a0\u00bbtop_left\u00a0\u00bb background_repeat=\u00a0\u00bbrepeat\u00a0\u00bb][et_pb_column type=\u00a0\u00bb4_4&Prime; _builder_version=\u00a0\u00bb3.0.47&Prime; parallax=\u00a0\u00bboff\u00a0\u00bb parallax_method=\u00a0\u00bbon\u00a0\u00bb][et_pb_gallery gallery_ids=\u00a0\u00bb2112,2114,2116,2118,2120,2122,2124,2126,2128,2130,2132,2134,2136,2138,2140,2142,1983,2146,2148,2150,2152,2154,2156&Prime; _builder_version=\u00a0\u00bb3.17.6&Prime;][\/et_pb_gallery][\/et_pb_column][\/et_pb_row][\/et_pb_section][et_pb_section fb_built=\u00a0\u00bb1&Prime; _builder_version=\u00a0\u00bb3.17.6&Prime;][et_pb_row _builder_version=\u00a0\u00bb3.0.48&Prime; background_size=\u00a0\u00bbinitial\u00a0\u00bb background_position=\u00a0\u00bbtop_left\u00a0\u00bb background_repeat=\u00a0\u00bbrepeat\u00a0\u00bb][\/et_pb_row][\/et_pb_section]<\/p>\n","protected":false},"excerpt":{"rendered":"<p>&nbsp; &nbsp; PERSONNALISER OPTIMISER AMELIORER &nbsp; &nbsp; Suivant la forme de vos pi\u00e8ces et le type de production souhait\u00e9, nous vous proposons des fonctions sp\u00e9cifiques afin d\u2019optimiser la capabilit\u00e9 de la rectifieuse Broche de contr\u00f4le : Sur roulement de pr\u00e9cision Motorisation asynchrone Motorisation \u00ab\u00a0Bruschless\u00a0\u00bb Plong\u00e9es\u00a0: Conventionnelle Came num\u00e9ris\u00e9e Enfilades\u00a0: Pi\u00e8ces courtes\u00a0: centre mobile Pi\u00e8ces longues\u00a0: [&hellip;]<\/p>\n","protected":false},"author":1,"featured_media":0,"parent":0,"menu_order":0,"comment_status":"closed","ping_status":"closed","template":"","meta":{"_acf_changed":false,"_et_pb_use_builder":"on","_et_pb_old_content":"","_et_gb_content_width":"","footnotes":""},"acf":[],"yoast_head":"<!-- This site is optimized with the Yoast SEO plugin v22.7 - https:\/\/yoast.com\/wordpress\/plugins\/seo\/ -->\n<title>Nos Configurations Machines - Microrex<\/title>\n<meta name=\"robots\" content=\"index, follow, max-snippet:-1, max-image-preview:large, max-video-preview:-1\" \/>\n<link rel=\"canonical\" href=\"https:\/\/www.microrex.fr\/fr\/nos-configurations-machines\/\" \/>\n<meta property=\"og:locale\" content=\"fr_FR\" \/>\n<meta property=\"og:type\" content=\"article\" \/>\n<meta property=\"og:title\" content=\"Nos Configurations Machines - Microrex\" \/>\n<meta property=\"og:description\" content=\"&nbsp; &nbsp; PERSONNALISER OPTIMISER AMELIORER &nbsp; &nbsp; Suivant la forme de vos pi\u00e8ces et le type de production souhait\u00e9, nous vous proposons des fonctions sp\u00e9cifiques afin d\u2019optimiser la capabilit\u00e9 de la rectifieuse Broche de contr\u00f4le : Sur roulement de pr\u00e9cision Motorisation asynchrone Motorisation \u00ab\u00a0Bruschless\u00a0\u00bb Plong\u00e9es\u00a0: Conventionnelle Came num\u00e9ris\u00e9e Enfilades\u00a0: Pi\u00e8ces courtes\u00a0: centre mobile Pi\u00e8ces longues\u00a0: [&hellip;]\" \/>\n<meta property=\"og:url\" content=\"https:\/\/www.microrex.fr\/fr\/nos-configurations-machines\/\" \/>\n<meta property=\"og:site_name\" content=\"Microrex\" \/>\n<meta property=\"article:modified_time\" content=\"2020-04-01T16:09:25+00:00\" \/>\n<meta property=\"og:image\" content=\"https:\/\/www.microrex.fr\/wp-content\/uploads\/2020\/02\/1200x628-microrex.png\" \/>\n\t<meta property=\"og:image:width\" content=\"1200\" \/>\n\t<meta property=\"og:image:height\" content=\"628\" \/>\n\t<meta property=\"og:image:type\" content=\"image\/png\" \/>\n<meta name=\"twitter:card\" content=\"summary_large_image\" \/>\n<meta name=\"twitter:label1\" content=\"Dur\u00e9e de lecture estim\u00e9e\" \/>\n\t<meta name=\"twitter:data1\" content=\"5 minutes\" \/>\n<script type=\"application\/ld+json\" class=\"yoast-schema-graph\">{\"@context\":\"https:\/\/schema.org\",\"@graph\":[{\"@type\":\"WebPage\",\"@id\":\"https:\/\/www.microrex.fr\/fr\/nos-configurations-machines\/\",\"url\":\"https:\/\/www.microrex.fr\/fr\/nos-configurations-machines\/\",\"name\":\"Nos Configurations Machines - Microrex\",\"isPartOf\":{\"@id\":\"https:\/\/www.microrex.fr\/fr\/#website\"},\"datePublished\":\"2018-12-10T12:47:22+00:00\",\"dateModified\":\"2020-04-01T16:09:25+00:00\",\"breadcrumb\":{\"@id\":\"https:\/\/www.microrex.fr\/fr\/nos-configurations-machines\/#breadcrumb\"},\"inLanguage\":\"fr-FR\",\"potentialAction\":[{\"@type\":\"ReadAction\",\"target\":[\"https:\/\/www.microrex.fr\/fr\/nos-configurations-machines\/\"]}]},{\"@type\":\"BreadcrumbList\",\"@id\":\"https:\/\/www.microrex.fr\/fr\/nos-configurations-machines\/#breadcrumb\",\"itemListElement\":[{\"@type\":\"ListItem\",\"position\":1,\"name\":\"Accueil\",\"item\":\"https:\/\/www.microrex.fr\/fr\/\"},{\"@type\":\"ListItem\",\"position\":2,\"name\":\"Nos Configurations Machines\"}]},{\"@type\":\"WebSite\",\"@id\":\"https:\/\/www.microrex.fr\/fr\/#website\",\"url\":\"https:\/\/www.microrex.fr\/fr\/\",\"name\":\"Microrex\",\"description\":\"Rectifieuses centerless\",\"publisher\":{\"@id\":\"https:\/\/www.microrex.fr\/fr\/#organization\"},\"potentialAction\":[{\"@type\":\"SearchAction\",\"target\":{\"@type\":\"EntryPoint\",\"urlTemplate\":\"https:\/\/www.microrex.fr\/fr\/?s={search_term_string}\"},\"query-input\":\"required name=search_term_string\"}],\"inLanguage\":\"fr-FR\"},{\"@type\":\"Organization\",\"@id\":\"https:\/\/www.microrex.fr\/fr\/#organization\",\"name\":\"Microrex\",\"url\":\"https:\/\/www.microrex.fr\/fr\/\",\"logo\":{\"@type\":\"ImageObject\",\"inLanguage\":\"fr-FR\",\"@id\":\"https:\/\/www.microrex.fr\/fr\/#\/schema\/logo\/image\/\",\"url\":\"https:\/\/www.microrex.fr\/wp-content\/uploads\/2019\/03\/microrex_logo_150x45.png\",\"contentUrl\":\"https:\/\/www.microrex.fr\/wp-content\/uploads\/2019\/03\/microrex_logo_150x45.png\",\"width\":150,\"height\":45,\"caption\":\"Microrex\"},\"image\":{\"@id\":\"https:\/\/www.microrex.fr\/fr\/#\/schema\/logo\/image\/\"}}]}<\/script>\n<!-- \/ Yoast SEO plugin. -->","yoast_head_json":{"title":"Nos Configurations Machines - Microrex","robots":{"index":"index","follow":"follow","max-snippet":"max-snippet:-1","max-image-preview":"max-image-preview:large","max-video-preview":"max-video-preview:-1"},"canonical":"https:\/\/www.microrex.fr\/fr\/nos-configurations-machines\/","og_locale":"fr_FR","og_type":"article","og_title":"Nos Configurations Machines - Microrex","og_description":"&nbsp; &nbsp; PERSONNALISER OPTIMISER AMELIORER &nbsp; &nbsp; Suivant la forme de vos pi\u00e8ces et le type de production souhait\u00e9, nous vous proposons des fonctions sp\u00e9cifiques afin d\u2019optimiser la capabilit\u00e9 de la rectifieuse Broche de contr\u00f4le : Sur roulement de pr\u00e9cision Motorisation asynchrone Motorisation \u00ab\u00a0Bruschless\u00a0\u00bb Plong\u00e9es\u00a0: Conventionnelle Came num\u00e9ris\u00e9e Enfilades\u00a0: Pi\u00e8ces courtes\u00a0: centre mobile Pi\u00e8ces longues\u00a0: [&hellip;]","og_url":"https:\/\/www.microrex.fr\/fr\/nos-configurations-machines\/","og_site_name":"Microrex","article_modified_time":"2020-04-01T16:09:25+00:00","og_image":[{"width":1200,"height":628,"url":"https:\/\/www.microrex.fr\/wp-content\/uploads\/2020\/02\/1200x628-microrex.png","type":"image\/png"}],"twitter_card":"summary_large_image","twitter_misc":{"Dur\u00e9e de lecture estim\u00e9e":"5 minutes"},"schema":{"@context":"https:\/\/schema.org","@graph":[{"@type":"WebPage","@id":"https:\/\/www.microrex.fr\/fr\/nos-configurations-machines\/","url":"https:\/\/www.microrex.fr\/fr\/nos-configurations-machines\/","name":"Nos Configurations Machines - Microrex","isPartOf":{"@id":"https:\/\/www.microrex.fr\/fr\/#website"},"datePublished":"2018-12-10T12:47:22+00:00","dateModified":"2020-04-01T16:09:25+00:00","breadcrumb":{"@id":"https:\/\/www.microrex.fr\/fr\/nos-configurations-machines\/#breadcrumb"},"inLanguage":"fr-FR","potentialAction":[{"@type":"ReadAction","target":["https:\/\/www.microrex.fr\/fr\/nos-configurations-machines\/"]}]},{"@type":"BreadcrumbList","@id":"https:\/\/www.microrex.fr\/fr\/nos-configurations-machines\/#breadcrumb","itemListElement":[{"@type":"ListItem","position":1,"name":"Accueil","item":"https:\/\/www.microrex.fr\/fr\/"},{"@type":"ListItem","position":2,"name":"Nos Configurations Machines"}]},{"@type":"WebSite","@id":"https:\/\/www.microrex.fr\/fr\/#website","url":"https:\/\/www.microrex.fr\/fr\/","name":"Microrex","description":"Rectifieuses centerless","publisher":{"@id":"https:\/\/www.microrex.fr\/fr\/#organization"},"potentialAction":[{"@type":"SearchAction","target":{"@type":"EntryPoint","urlTemplate":"https:\/\/www.microrex.fr\/fr\/?s={search_term_string}"},"query-input":"required name=search_term_string"}],"inLanguage":"fr-FR"},{"@type":"Organization","@id":"https:\/\/www.microrex.fr\/fr\/#organization","name":"Microrex","url":"https:\/\/www.microrex.fr\/fr\/","logo":{"@type":"ImageObject","inLanguage":"fr-FR","@id":"https:\/\/www.microrex.fr\/fr\/#\/schema\/logo\/image\/","url":"https:\/\/www.microrex.fr\/wp-content\/uploads\/2019\/03\/microrex_logo_150x45.png","contentUrl":"https:\/\/www.microrex.fr\/wp-content\/uploads\/2019\/03\/microrex_logo_150x45.png","width":150,"height":45,"caption":"Microrex"},"image":{"@id":"https:\/\/www.microrex.fr\/fr\/#\/schema\/logo\/image\/"}}]}},"_links":{"self":[{"href":"https:\/\/www.microrex.fr\/fr\/wp-json\/wp\/v2\/pages\/117"}],"collection":[{"href":"https:\/\/www.microrex.fr\/fr\/wp-json\/wp\/v2\/pages"}],"about":[{"href":"https:\/\/www.microrex.fr\/fr\/wp-json\/wp\/v2\/types\/page"}],"author":[{"embeddable":true,"href":"https:\/\/www.microrex.fr\/fr\/wp-json\/wp\/v2\/users\/1"}],"replies":[{"embeddable":true,"href":"https:\/\/www.microrex.fr\/fr\/wp-json\/wp\/v2\/comments?post=117"}],"version-history":[{"count":40,"href":"https:\/\/www.microrex.fr\/fr\/wp-json\/wp\/v2\/pages\/117\/revisions"}],"predecessor-version":[{"id":2575,"href":"https:\/\/www.microrex.fr\/fr\/wp-json\/wp\/v2\/pages\/117\/revisions\/2575"}],"wp:attachment":[{"href":"https:\/\/www.microrex.fr\/fr\/wp-json\/wp\/v2\/media?parent=117"}],"curies":[{"name":"wp","href":"https:\/\/api.w.org\/{rel}","templated":true}]}}