{"id":116,"date":"2018-12-10T13:47:11","date_gmt":"2018-12-10T12:47:11","guid":{"rendered":"https:\/\/www.microrex.fr\/?page_id=116"},"modified":"2021-10-18T10:41:02","modified_gmt":"2021-10-18T08:41:02","slug":"nos-solutions-de-controles-et-chargements","status":"publish","type":"page","link":"https:\/\/www.microrex.fr\/fr\/nos-solutions-de-controles-et-chargements\/","title":{"rendered":"Nos solutions de contr\u00f4les et chargements"},"content":{"rendered":"<p>[et_pb_section fb_built=\u00a0\u00bb1&Prime; _builder_version=\u00a0\u00bb3.17.6&Prime;][et_pb_row _builder_version=\u00a0\u00bb3.17.6&Prime;][et_pb_column type=\u00a0\u00bb4_4&Prime; _builder_version=\u00a0\u00bb3.0.47&Prime; parallax=\u00a0\u00bboff\u00a0\u00bb parallax_method=\u00a0\u00bbon\u00a0\u00bb][et_pb_post_title meta=\u00a0\u00bboff\u00a0\u00bb featured_image=\u00a0\u00bboff\u00a0\u00bb _builder_version=\u00a0\u00bb3.17.6&Prime; title_font=\u00a0\u00bb||||||||\u00a0\u00bb title_text_align=\u00a0\u00bbcenter\u00a0\u00bb title_font_size=\u00a0\u00bb48px\u00a0\u00bb meta_font=\u00a0\u00bb||||||||\u00a0\u00bb custom_css_post_title=\u00a0\u00bbtext-transform: uppercase||  \u00ab\u00a0][\/et_pb_post_title][\/et_pb_column][\/et_pb_row][et_pb_row custom_padding=\u00a0\u00bb31px|0px|31.65px|0px|false|false\u00a0\u00bb _builder_version=\u00a0\u00bb3.17.6&Prime;][et_pb_column type=\u00a0\u00bb4_4&Prime; _builder_version=\u00a0\u00bb3.0.47&Prime; parallax=\u00a0\u00bboff\u00a0\u00bb parallax_method=\u00a0\u00bbon\u00a0\u00bb][et_pb_text _builder_version=\u00a0\u00bb3.17.6&Prime; text_font_size=\u00a0\u00bb19px\u00a0\u00bb background_image=\u00a0\u00bbhttps:\/\/www.microrex.fr\/wp-content\/uploads\/2020\/04\/Photo-haut-de-page-arri\u00e8re-plan-3-mots-cl\u00e9s-e1585736978336.jpg\u00a0\u00bb background_position=\u00a0\u00bbbottom_left\u00a0\u00bb inline_fonts=\u00a0\u00bbLato\u00a0\u00bb background__hover_enabled=\u00a0\u00bbon\u00a0\u00bb]<\/p>\n<h4><\/h4>\n<h4 style=\"text-align: center;\"><\/h4>\n<p>&nbsp;<\/p>\n<h4 style=\"text-align: center;\"><span style=\"font-size: x-large;\"><strong><span style=\"font-family: Lato; color: #333399;\">IMAGINER<\/span><\/strong><\/span><\/h4>\n<h3 style=\"text-align: center;\"><span style=\"font-size: x-large;\"><strong><span style=\"font-family: Lato; color: #000000;\">CONCEVOIR<\/span><\/strong><\/span><\/h3>\n<h4 style=\"text-align: center;\"><span style=\"font-size: x-large;\"><strong><span style=\"font-family: Lato; color: #333399;\">REALISER<\/span><\/strong><\/span><\/h4>\n<p>&nbsp;<\/p>\n<p>&nbsp;<\/p>\n<p>[\/et_pb_text][et_pb_text _builder_version=\u00a0\u00bb3.17.6&Prime; text_font=\u00a0\u00bb||||||||\u00a0\u00bb text_font_size=\u00a0\u00bb19px\u00a0\u00bb]<\/p>\n<div id=\"TheTexte\" class=\"Texte\" lang=\"zxx\">\n<p style=\"text-align: center;\">Vous souhaitez optimiser le temps de chargement et d\u00e9chargement afin de gagner en productivit\u00e9\u00a0?<br \/>Suivant votre type de pi\u00e8ces, nous vous proposons nos produits catalogues d\u00e9velopp\u00e9s par Dinatec\u00a0:<\/p>\n<p style=\"text-align: center;\">&#8211; Tr\u00e9mie de distribution d\u2019axes<br \/><span style=\"font-size: 19px;\">&#8211; El\u00e9vateur \u00e0 lame\u00a0 \u00a0 \u00a0 \u00a0 \u00a0 \u00a0 \u00a0 \u00a0 \u00a0 \u00a0 \u00a0\u00a0<br \/><\/span><span style=\"font-size: 19px;\">&#8211; Chargeur num\u00e9ris\u00e9\u00a0 \u00a0 \u00a0 \u00a0 \u00a0 \u00a0 \u00a0 \u00a0 \u00a0\u00a0<br \/><\/span><span style=\"font-size: 19px;\">&#8211;\u00a0 \u2026.\u00a0 \u00a0 \u00a0 \u00a0 \u00a0 \u00a0 \u00a0 \u00a0 \u00a0 \u00a0 \u00a0 \u00a0 \u00a0 \u00a0 \u00a0 \u00a0 \u00a0 \u00a0 \u00a0 \u00a0 \u00a0 \u00a0 \u00a0 \u00a0<\/span><\/p>\n<p style=\"text-align: center;\">Ou pour r\u00e9pondre \u00e0 des contraintes de productions plus particuli\u00e8res, nous pouvons vous proposer,<br \/> gr\u00e2ce \u00e0 notre bureau d\u2019\u00e9tude interne, des solutions d\u2019automatisations sp\u00e9cifiques :<\/p>\n<p style=\"text-align: center;\">&#8211; Portique de chargement\/d\u00e9chargement<br \/> &#8211; Tr\u00e9mie et Bol vibrant\u00a0 \u00a0 \u00a0 \u00a0 \u00a0 \u00a0 \u00a0 \u00a0 \u00a0 \u00a0 \u00a0 \u00a0 \u00a0 \u00a0 \u00a0 \u00a0 \u00a0\u00a0<br \/> &#8211; Alimentation robotis\u00e9e\u00a0 \u00a0 \u00a0 \u00a0 \u00a0 \u00a0 \u00a0 \u00a0 \u00a0 \u00a0 \u00a0 \u00a0 \u00a0 \u00a0 \u00a0\u00a0<br \/> &#8211; Dispositif de contr\u00f4le int\u00e9gr\u00e9\u00a0 \u00a0 \u00a0 \u00a0 \u00a0 \u00a0 \u00a0 \u00a0 \u00a0 \u00a0<br \/> &#8211; \u2026\u00a0 \u00a0 \u00a0 \u00a0 \u00a0 \u00a0 \u00a0 \u00a0 \u00a0 \u00a0 \u00a0 \u00a0 \u00a0 \u00a0 \u00a0 \u00a0 \u00a0 \u00a0 \u00a0 \u00a0 \u00a0 \u00a0 \u00a0 \u00a0 \u00a0 \u00a0 \u00a0 \u00a0 \u00a0 \u00a0 \u00a0 \u00a0 \u00a0 \u00a0<\/p>\n<\/div>\n<p>[\/et_pb_text][\/et_pb_column][\/et_pb_row][et_pb_row custom_padding=\u00a0\u00bb36px|0px|36px|0px|true|false\u00a0\u00bb _builder_version=\u00a0\u00bb3.17.6&Prime;][et_pb_column type=\u00a0\u00bb1_3&Prime; _builder_version=\u00a0\u00bb3.0.47&Prime; parallax=\u00a0\u00bboff\u00a0\u00bb parallax_method=\u00a0\u00bbon\u00a0\u00bb][\/et_pb_column][et_pb_column type=\u00a0\u00bb1_3&Prime; _builder_version=\u00a0\u00bb3.0.47&Prime; parallax=\u00a0\u00bboff\u00a0\u00bb parallax_method=\u00a0\u00bbon\u00a0\u00bb][et_pb_text _builder_version=\u00a0\u00bb3.17.6&Prime; text_font=\u00a0\u00bb||||||||\u00a0\u00bb text_font_size=\u00a0\u00bb19px\u00a0\u00bb]<\/p>\n<p><span style=\"font-size: large;\"><span style=\"text-decoration: underline;\"><strong>Q<span>uelques aper\u00e7us sur notre chaine Youtube DINATEC MICROREX<\/span><\/strong><\/span><span size=\"4\" style=\"font-size: large;\">:<\/span><\/span><\/p>\n<ul>\n<li><a href=\"https:\/\/www.youtube.com\/watch?v=Q0dvchQGpoA\">Chargeur num\u00e9ris\u00e9 Microrex.<\/a><\/li>\n<li><a href=\"https:\/\/www.youtube.com\/watch?v=bNbNYzxWzDI\">Portique de chargement\/d\u00e9chargement sur Microrex 2H<\/a><\/li>\n<li><a href=\"https:\/\/www.youtube.com\/watch?v=FMmXL9Kk5Tk\">Fabrication Microrex 2H CN plong\u00e9e : 2 pi\u00e8ces rectifi\u00e9es simultan\u00e9ment avec portique de chargement.<\/a><\/li>\n<li><a href=\"https:\/\/www.youtube.com\/watch?v=mV7337TjrnI\">Ilot robotis\u00e9 Microrex 2H CN pour rectification des pi\u00e8ces sur 3 port\u00e9es<\/a><\/li>\n<li><a href=\"https:\/\/www.youtube.com\/watch?v=e6C4FOuZ7_E\">MICROREX 2L CN avec alimentation automatique<\/a><\/li>\n<li><a href=\"https:\/\/www.youtube.com\/watch?v=oHmdZpyvxfU\">MICROREX 2H CN int\u00e9gr\u00e9e dans une cellule robotis\u00e9e<\/a><\/li>\n<\/ul>\n<p>[\/et_pb_text][\/et_pb_column][et_pb_column type=\u00a0\u00bb1_3&Prime; _builder_version=\u00a0\u00bb3.0.47&Prime; parallax=\u00a0\u00bboff\u00a0\u00bb parallax_method=\u00a0\u00bbon\u00a0\u00bb][\/et_pb_column][\/et_pb_row][et_pb_row use_custom_gutter=\u00a0\u00bbon\u00a0\u00bb gutter_width=\u00a0\u00bb1&Prime; bg_img_1=\u00a0\u00bbhttps:\/\/www.microrex.fr\/wp-content\/uploads\/2018\/12\/bg-ready.png\u00a0\u00bb background_repeat_1=\u00a0\u00bbno-repeat\u00a0\u00bb _builder_version=\u00a0\u00bb3.17.6&Prime;][et_pb_column type=\u00a0\u00bb4_4&Prime; _builder_version=\u00a0\u00bb3.0.47&Prime; bg_img=\u00a0\u00bbhttps:\/\/www.microrex.fr\/wp-content\/uploads\/2018\/12\/bg-ready.png\u00a0\u00bb parallax=\u00a0\u00bboff\u00a0\u00bb parallax_method=\u00a0\u00bbon\u00a0\u00bb background_repeat=\u00a0\u00bbno-repeat\u00a0\u00bb][et_pb_text _builder_version=\u00a0\u00bb3.17.6&Prime; text_font=\u00a0\u00bb||||||||\u00a0\u00bb text_text_color=\u00a0\u00bb#ffffff\u00a0\u00bb text_font_size=\u00a0\u00bb18px\u00a0\u00bb text_letter_spacing=\u00a0\u00bb2px\u00a0\u00bb quote_font=\u00a0\u00bb|600|||||||\u00a0\u00bb]<\/p>\n<p><span style=\"font-size: large;\">\u00a0<\/span><\/p>\n<p><span style=\"font-size: large;\">\u00a0<\/span><\/p>\n<p style=\"text-align: center;\"><span style=\"font-size: large;\"><strong> \u201cL\u2019am\u00e9lioration de votre productivit\u00e9 et de votre comp\u00e9titivit\u00e9 passe par l\u2019automatisation de vos moyens de production\u201d<\/strong><\/span><\/p>\n<p><span style=\"font-size: large;\">\u00a0<\/span><\/p>\n<p><span style=\"font-size: large;\">\u00a0<\/span><\/p>\n<p>[\/et_pb_text][\/et_pb_column][\/et_pb_row][et_pb_row _builder_version=\u00a0\u00bb3.17.6&Prime;][et_pb_column type=\u00a0\u00bb4_4&Prime; _builder_version=\u00a0\u00bb3.0.47&Prime; parallax=\u00a0\u00bboff\u00a0\u00bb parallax_method=\u00a0\u00bbon\u00a0\u00bb][et_pb_text _builder_version=\u00a0\u00bb3.17.6&Prime; text_font=\u00a0\u00bb||||||||\u00a0\u00bb text_font_size=\u00a0\u00bb18px\u00a0\u00bb]<\/p>\n<p style=\"text-align: center;\">DINATEC met \u00e0 disposition tout son savoir-faire dans la fabrication de machines sp\u00e9ciales et plus largement dans la fourniture de solutions ing\u00e9nieuses et compl\u00e8tes pour l\u2019industrie.<\/p>\n<p>[\/et_pb_text][et_pb_button button_url=\u00a0\u00bbhttps:\/\/www.dinatec.fr\/\u00a0\u00bb button_text=\u00a0\u00bbEn savoir plus\u00a0\u00bb button_alignment=\u00a0\u00bbcenter\u00a0\u00bb _builder_version=\u00a0\u00bb3.17.6&Prime;][\/et_pb_button][\/et_pb_column][\/et_pb_row][\/et_pb_section][et_pb_section fb_built=\u00a0\u00bb1&Prime; _builder_version=\u00a0\u00bb3.0.47&Prime;][et_pb_row _builder_version=\u00a0\u00bb3.0.48&Prime; background_size=\u00a0\u00bbinitial\u00a0\u00bb background_position=\u00a0\u00bbtop_left\u00a0\u00bb background_repeat=\u00a0\u00bbrepeat\u00a0\u00bb][et_pb_column type=\u00a0\u00bb4_4&Prime; _builder_version=\u00a0\u00bb3.0.47&Prime; parallax=\u00a0\u00bboff\u00a0\u00bb parallax_method=\u00a0\u00bbon\u00a0\u00bb][et_pb_gallery gallery_ids=\u00a0\u00bb2063,2065,2067,2069,2071,2073,2075,2077,2079,2081,2083,2085,2087,2089,2091,2093,2095&Prime; _builder_version=\u00a0\u00bb3.17.6&Prime;][\/et_pb_gallery][\/et_pb_column][\/et_pb_row][\/et_pb_section]<\/p>\n","protected":false},"excerpt":{"rendered":"<p>&nbsp; IMAGINER CONCEVOIR REALISER &nbsp; &nbsp; Vous souhaitez optimiser le temps de chargement et d\u00e9chargement afin de gagner en productivit\u00e9\u00a0?Suivant votre type de pi\u00e8ces, nous vous proposons nos produits catalogues d\u00e9velopp\u00e9s par Dinatec\u00a0: &#8211; Tr\u00e9mie de distribution d\u2019axes- El\u00e9vateur \u00e0 lame\u00a0 \u00a0 \u00a0 \u00a0 \u00a0 \u00a0 \u00a0 \u00a0 \u00a0 \u00a0 \u00a0\u00a0&#8211; Chargeur num\u00e9ris\u00e9\u00a0 \u00a0 \u00a0 [&hellip;]<\/p>\n","protected":false},"author":1,"featured_media":0,"parent":0,"menu_order":0,"comment_status":"closed","ping_status":"closed","template":"","meta":{"_acf_changed":false,"_et_pb_use_builder":"on","_et_pb_old_content":"","_et_gb_content_width":"","footnotes":""},"acf":[],"yoast_head":"<!-- This site is optimized with the Yoast SEO plugin v22.7 - https:\/\/yoast.com\/wordpress\/plugins\/seo\/ -->\n<title>Nos solutions de contr\u00f4les et chargements - Microrex<\/title>\n<meta name=\"description\" content=\"Microrex accompagne de nombreux clients dans le domaine de la robotisation en concevant, d\u00e9veloppant etimplantant pour eux des solutions flexibles et novatrices\" \/>\n<meta name=\"robots\" content=\"index, follow, max-snippet:-1, max-image-preview:large, max-video-preview:-1\" \/>\n<link rel=\"canonical\" href=\"https:\/\/www.microrex.fr\/fr\/nos-solutions-de-controles-et-chargements\/\" \/>\n<meta property=\"og:locale\" content=\"fr_FR\" \/>\n<meta property=\"og:type\" content=\"article\" \/>\n<meta property=\"og:title\" content=\"Nos solutions de contr\u00f4les et chargements - Microrex\" \/>\n<meta property=\"og:description\" content=\"Microrex accompagne de nombreux clients dans le domaine de la robotisation en concevant, d\u00e9veloppant etimplantant pour eux des solutions flexibles et novatrices\" \/>\n<meta property=\"og:url\" content=\"https:\/\/www.microrex.fr\/fr\/nos-solutions-de-controles-et-chargements\/\" \/>\n<meta property=\"og:site_name\" content=\"Microrex\" \/>\n<meta property=\"article:modified_time\" content=\"2021-10-18T08:41:02+00:00\" \/>\n<meta property=\"og:image\" content=\"https:\/\/www.microrex.fr\/wp-content\/uploads\/2020\/02\/1200x628-microrex.png\" \/>\n\t<meta property=\"og:image:width\" content=\"1200\" \/>\n\t<meta property=\"og:image:height\" content=\"628\" \/>\n\t<meta property=\"og:image:type\" content=\"image\/png\" \/>\n<meta name=\"twitter:card\" content=\"summary_large_image\" \/>\n<meta name=\"twitter:label1\" content=\"Dur\u00e9e de lecture estim\u00e9e\" \/>\n\t<meta name=\"twitter:data1\" content=\"3 minutes\" \/>\n<script type=\"application\/ld+json\" class=\"yoast-schema-graph\">{\"@context\":\"https:\/\/schema.org\",\"@graph\":[{\"@type\":\"WebPage\",\"@id\":\"https:\/\/www.microrex.fr\/fr\/nos-solutions-de-controles-et-chargements\/\",\"url\":\"https:\/\/www.microrex.fr\/fr\/nos-solutions-de-controles-et-chargements\/\",\"name\":\"Nos solutions de contr\u00f4les et chargements - Microrex\",\"isPartOf\":{\"@id\":\"https:\/\/www.microrex.fr\/fr\/#website\"},\"datePublished\":\"2018-12-10T12:47:11+00:00\",\"dateModified\":\"2021-10-18T08:41:02+00:00\",\"description\":\"Microrex accompagne de nombreux clients dans le domaine de la robotisation en concevant, d\u00e9veloppant etimplantant pour eux des solutions flexibles et novatrices\",\"breadcrumb\":{\"@id\":\"https:\/\/www.microrex.fr\/fr\/nos-solutions-de-controles-et-chargements\/#breadcrumb\"},\"inLanguage\":\"fr-FR\",\"potentialAction\":[{\"@type\":\"ReadAction\",\"target\":[\"https:\/\/www.microrex.fr\/fr\/nos-solutions-de-controles-et-chargements\/\"]}]},{\"@type\":\"BreadcrumbList\",\"@id\":\"https:\/\/www.microrex.fr\/fr\/nos-solutions-de-controles-et-chargements\/#breadcrumb\",\"itemListElement\":[{\"@type\":\"ListItem\",\"position\":1,\"name\":\"Accueil\",\"item\":\"https:\/\/www.microrex.fr\/fr\/\"},{\"@type\":\"ListItem\",\"position\":2,\"name\":\"Nos solutions de contr\u00f4les et chargements\"}]},{\"@type\":\"WebSite\",\"@id\":\"https:\/\/www.microrex.fr\/fr\/#website\",\"url\":\"https:\/\/www.microrex.fr\/fr\/\",\"name\":\"Microrex\",\"description\":\"Rectifieuses centerless\",\"publisher\":{\"@id\":\"https:\/\/www.microrex.fr\/fr\/#organization\"},\"potentialAction\":[{\"@type\":\"SearchAction\",\"target\":{\"@type\":\"EntryPoint\",\"urlTemplate\":\"https:\/\/www.microrex.fr\/fr\/?s={search_term_string}\"},\"query-input\":\"required name=search_term_string\"}],\"inLanguage\":\"fr-FR\"},{\"@type\":\"Organization\",\"@id\":\"https:\/\/www.microrex.fr\/fr\/#organization\",\"name\":\"Microrex\",\"url\":\"https:\/\/www.microrex.fr\/fr\/\",\"logo\":{\"@type\":\"ImageObject\",\"inLanguage\":\"fr-FR\",\"@id\":\"https:\/\/www.microrex.fr\/fr\/#\/schema\/logo\/image\/\",\"url\":\"https:\/\/www.microrex.fr\/wp-content\/uploads\/2019\/03\/microrex_logo_150x45.png\",\"contentUrl\":\"https:\/\/www.microrex.fr\/wp-content\/uploads\/2019\/03\/microrex_logo_150x45.png\",\"width\":150,\"height\":45,\"caption\":\"Microrex\"},\"image\":{\"@id\":\"https:\/\/www.microrex.fr\/fr\/#\/schema\/logo\/image\/\"}}]}<\/script>\n<!-- \/ Yoast SEO plugin. -->","yoast_head_json":{"title":"Nos solutions de contr\u00f4les et chargements - Microrex","description":"Microrex accompagne de nombreux clients dans le domaine de la robotisation en concevant, d\u00e9veloppant etimplantant pour eux des solutions flexibles et novatrices","robots":{"index":"index","follow":"follow","max-snippet":"max-snippet:-1","max-image-preview":"max-image-preview:large","max-video-preview":"max-video-preview:-1"},"canonical":"https:\/\/www.microrex.fr\/fr\/nos-solutions-de-controles-et-chargements\/","og_locale":"fr_FR","og_type":"article","og_title":"Nos solutions de contr\u00f4les et chargements - Microrex","og_description":"Microrex accompagne de nombreux clients dans le domaine de la robotisation en concevant, d\u00e9veloppant etimplantant pour eux des solutions flexibles et novatrices","og_url":"https:\/\/www.microrex.fr\/fr\/nos-solutions-de-controles-et-chargements\/","og_site_name":"Microrex","article_modified_time":"2021-10-18T08:41:02+00:00","og_image":[{"width":1200,"height":628,"url":"https:\/\/www.microrex.fr\/wp-content\/uploads\/2020\/02\/1200x628-microrex.png","type":"image\/png"}],"twitter_card":"summary_large_image","twitter_misc":{"Dur\u00e9e de lecture estim\u00e9e":"3 minutes"},"schema":{"@context":"https:\/\/schema.org","@graph":[{"@type":"WebPage","@id":"https:\/\/www.microrex.fr\/fr\/nos-solutions-de-controles-et-chargements\/","url":"https:\/\/www.microrex.fr\/fr\/nos-solutions-de-controles-et-chargements\/","name":"Nos solutions de contr\u00f4les et chargements - Microrex","isPartOf":{"@id":"https:\/\/www.microrex.fr\/fr\/#website"},"datePublished":"2018-12-10T12:47:11+00:00","dateModified":"2021-10-18T08:41:02+00:00","description":"Microrex accompagne de nombreux clients dans le domaine de la robotisation en concevant, d\u00e9veloppant etimplantant pour eux des solutions flexibles et novatrices","breadcrumb":{"@id":"https:\/\/www.microrex.fr\/fr\/nos-solutions-de-controles-et-chargements\/#breadcrumb"},"inLanguage":"fr-FR","potentialAction":[{"@type":"ReadAction","target":["https:\/\/www.microrex.fr\/fr\/nos-solutions-de-controles-et-chargements\/"]}]},{"@type":"BreadcrumbList","@id":"https:\/\/www.microrex.fr\/fr\/nos-solutions-de-controles-et-chargements\/#breadcrumb","itemListElement":[{"@type":"ListItem","position":1,"name":"Accueil","item":"https:\/\/www.microrex.fr\/fr\/"},{"@type":"ListItem","position":2,"name":"Nos solutions de contr\u00f4les et chargements"}]},{"@type":"WebSite","@id":"https:\/\/www.microrex.fr\/fr\/#website","url":"https:\/\/www.microrex.fr\/fr\/","name":"Microrex","description":"Rectifieuses centerless","publisher":{"@id":"https:\/\/www.microrex.fr\/fr\/#organization"},"potentialAction":[{"@type":"SearchAction","target":{"@type":"EntryPoint","urlTemplate":"https:\/\/www.microrex.fr\/fr\/?s={search_term_string}"},"query-input":"required name=search_term_string"}],"inLanguage":"fr-FR"},{"@type":"Organization","@id":"https:\/\/www.microrex.fr\/fr\/#organization","name":"Microrex","url":"https:\/\/www.microrex.fr\/fr\/","logo":{"@type":"ImageObject","inLanguage":"fr-FR","@id":"https:\/\/www.microrex.fr\/fr\/#\/schema\/logo\/image\/","url":"https:\/\/www.microrex.fr\/wp-content\/uploads\/2019\/03\/microrex_logo_150x45.png","contentUrl":"https:\/\/www.microrex.fr\/wp-content\/uploads\/2019\/03\/microrex_logo_150x45.png","width":150,"height":45,"caption":"Microrex"},"image":{"@id":"https:\/\/www.microrex.fr\/fr\/#\/schema\/logo\/image\/"}}]}},"_links":{"self":[{"href":"https:\/\/www.microrex.fr\/fr\/wp-json\/wp\/v2\/pages\/116"}],"collection":[{"href":"https:\/\/www.microrex.fr\/fr\/wp-json\/wp\/v2\/pages"}],"about":[{"href":"https:\/\/www.microrex.fr\/fr\/wp-json\/wp\/v2\/types\/page"}],"author":[{"embeddable":true,"href":"https:\/\/www.microrex.fr\/fr\/wp-json\/wp\/v2\/users\/1"}],"replies":[{"embeddable":true,"href":"https:\/\/www.microrex.fr\/fr\/wp-json\/wp\/v2\/comments?post=116"}],"version-history":[{"count":45,"href":"https:\/\/www.microrex.fr\/fr\/wp-json\/wp\/v2\/pages\/116\/revisions"}],"predecessor-version":[{"id":2799,"href":"https:\/\/www.microrex.fr\/fr\/wp-json\/wp\/v2\/pages\/116\/revisions\/2799"}],"wp:attachment":[{"href":"https:\/\/www.microrex.fr\/fr\/wp-json\/wp\/v2\/media?parent=116"}],"curies":[{"name":"wp","href":"https:\/\/api.w.org\/{rel}","templated":true}]}}