{"id":114,"date":"2018-12-10T13:46:52","date_gmt":"2018-12-10T12:46:52","guid":{"rendered":"https:\/\/www.microrex.fr\/?page_id=114"},"modified":"2020-04-01T18:21:44","modified_gmt":"2020-04-01T16:21:44","slug":"nos-machines-neuves","status":"publish","type":"page","link":"https:\/\/www.microrex.fr\/fr\/nos-machines-neuves\/","title":{"rendered":"Nos Machines Neuves"},"content":{"rendered":"<p>[et_pb_section fb_built=\u00a0\u00bb1&Prime; _builder_version=\u00a0\u00bb3.17.6&Prime;][et_pb_row _builder_version=\u00a0\u00bb3.17.6&Prime;][et_pb_column type=\u00a0\u00bb4_4&Prime; _builder_version=\u00a0\u00bb3.0.47&Prime; parallax=\u00a0\u00bboff\u00a0\u00bb parallax_method=\u00a0\u00bbon\u00a0\u00bb][et_pb_post_title meta=\u00a0\u00bboff\u00a0\u00bb featured_image=\u00a0\u00bboff\u00a0\u00bb _builder_version=\u00a0\u00bb3.17.6&Prime; title_font=\u00a0\u00bb||||||||\u00a0\u00bb title_font_size=\u00a0\u00bb48px\u00a0\u00bb text_orientation=\u00a0\u00bbcenter\u00a0\u00bb custom_css_post_title=\u00a0\u00bbtext-transform: uppercase\u00a0\u00bb][\/et_pb_post_title][\/et_pb_column][\/et_pb_row][et_pb_row _builder_version=\u00a0\u00bb3.17.6&Prime; background_size=\u00a0\u00bbinitial\u00a0\u00bb background_position=\u00a0\u00bbtop_left\u00a0\u00bb background_repeat=\u00a0\u00bbrepeat\u00a0\u00bb][et_pb_column type=\u00a0\u00bb4_4&Prime; _builder_version=\u00a0\u00bb3.0.47&Prime; parallax=\u00a0\u00bboff\u00a0\u00bb parallax_method=\u00a0\u00bbon\u00a0\u00bb][et_pb_text _builder_version=\u00a0\u00bb3.17.6&Prime; text_font=\u00a0\u00bb|600|||||||\u00a0\u00bb text_text_color=\u00a0\u00bb#353a95&Prime; text_font_size=\u00a0\u00bb17px\u00a0\u00bb header_font=\u00a0\u00bb||||||||\u00a0\u00bb header_3_font=\u00a0\u00bbRusso One||||||||\u00a0\u00bb header_3_text_color=\u00a0\u00bb#353a95&Prime; header_3_font_size=\u00a0\u00bb27px\u00a0\u00bb header_3_letter_spacing=\u00a0\u00bb3px\u00a0\u00bb header_4_font=\u00a0\u00bbRusso One||||||||\u00a0\u00bb header_4_text_color=\u00a0\u00bb#ffffff\u00a0\u00bb header_4_font_size=\u00a0\u00bb24px\u00a0\u00bb header_4_letter_spacing=\u00a0\u00bb3px\u00a0\u00bb background_image=\u00a0\u00bbhttps:\/\/www.microrex.fr\/wp-content\/uploads\/2020\/03\/Photo-haut-de-page-Nos-machines-neuves-e1585755800118.jpg\u00a0\u00bb background_layout=\u00a0\u00bbdark\u00a0\u00bb inline_fonts=\u00a0\u00bbLato\u00a0\u00bb]<\/p>\n<h4><\/h4>\n<p>&nbsp;<\/p>\n<h4 style=\"text-align: center;\"><strong><span style=\"font-family: Lato; color: #333399;\">PRECISION<\/span><\/strong><\/h4>\n<h3 style=\"text-align: center;\"><strong><span style=\"font-family: Lato; color: #000000;\">ROBUSTESSE<\/span><\/strong><\/h3>\n<h4 style=\"text-align: center;\"><strong><span style=\"font-family: Lato; color: #333399;\">REPETABILITE<\/span><\/strong><\/h4>\n<h4 style=\"text-align: center;\"><\/h4>\n<p>&nbsp;<\/p>\n<p>[\/et_pb_text][et_pb_text _builder_version=\u00a0\u00bb3.17.6&Prime; text_font=\u00a0\u00bb||||||||\u00a0\u00bb text_font_size=\u00a0\u00bb19px\u00a0\u00bb header_font=\u00a0\u00bb||||||||\u00a0\u00bb header_text_align=\u00a0\u00bbleft\u00a0\u00bb]<\/p>\n<p>DINATEC est <strong>le fabricant fran\u00e7ais des rectifieuses centerless neuves de la marque MICROREX dans les gammes type 0, 1H, 2H, 2L.<\/strong><\/p>\n<p> <strong>Nous avons d\u00e9velopp\u00e9 une nouvelle g\u00e9n\u00e9ration de machines<\/strong> d\u00e9di\u00e9es aux process enfilade et plong\u00e9e comportant de nombreuses \u00e9volutions.<\/p>\n<p> En effet, ces nouvelles machines poss\u00e8dent d\u00e9sormais des bases pivotantes ainsi <strong>qu\u2019un guidage renforc\u00e9 de l\u2019\u00e9querre support de broche et meule de r\u00e9gulation.<\/strong><\/p>\n<p> <strong>Tous types de diamantage peuvent \u00eatre adapt\u00e9s<\/strong> en fonction du process recherch\u00e9 : \u00e9lectrique, num\u00e9ris\u00e9, par diamant concr\u00e9tion ou aiguilles, molette disque ou molette de forme.<\/p>\n<p> <strong>L\u2019armoire \u00e9lectrique d\u00e9port\u00e9e<\/strong> offre diff\u00e9rentes possibilit\u00e9s d\u2019implantation dans vos ateliers.<\/p>\n<p> <strong>Nos machines neuves sont pilot\u00e9es soit par automate, soit par commande num\u00e9rique Siemens ou Fanuc<\/strong> suivant les applications.<\/p>\n<p> Nos rectifieuses centerless sont \u00e9quip\u00e9es <strong>d\u2019une cart\u00e9risation \u00e9tanche pouvant int\u00e9grer la protection incendie, le raccordement \u00e0 un syst\u00e8me de filtration des brouillards et un dispositif de brumisation.<\/strong><\/p>\n<p> Toutes nos machines sont livr\u00e9es en <strong>conformit\u00e9 CE<\/strong> et avec <strong>une garantie de 12 mois.<\/strong><\/p>\n<p>[\/et_pb_text][et_pb_cta _builder_version=\u00a0\u00bb3.17.6&Prime; use_background_color=\u00a0\u00bboff\u00a0\u00bb]<\/p>\n<p>\n<a href=\"https:\/\/www.microrex.fr\/wp-content\/uploads\/2020\/02\/Tableau-cara-tech-Gamme-Microrex-Feuil1.pdf\" target=\"blank\">Retrouvez le tableau des caract\u00e9ristiques techniques de nos rectifieuses centerless<\/a><\/p>\n<p>[\/et_pb_cta][\/et_pb_column][\/et_pb_row][et_pb_row use_custom_gutter=\u00a0\u00bbon\u00a0\u00bb gutter_width=\u00a0\u00bb1&Prime; bg_img_1=\u00a0\u00bbhttps:\/\/www.microrex.fr\/wp-content\/uploads\/2018\/12\/bg-ready.png\u00a0\u00bb background_repeat_1=\u00a0\u00bbno-repeat\u00a0\u00bb _builder_version=\u00a0\u00bb3.17.6&Prime;][et_pb_column type=\u00a0\u00bb4_4&Prime; _builder_version=\u00a0\u00bb3.0.47&Prime; bg_img=\u00a0\u00bbhttps:\/\/www.microrex.fr\/wp-content\/uploads\/2018\/12\/bg-ready.png\u00a0\u00bb parallax=\u00a0\u00bboff\u00a0\u00bb parallax_method=\u00a0\u00bbon\u00a0\u00bb background_repeat=\u00a0\u00bbno-repeat\u00a0\u00bb][et_pb_text _builder_version=\u00a0\u00bb3.17.6&Prime; text_font=\u00a0\u00bb||||||||\u00a0\u00bb text_text_color=\u00a0\u00bb#ffffff\u00a0\u00bb text_font_size=\u00a0\u00bb18px\u00a0\u00bb text_letter_spacing=\u00a0\u00bb2px\u00a0\u00bb quote_font=\u00a0\u00bb|600|||||||\u00a0\u00bb]<\/p>\n<p>&nbsp;<\/p>\n<p>&nbsp;<\/p>\n<p style=\"text-align: center;\"><span style=\"font-size: x-large;\"><strong> \u201cGardez le contr\u00f4le de vos moyens de production et ajustez vos besoins\u201d<\/strong><\/span><\/p>\n<p>&nbsp;<\/p>\n<p>&nbsp;<\/p>\n<p>[\/et_pb_text][\/et_pb_column][\/et_pb_row][et_pb_row _builder_version=\u00a0\u00bb3.17.6&Prime;][et_pb_column type=\u00a0\u00bb1_2&Prime; _builder_version=\u00a0\u00bb3.0.47&Prime; parallax=\u00a0\u00bboff\u00a0\u00bb parallax_method=\u00a0\u00bbon\u00a0\u00bb][et_pb_text _builder_version=\u00a0\u00bb3.17.6&Prime; text_font=\u00a0\u00bb||||||||\u00a0\u00bb text_font_size=\u00a0\u00bb19px\u00a0\u00bb]<\/p>\n<p><span style=\"text-decoration: underline;\"><strong>Nos rectifieuses centerless sont \u00e9quip\u00e9es sp\u00e9cifiquement suivant vos configurations\u00a0<\/strong><\/span><strong><span style=\"text-decoration: underline;\">souhait\u00e9es en mode plong\u00e9e ou enfilade\u00a0:<\/span><\/strong><\/p>\n<ul>\n<li>D\u00e9placement motoris\u00e9 pour le profilage de la meule de travail et de la meule de r\u00e9gulation<\/li>\n<li>Vitesse variable de la meule de travail et de la meule de r\u00e9gulation<\/li>\n<li>Vitesse p\u00e9riph\u00e9rique constante de la meule de travail<\/li>\n<li>Plong\u00e9e \u00e0 commande manuelle<\/li>\n<li>Compensation automatique d\u2019usure de meule<\/li>\n<li>Diamantage par molette disque<\/li>\n<li>Correction de c\u00f4te en liaison avec le syst\u00e8me de contr\u00f4le pi\u00e8ce<\/li>\n<li>T\u00e9l\u00e9maintenance<\/li>\n<\/ul>\n<p>[\/et_pb_text][\/et_pb_column][et_pb_column type=\u00a0\u00bb1_2&Prime; _builder_version=\u00a0\u00bb3.0.47&Prime; parallax=\u00a0\u00bboff\u00a0\u00bb parallax_method=\u00a0\u00bbon\u00a0\u00bb][et_pb_text _builder_version=\u00a0\u00bb3.17.6&Prime; text_font=\u00a0\u00bb||||||||\u00a0\u00bb text_font_size=\u00a0\u00bb19px\u00a0\u00bb]<\/p>\n<p><span style=\"text-decoration: underline;\"><strong>En mode uniquement plong\u00e9e, nous pouvons proposer les \u00e9quipements suivants\u00a0:<\/strong><\/span><\/p>\n<ul>\n<li>Plong\u00e9e \u00e0 commande num\u00e9rique 1 axe<\/li>\n<li>Diamantage \u00e0 commande num\u00e9rique 2 axes<\/li>\n<li>Diamantage flanc de meule<\/li>\n<li>Diamantage par molette de forme<\/li>\n<li>Double chariot d\u2019\u00e9vacuation<\/li>\n<li>Support de r\u00e8gle sp\u00e9cifique pour rectification par 2 pi\u00e8ces<\/li>\n<\/ul>\n<p>[\/et_pb_text][\/et_pb_column][\/et_pb_row][et_pb_row _builder_version=\u00a0\u00bb3.17.6&Prime;][et_pb_column type=\u00a0\u00bb4_4&Prime; _builder_version=\u00a0\u00bb3.0.47&Prime; parallax=\u00a0\u00bboff\u00a0\u00bb parallax_method=\u00a0\u00bbon\u00a0\u00bb][et_pb_text _builder_version=\u00a0\u00bb3.17.6&Prime; text_font=\u00a0\u00bb||||||||\u00a0\u00bb text_font_size=\u00a0\u00bb19px\u00a0\u00bb header_font=\u00a0\u00bb||||||||\u00a0\u00bb]<\/p>\n<p style=\"text-align: center;\"><strong>Nous pouvons vous proposer des contrats de maintenance pr\u00e9ventive<\/strong> p\u00e9riodique adapt\u00e9 \u00e0<br \/> votre besoin. <strong>Nous intervenons aussi en maintenance curative<\/strong> en profitant de <strong>notre stock<\/strong><br \/><strong> de pi\u00e8ces de rechange<\/strong> pour vous d\u00e9panner rapidement.<\/p>\n<p>[\/et_pb_text][\/et_pb_column][\/et_pb_row][\/et_pb_section][et_pb_section fb_built=\u00a0\u00bb1&Prime; _builder_version=\u00a0\u00bb3.0.47&Prime;][et_pb_row use_custom_width=\u00a0\u00bbon\u00a0\u00bb width_unit=\u00a0\u00bboff\u00a0\u00bb use_custom_gutter=\u00a0\u00bbon\u00a0\u00bb gutter_width=\u00a0\u00bb2&Prime; _builder_version=\u00a0\u00bb3.17.6&Prime;][et_pb_column type=\u00a0\u00bb4_4&Prime; _builder_version=\u00a0\u00bb3.0.47&Prime; parallax=\u00a0\u00bboff\u00a0\u00bb parallax_method=\u00a0\u00bbon\u00a0\u00bb][et_pb_gallery gallery_ids=\u00a0\u00bb1897,2214,1890,2212&Prime; _builder_version=\u00a0\u00bb3.17.6&Prime;][\/et_pb_gallery][\/et_pb_column][\/et_pb_row][\/et_pb_section]<\/p>\n","protected":false},"excerpt":{"rendered":"<p>&nbsp; PRECISION ROBUSTESSE REPETABILITE &nbsp; DINATEC est le fabricant fran\u00e7ais des rectifieuses centerless neuves de la marque MICROREX dans les gammes type 0, 1H, 2H, 2L. Nous avons d\u00e9velopp\u00e9 une nouvelle g\u00e9n\u00e9ration de machines d\u00e9di\u00e9es aux process enfilade et plong\u00e9e comportant de nombreuses \u00e9volutions. En effet, ces nouvelles machines poss\u00e8dent d\u00e9sormais des bases pivotantes ainsi [&hellip;]<\/p>\n","protected":false},"author":1,"featured_media":0,"parent":0,"menu_order":0,"comment_status":"closed","ping_status":"closed","template":"","meta":{"_acf_changed":false,"_et_pb_use_builder":"on","_et_pb_old_content":"","_et_gb_content_width":"","footnotes":""},"acf":[],"yoast_head":"<!-- This site is optimized with the Yoast SEO plugin v22.7 - https:\/\/yoast.com\/wordpress\/plugins\/seo\/ -->\n<title>Nos Machines Neuves - Microrex<\/title>\n<meta name=\"description\" content=\"Nous concevons des interfaces intuitives, efficaces et p\u00e9rennes pour votre activit\u00e9.\" \/>\n<meta name=\"robots\" content=\"index, follow, max-snippet:-1, max-image-preview:large, max-video-preview:-1\" \/>\n<link rel=\"canonical\" href=\"https:\/\/www.microrex.fr\/fr\/nos-machines-neuves\/\" \/>\n<meta property=\"og:locale\" content=\"fr_FR\" \/>\n<meta property=\"og:type\" content=\"article\" \/>\n<meta property=\"og:title\" content=\"Nos Machines Neuves - Microrex\" \/>\n<meta property=\"og:description\" content=\"Nous concevons des interfaces intuitives, efficaces et p\u00e9rennes pour votre activit\u00e9.\" \/>\n<meta property=\"og:url\" content=\"https:\/\/www.microrex.fr\/fr\/nos-machines-neuves\/\" \/>\n<meta property=\"og:site_name\" content=\"Microrex\" \/>\n<meta property=\"article:modified_time\" content=\"2020-04-01T16:21:44+00:00\" \/>\n<meta property=\"og:image\" content=\"https:\/\/www.microrex.fr\/wp-content\/uploads\/2020\/02\/1200x628-microrex.png\" \/>\n\t<meta property=\"og:image:width\" content=\"1200\" \/>\n\t<meta property=\"og:image:height\" content=\"628\" \/>\n\t<meta property=\"og:image:type\" content=\"image\/png\" \/>\n<meta name=\"twitter:card\" content=\"summary_large_image\" \/>\n<meta name=\"twitter:label1\" content=\"Dur\u00e9e de lecture estim\u00e9e\" \/>\n\t<meta name=\"twitter:data1\" content=\"4 minutes\" \/>\n<script type=\"application\/ld+json\" class=\"yoast-schema-graph\">{\"@context\":\"https:\/\/schema.org\",\"@graph\":[{\"@type\":\"WebPage\",\"@id\":\"https:\/\/www.microrex.fr\/fr\/nos-machines-neuves\/\",\"url\":\"https:\/\/www.microrex.fr\/fr\/nos-machines-neuves\/\",\"name\":\"Nos Machines Neuves - Microrex\",\"isPartOf\":{\"@id\":\"https:\/\/www.microrex.fr\/fr\/#website\"},\"datePublished\":\"2018-12-10T12:46:52+00:00\",\"dateModified\":\"2020-04-01T16:21:44+00:00\",\"description\":\"Nous concevons des interfaces intuitives, efficaces et p\u00e9rennes pour votre activit\u00e9.\",\"breadcrumb\":{\"@id\":\"https:\/\/www.microrex.fr\/fr\/nos-machines-neuves\/#breadcrumb\"},\"inLanguage\":\"fr-FR\",\"potentialAction\":[{\"@type\":\"ReadAction\",\"target\":[\"https:\/\/www.microrex.fr\/fr\/nos-machines-neuves\/\"]}]},{\"@type\":\"BreadcrumbList\",\"@id\":\"https:\/\/www.microrex.fr\/fr\/nos-machines-neuves\/#breadcrumb\",\"itemListElement\":[{\"@type\":\"ListItem\",\"position\":1,\"name\":\"Accueil\",\"item\":\"https:\/\/www.microrex.fr\/fr\/\"},{\"@type\":\"ListItem\",\"position\":2,\"name\":\"Nos Machines Neuves\"}]},{\"@type\":\"WebSite\",\"@id\":\"https:\/\/www.microrex.fr\/fr\/#website\",\"url\":\"https:\/\/www.microrex.fr\/fr\/\",\"name\":\"Microrex\",\"description\":\"Rectifieuses centerless\",\"publisher\":{\"@id\":\"https:\/\/www.microrex.fr\/fr\/#organization\"},\"potentialAction\":[{\"@type\":\"SearchAction\",\"target\":{\"@type\":\"EntryPoint\",\"urlTemplate\":\"https:\/\/www.microrex.fr\/fr\/?s={search_term_string}\"},\"query-input\":\"required name=search_term_string\"}],\"inLanguage\":\"fr-FR\"},{\"@type\":\"Organization\",\"@id\":\"https:\/\/www.microrex.fr\/fr\/#organization\",\"name\":\"Microrex\",\"url\":\"https:\/\/www.microrex.fr\/fr\/\",\"logo\":{\"@type\":\"ImageObject\",\"inLanguage\":\"fr-FR\",\"@id\":\"https:\/\/www.microrex.fr\/fr\/#\/schema\/logo\/image\/\",\"url\":\"https:\/\/www.microrex.fr\/wp-content\/uploads\/2019\/03\/microrex_logo_150x45.png\",\"contentUrl\":\"https:\/\/www.microrex.fr\/wp-content\/uploads\/2019\/03\/microrex_logo_150x45.png\",\"width\":150,\"height\":45,\"caption\":\"Microrex\"},\"image\":{\"@id\":\"https:\/\/www.microrex.fr\/fr\/#\/schema\/logo\/image\/\"}}]}<\/script>\n<!-- \/ Yoast SEO plugin. -->","yoast_head_json":{"title":"Nos Machines Neuves - Microrex","description":"Nous concevons des interfaces intuitives, efficaces et p\u00e9rennes pour votre activit\u00e9.","robots":{"index":"index","follow":"follow","max-snippet":"max-snippet:-1","max-image-preview":"max-image-preview:large","max-video-preview":"max-video-preview:-1"},"canonical":"https:\/\/www.microrex.fr\/fr\/nos-machines-neuves\/","og_locale":"fr_FR","og_type":"article","og_title":"Nos Machines Neuves - Microrex","og_description":"Nous concevons des interfaces intuitives, efficaces et p\u00e9rennes pour votre activit\u00e9.","og_url":"https:\/\/www.microrex.fr\/fr\/nos-machines-neuves\/","og_site_name":"Microrex","article_modified_time":"2020-04-01T16:21:44+00:00","og_image":[{"width":1200,"height":628,"url":"https:\/\/www.microrex.fr\/wp-content\/uploads\/2020\/02\/1200x628-microrex.png","type":"image\/png"}],"twitter_card":"summary_large_image","twitter_misc":{"Dur\u00e9e de lecture estim\u00e9e":"4 minutes"},"schema":{"@context":"https:\/\/schema.org","@graph":[{"@type":"WebPage","@id":"https:\/\/www.microrex.fr\/fr\/nos-machines-neuves\/","url":"https:\/\/www.microrex.fr\/fr\/nos-machines-neuves\/","name":"Nos Machines Neuves - Microrex","isPartOf":{"@id":"https:\/\/www.microrex.fr\/fr\/#website"},"datePublished":"2018-12-10T12:46:52+00:00","dateModified":"2020-04-01T16:21:44+00:00","description":"Nous concevons des interfaces intuitives, efficaces et p\u00e9rennes pour votre activit\u00e9.","breadcrumb":{"@id":"https:\/\/www.microrex.fr\/fr\/nos-machines-neuves\/#breadcrumb"},"inLanguage":"fr-FR","potentialAction":[{"@type":"ReadAction","target":["https:\/\/www.microrex.fr\/fr\/nos-machines-neuves\/"]}]},{"@type":"BreadcrumbList","@id":"https:\/\/www.microrex.fr\/fr\/nos-machines-neuves\/#breadcrumb","itemListElement":[{"@type":"ListItem","position":1,"name":"Accueil","item":"https:\/\/www.microrex.fr\/fr\/"},{"@type":"ListItem","position":2,"name":"Nos Machines Neuves"}]},{"@type":"WebSite","@id":"https:\/\/www.microrex.fr\/fr\/#website","url":"https:\/\/www.microrex.fr\/fr\/","name":"Microrex","description":"Rectifieuses centerless","publisher":{"@id":"https:\/\/www.microrex.fr\/fr\/#organization"},"potentialAction":[{"@type":"SearchAction","target":{"@type":"EntryPoint","urlTemplate":"https:\/\/www.microrex.fr\/fr\/?s={search_term_string}"},"query-input":"required name=search_term_string"}],"inLanguage":"fr-FR"},{"@type":"Organization","@id":"https:\/\/www.microrex.fr\/fr\/#organization","name":"Microrex","url":"https:\/\/www.microrex.fr\/fr\/","logo":{"@type":"ImageObject","inLanguage":"fr-FR","@id":"https:\/\/www.microrex.fr\/fr\/#\/schema\/logo\/image\/","url":"https:\/\/www.microrex.fr\/wp-content\/uploads\/2019\/03\/microrex_logo_150x45.png","contentUrl":"https:\/\/www.microrex.fr\/wp-content\/uploads\/2019\/03\/microrex_logo_150x45.png","width":150,"height":45,"caption":"Microrex"},"image":{"@id":"https:\/\/www.microrex.fr\/fr\/#\/schema\/logo\/image\/"}}]}},"_links":{"self":[{"href":"https:\/\/www.microrex.fr\/fr\/wp-json\/wp\/v2\/pages\/114"}],"collection":[{"href":"https:\/\/www.microrex.fr\/fr\/wp-json\/wp\/v2\/pages"}],"about":[{"href":"https:\/\/www.microrex.fr\/fr\/wp-json\/wp\/v2\/types\/page"}],"author":[{"embeddable":true,"href":"https:\/\/www.microrex.fr\/fr\/wp-json\/wp\/v2\/users\/1"}],"replies":[{"embeddable":true,"href":"https:\/\/www.microrex.fr\/fr\/wp-json\/wp\/v2\/comments?post=114"}],"version-history":[{"count":75,"href":"https:\/\/www.microrex.fr\/fr\/wp-json\/wp\/v2\/pages\/114\/revisions"}],"predecessor-version":[{"id":2580,"href":"https:\/\/www.microrex.fr\/fr\/wp-json\/wp\/v2\/pages\/114\/revisions\/2580"}],"wp:attachment":[{"href":"https:\/\/www.microrex.fr\/fr\/wp-json\/wp\/v2\/media?parent=114"}],"curies":[{"name":"wp","href":"https:\/\/api.w.org\/{rel}","templated":true}]}}