{"id":1398,"date":"2018-12-10T13:47:22","date_gmt":"2018-12-10T12:47:22","guid":{"rendered":"https:\/\/www.microrex.fr\/?page_id=1398"},"modified":"2020-04-02T15:03:29","modified_gmt":"2020-04-02T13:03:29","slug":"ausruestungsmoeglichkeiten-unsere-maschinen","status":"publish","type":"page","link":"https:\/\/www.microrex.fr\/de\/ausruestungsmoeglichkeiten-unsere-maschinen\/","title":{"rendered":"UNSERE MASCHIENENAUSR\u00dcSTUNG"},"content":{"rendered":"<p>[et_pb_section bb_built=&#8221;1&#8243; _builder_version=&#8221;3.17.6&#8243; next_background_color=&#8221;#000000&#8243;][et_pb_row _builder_version=&#8221;3.17.6&#8243;][et_pb_column type=&#8221;4_4&#8243;][et_pb_post_title meta=&#8221;off&#8221; featured_image=&#8221;off&#8221; _builder_version=&#8221;3.17.6&#8243; title_font=&#8221;||||||||&#8221; title_font_size=&#8221;48px&#8221; text_orientation=&#8221;center&#8221; custom_css_post_title=&#8221;text-transform: uppercase&#8221;]<\/p>\n<p><\/p>\n<p>[\/et_pb_post_title][\/et_pb_column][\/et_pb_row][et_pb_row _builder_version=&#8221;3.0.48&#8243; background_size=&#8221;initial&#8221; background_position=&#8221;top_left&#8221; background_repeat=&#8221;repeat&#8221;][et_pb_column type=&#8221;4_4&#8243;][et_pb_text _builder_version=&#8221;3.17.6&#8243; text_font=&#8221;|600|||||||&#8221; text_text_color=&#8221;#ffffff&#8221; text_font_size=&#8221;17px&#8221; header_3_font=&#8221;Russo One||||||||&#8221; header_3_text_color=&#8221;#353a95&#8243; header_3_font_size=&#8221;27px&#8221; header_3_letter_spacing=&#8221;3px&#8221; header_4_font=&#8221;Russo One||||||||&#8221; header_4_text_color=&#8221;#ffffff&#8221; header_4_font_size=&#8221;24px&#8221; header_4_letter_spacing=&#8221;3px&#8221; background_image=&#8221;https:\/\/www.microrex.fr\/wp-content\/uploads\/2020\/03\/Photo-haut-de-page-arri\u00e8re-plan-3-mots-cl\u00e9s.jpg&#8221; background_position=&#8221;center_left&#8221; inline_fonts=&#8221;Lato&#8221;]<\/p>\n<h4><\/h4>\n<p>&nbsp;<\/p>\n<p>&nbsp;<\/p>\n<h4 style=\"text-align: center;\"><span style=\"font-family: Lato; color: #333399;\"><strong>PERSONALISIERUNG<\/strong><\/span><\/h4>\n<h3 style=\"text-align: center;\"><span style=\"font-family: Lato; color: #000000;\"><strong>OPTIMATION<\/strong><\/span><\/h3>\n<h4 style=\"text-align: center;\"><span style=\"font-family: Lato; color: #333399;\"><strong>VERBESSERUNG<\/strong><\/span><\/h4>\n<h4 style=\"text-align: center;\"><\/h4>\n<p>&nbsp;<\/p>\n<p>&nbsp;<\/p>\n<p>[\/et_pb_text][et_pb_text _builder_version=&#8221;3.17.6&#8243; text_font_size=&#8221;19px&#8221; custom_margin=&#8221;-10px||-40px&#8221;]<\/p>\n<p>Entsprechend der Form Ihrer Werkst\u00fccke und der gew\u00fcnschten Art der Produktion derselben unterbreiten wir Ihnen spezifische Vorschl\u00e4ge mit dem Ziel, die Kapazit\u00e4t der Maschine optimal zu nutzen.<\/p>\n<p>[\/et_pb_text][\/et_pb_column][\/et_pb_row][et_pb_row _builder_version=&#8221;3.17.6&#8243;][et_pb_column type=&#8221;1_2&#8243;][et_pb_text _builder_version=&#8221;3.17.6&#8243; text_font=&#8221;||||||||&#8221; text_font_size=&#8221;19px&#8221;]<\/p>\n<p>\n<span style=\"text-decoration: underline;\"><strong>Einstechschleifen :<\/strong><\/span><\/p>\n<ul>\n<li>Konventionell<\/li>\n<li>CNC-Einstechschleifvorrichtung<\/li>\n<\/ul>\n<p><span style=\"text-decoration: underline;\"><strong>Durchlaufschleifen :<\/strong><\/span><\/p>\n<ul>\n<li>Standardausf\u00fchrung: Linealsupport auf Hauptschlitten<\/li>\n<li>F\u00fcr lange Werkst\u00fccke und Stangen: Fixer Linealsupport<\/li>\n<\/ul>\n<p><span style=\"text-decoration: underline;\"><strong>Schleifscheiben :<\/strong><\/span><\/p>\n<ul>\n<li>Korundscheiben<\/li>\n<li>Diamantscheiben<\/li>\n<li>CBN-Scheiben<\/li>\n<li>Halbautomatisches Auswuchten<\/li>\n<li>Dynamisches Auswuchten<\/li>\n<\/ul>\n<p><span style=\"text-decoration: underline;\"><strong>Regelscheiben :<\/strong><\/span><\/p>\n<ul>\n<li>Gummigebunden<\/li>\n<li>Vulkanisierte Rollen (f\u00fcr Sonderaufgaben)<\/li>\n<li>mit Kerbe (Fertigschleifen mit einer Umdrehung der Regelscheibe)<\/li>\n<\/ul>\n<p>[\/et_pb_text][\/et_pb_column][et_pb_column type=&#8221;1_2&#8243;][et_pb_text _builder_version=&#8221;3.17.6&#8243; text_font=&#8221;||||||||&#8221; text_font_size=&#8221;19px&#8221;]<\/p>\n<p>\u00a0<strong style=\"font-size: 19px;\"><span style=\"text-decoration-line: underline;\">Auflagelineale\u00a0:<\/span><\/strong><\/p>\n<ul>\n<li>Hartmetallbest\u00fcckt<\/li>\n<li>Andere Beschichtungen oder Legierungen<\/li>\n<li>Hydraulisches Klemmen vom Lineal<\/li>\n<\/ul>\n<p><strong><span style=\"text-decoration: underline;\">Schleifspindeln :<\/span><\/strong><\/p>\n<ul>\n<li>Mit Pr\u00e4zisions-W\u00e4lzlagerung<\/li>\n<li>Hydrodynamische Gleitlagerung<\/li>\n<li>Asynchronmotor mit Riemenantrieb<\/li>\n<li>Direktantrieb mit Motorspindel<\/li>\n<\/ul>\n<p><span style=\"text-decoration: underline;\"><strong>Regelspindeln:<\/p>\n<p><\/strong><\/span><\/p>\n<ul>\n<li>Mit Pr\u00e4zisions-W\u00e4lzlagerung<\/li>\n<li>Antrieb mit Asynchronmotor<\/li>\n<li>Antrieb mit \u201eBrushless\u201c Motor<\/li>\n<\/ul>\n<p>[\/et_pb_text][\/et_pb_column][\/et_pb_row][et_pb_row use_custom_gutter=&#8221;on&#8221; gutter_width=&#8221;1&#8243; bg_img_1=&#8221;https:\/\/www.microrex.fr\/wp-content\/uploads\/2018\/12\/bg-ready.png&#8221; background_repeat_1=&#8221;no-repeat&#8221; _builder_version=&#8221;3.17.6&#8243;][et_pb_column type=&#8221;4_4&#8243;][et_pb_text _builder_version=&#8221;3.17.6&#8243; text_font=&#8221;||||||||&#8221; text_text_color=&#8221;#ffffff&#8221; text_font_size=&#8221;18px&#8221; text_letter_spacing=&#8221;2px&#8221; quote_font=&#8221;|600|||||||&#8221;]<\/p>\n<p>&nbsp;<\/p>\n<p>&nbsp;<\/p>\n<p style=\"text-align: center;\"><span style=\"font-size: x-large;\"><b> \u201cBehalten sie ihre Installationen im Auge\u201d<\/b><\/span><\/p>\n<p>&nbsp;<\/p>\n<p>&nbsp;<\/p>\n<p>[\/et_pb_text][\/et_pb_column][\/et_pb_row][et_pb_row _builder_version=&#8221;3.17.6&#8243;][et_pb_column type=&#8221;1_2&#8243;][et_pb_text _builder_version=&#8221;3.17.6&#8243; text_font=&#8221;||||||||&#8221; text_font_size=&#8221;19px&#8221;]<\/p>\n<p><span style=\"text-decoration: underline;\"><strong>Syst\u00e8me f\u00fcr Schleifscheiben abrichten\u00a0 :<\/strong><\/span><\/p>\n<p>&nbsp;<\/p>\n<ul>\n<li>Konventionelles verfahren: manuell, hydraulisch, elektrisch<\/li>\n<li>Manuelle Zustellung oder motorisiert<\/li>\n<li>R\u00fcckstellung hydraulisch oder Quadratzyklus<\/li>\n<li>Abziehen mit Konkretiondiamant<\/li>\n<li>Abziehen mit Nadeldiamantplaketten<\/li>\n<li>1 CNC Zustellachse mit motorisierter Diamantscheibe<\/li>\n<li>2 CNC Achsen : Mit Diamant oder motorisierter Diamantscheibe<\/li>\n<li>3 CNC Achsen \/ Drehbogen<\/li>\n<li>CNC Radiusfahrt mit einfachen Diamanten<\/li>\n<\/ul>\n<p>[\/et_pb_text][et_pb_text _builder_version=&#8221;3.17.6&#8243; text_font=&#8221;||||||||&#8221; text_font_size=&#8221;19px&#8221;]<\/p>\n<p><span style=\"text-decoration: underline;\"><strong>Abrichtvorrichtungen f\u00fcr die Regelscheibe :<\/strong><\/span><\/p>\n<ul>\n<li>Kehrbewegung konventionell: Antrieb hydraulisch oder elektrisch<\/li>\n<li>Zustellung des Diamanten: manuell oder motorisiert<\/li>\n<li>Mit Einkorndiamanten: Einweg- oder Mehrweg- Werkzeuge<\/li>\n<li>CNC \u2013 Abrichtvorrichtung, 2 Achsen, mit Einkorndiamant<\/li>\n<li>Mitnehmer zum Fertigschleifen eines Werkst\u00fccks in einem Umgang der Regelscheibe<\/li>\n<\/ul>\n<p>[\/et_pb_text][\/et_pb_column][et_pb_column type=&#8221;1_2&#8243;][et_pb_text _builder_version=&#8221;3.17.6&#8243; text_font_size=&#8221;19px&#8221;]<\/p>\n<p><span style=\"text-decoration: underline;\"><strong>Schutzverkleidung und Geh\u00e4use :<\/strong><\/span><\/p>\n<ul>\n<li>Nach Normen CE oder den entsprechenden L\u00e4nder<\/li>\n<li>Angepasst der Zu und Ausf\u00fchrung der Teile<\/li>\n<li>Brand\u00fcberwachung und L\u00f6schsystem<\/li>\n<\/ul>\n<p>[\/et_pb_text][et_pb_text _builder_version=&#8221;3.17.6&#8243; text_font_size=&#8221;19px&#8221;]<\/p>\n<p><span style=\"text-decoration: underline;\"><strong>Zustellschlitten \/ Schwenkplatte :<\/strong><\/span><\/p>\n<ul>\n<li>Einstechschleifen konventionell manuell , automatisch<\/li>\n<li>Masszustellung manuell , motorisiert mit Kompensierung der Scheibenabnutzung<\/li>\n<li>CNC Zustellung<\/li>\n<li>CNC Verfahren Abziehschlitten<\/li>\n<li>Zustellung durch exzentrischer Regelscheibe ohne Tischzustellung<\/li>\n<\/ul>\n<p>\u00a0<\/p>\n<p>[\/et_pb_text][et_pb_text _builder_version=&#8221;3.17.6&#8243; text_font_size=&#8221;19px&#8221;]<\/p>\n<p><span style=\"text-decoration: underline;\"><strong>Werkst\u00fccke :<\/strong><\/span><\/p>\n<ul>\n<li>Stahl in allen Legierungen und H\u00e4rten, inkl. HSS<\/li>\n<li>Uran, Platin<\/li>\n<li>Glas, Saphir, Rubin, etc.<\/li>\n<li>Hartmetall<\/li>\n<li>Karton<\/li>\n<li>Kunststoffe<\/li>\n<li>Fiberglas<\/li>\n<\/ul>\n<p>[\/et_pb_text][\/et_pb_column][\/et_pb_row][\/et_pb_section][et_pb_section bb_built=&#8221;1&#8243; _builder_version=&#8221;3.0.47&#8243; prev_background_color=&#8221;#000000&#8243; next_background_color=&#8221;#000000&#8243;][et_pb_row _builder_version=&#8221;3.17.6&#8243; background_size=&#8221;initial&#8221; background_position=&#8221;top_left&#8221; background_repeat=&#8221;repeat&#8221;][et_pb_column type=&#8221;4_4&#8243;][et_pb_gallery gallery_ids=&#8221;2113,2115,2117,2119,2121,2123,2125,2127,2129,2131,2133,2135,2137,2139,2141,2143,1984,2147,2149,2151,2153,2155,2157&#8243; _builder_version=&#8221;3.17.6&#8243;]<\/p>\n<p><\/p>\n<p>[\/et_pb_gallery][\/et_pb_column][\/et_pb_row][\/et_pb_section][et_pb_section bb_built=&#8221;1&#8243; _builder_version=&#8221;3.17.6&#8243; prev_background_color=&#8221;#000000&#8243;][et_pb_row _builder_version=&#8221;3.0.48&#8243; background_size=&#8221;initial&#8221; background_position=&#8221;top_left&#8221; background_repeat=&#8221;repeat&#8221;][\/et_pb_row][\/et_pb_section]<\/p>\n","protected":false},"excerpt":{"rendered":"<p>&nbsp; &nbsp; PERSONALISIERUNG OPTIMATION VERBESSERUNG &nbsp; &nbsp; Entsprechend der Form Ihrer Werkst\u00fccke und der gew\u00fcnschten Art der Produktion derselben unterbreiten wir Ihnen spezifische Vorschl\u00e4ge mit dem Ziel, die Kapazit\u00e4t der Maschine optimal zu nutzen. Einstechschleifen : Konventionell CNC-Einstechschleifvorrichtung Durchlaufschleifen : Standardausf\u00fchrung: Linealsupport auf Hauptschlitten F\u00fcr lange Werkst\u00fccke und Stangen: Fixer Linealsupport Schleifscheiben : Korundscheiben Diamantscheiben [&hellip;]<\/p>\n","protected":false},"author":1,"featured_media":0,"parent":0,"menu_order":0,"comment_status":"closed","ping_status":"closed","template":"","meta":{"_acf_changed":false,"_et_pb_use_builder":"on","_et_pb_old_content":"","_et_gb_content_width":"","footnotes":""},"acf":[],"yoast_head":"<!-- This site is optimized with the Yoast SEO plugin v22.7 - https:\/\/yoast.com\/wordpress\/plugins\/seo\/ -->\n<title>UNSERE MASCHIENENAUSR\u00dcSTUNG - Microrex<\/title>\n<meta name=\"robots\" content=\"index, follow, max-snippet:-1, max-image-preview:large, max-video-preview:-1\" \/>\n<link rel=\"canonical\" href=\"https:\/\/www.microrex.fr\/de\/ausruestungsmoeglichkeiten-unsere-maschinen\/\" \/>\n<meta property=\"og:locale\" content=\"de_DE\" \/>\n<meta property=\"og:type\" content=\"article\" \/>\n<meta property=\"og:title\" content=\"UNSERE MASCHIENENAUSR\u00dcSTUNG - Microrex\" \/>\n<meta property=\"og:description\" content=\"&nbsp; &nbsp; PERSONALISIERUNG OPTIMATION VERBESSERUNG &nbsp; &nbsp; Entsprechend der Form Ihrer Werkst\u00fccke und der gew\u00fcnschten Art der Produktion derselben unterbreiten wir Ihnen spezifische Vorschl\u00e4ge mit dem Ziel, die Kapazit\u00e4t der Maschine optimal zu nutzen. Einstechschleifen : Konventionell CNC-Einstechschleifvorrichtung Durchlaufschleifen : Standardausf\u00fchrung: Linealsupport auf Hauptschlitten F\u00fcr lange Werkst\u00fccke und Stangen: Fixer Linealsupport Schleifscheiben : Korundscheiben Diamantscheiben [&hellip;]\" \/>\n<meta property=\"og:url\" content=\"https:\/\/www.microrex.fr\/de\/ausruestungsmoeglichkeiten-unsere-maschinen\/\" \/>\n<meta property=\"og:site_name\" content=\"Microrex\" \/>\n<meta property=\"article:modified_time\" content=\"2020-04-02T13:03:29+00:00\" \/>\n<meta property=\"og:image\" content=\"https:\/\/www.microrex.fr\/wp-content\/uploads\/2020\/02\/1200x628-microrex.png\" \/>\n\t<meta property=\"og:image:width\" content=\"1200\" \/>\n\t<meta property=\"og:image:height\" content=\"628\" \/>\n\t<meta property=\"og:image:type\" content=\"image\/png\" \/>\n<meta name=\"twitter:card\" content=\"summary_large_image\" \/>\n<meta name=\"twitter:label1\" content=\"Est. reading time\" \/>\n\t<meta name=\"twitter:data1\" content=\"4 minutes\" \/>\n<script type=\"application\/ld+json\" class=\"yoast-schema-graph\">{\"@context\":\"https:\/\/schema.org\",\"@graph\":[{\"@type\":\"WebPage\",\"@id\":\"https:\/\/www.microrex.fr\/de\/ausruestungsmoeglichkeiten-unsere-maschinen\/\",\"url\":\"https:\/\/www.microrex.fr\/de\/ausruestungsmoeglichkeiten-unsere-maschinen\/\",\"name\":\"UNSERE MASCHIENENAUSR\u00dcSTUNG - Microrex\",\"isPartOf\":{\"@id\":\"https:\/\/www.microrex.fr\/fr\/#website\"},\"datePublished\":\"2018-12-10T12:47:22+00:00\",\"dateModified\":\"2020-04-02T13:03:29+00:00\",\"breadcrumb\":{\"@id\":\"https:\/\/www.microrex.fr\/de\/ausruestungsmoeglichkeiten-unsere-maschinen\/#breadcrumb\"},\"inLanguage\":\"de-DE\",\"potentialAction\":[{\"@type\":\"ReadAction\",\"target\":[\"https:\/\/www.microrex.fr\/de\/ausruestungsmoeglichkeiten-unsere-maschinen\/\"]}]},{\"@type\":\"BreadcrumbList\",\"@id\":\"https:\/\/www.microrex.fr\/de\/ausruestungsmoeglichkeiten-unsere-maschinen\/#breadcrumb\",\"itemListElement\":[{\"@type\":\"ListItem\",\"position\":1,\"name\":\"Accueil\",\"item\":\"https:\/\/www.microrex.fr\/de\/\"},{\"@type\":\"ListItem\",\"position\":2,\"name\":\"UNSERE MASCHIENENAUSR\u00dcSTUNG\"}]},{\"@type\":\"WebSite\",\"@id\":\"https:\/\/www.microrex.fr\/fr\/#website\",\"url\":\"https:\/\/www.microrex.fr\/fr\/\",\"name\":\"Microrex\",\"description\":\"Rectifieuses centerless\",\"publisher\":{\"@id\":\"https:\/\/www.microrex.fr\/fr\/#organization\"},\"potentialAction\":[{\"@type\":\"SearchAction\",\"target\":{\"@type\":\"EntryPoint\",\"urlTemplate\":\"https:\/\/www.microrex.fr\/fr\/?s={search_term_string}\"},\"query-input\":\"required name=search_term_string\"}],\"inLanguage\":\"de-DE\"},{\"@type\":\"Organization\",\"@id\":\"https:\/\/www.microrex.fr\/fr\/#organization\",\"name\":\"Microrex\",\"url\":\"https:\/\/www.microrex.fr\/fr\/\",\"logo\":{\"@type\":\"ImageObject\",\"inLanguage\":\"de-DE\",\"@id\":\"https:\/\/www.microrex.fr\/fr\/#\/schema\/logo\/image\/\",\"url\":\"https:\/\/www.microrex.fr\/wp-content\/uploads\/2019\/03\/microrex_logo_150x45.png\",\"contentUrl\":\"https:\/\/www.microrex.fr\/wp-content\/uploads\/2019\/03\/microrex_logo_150x45.png\",\"width\":150,\"height\":45,\"caption\":\"Microrex\"},\"image\":{\"@id\":\"https:\/\/www.microrex.fr\/fr\/#\/schema\/logo\/image\/\"}}]}<\/script>\n<!-- \/ Yoast SEO plugin. -->","yoast_head_json":{"title":"UNSERE MASCHIENENAUSR\u00dcSTUNG - Microrex","robots":{"index":"index","follow":"follow","max-snippet":"max-snippet:-1","max-image-preview":"max-image-preview:large","max-video-preview":"max-video-preview:-1"},"canonical":"https:\/\/www.microrex.fr\/de\/ausruestungsmoeglichkeiten-unsere-maschinen\/","og_locale":"de_DE","og_type":"article","og_title":"UNSERE MASCHIENENAUSR\u00dcSTUNG - Microrex","og_description":"&nbsp; &nbsp; PERSONALISIERUNG OPTIMATION VERBESSERUNG &nbsp; &nbsp; Entsprechend der Form Ihrer Werkst\u00fccke und der gew\u00fcnschten Art der Produktion derselben unterbreiten wir Ihnen spezifische Vorschl\u00e4ge mit dem Ziel, die Kapazit\u00e4t der Maschine optimal zu nutzen. Einstechschleifen : Konventionell CNC-Einstechschleifvorrichtung Durchlaufschleifen : Standardausf\u00fchrung: Linealsupport auf Hauptschlitten F\u00fcr lange Werkst\u00fccke und Stangen: Fixer Linealsupport Schleifscheiben : Korundscheiben Diamantscheiben [&hellip;]","og_url":"https:\/\/www.microrex.fr\/de\/ausruestungsmoeglichkeiten-unsere-maschinen\/","og_site_name":"Microrex","article_modified_time":"2020-04-02T13:03:29+00:00","og_image":[{"width":1200,"height":628,"url":"https:\/\/www.microrex.fr\/wp-content\/uploads\/2020\/02\/1200x628-microrex.png","type":"image\/png"}],"twitter_card":"summary_large_image","twitter_misc":{"Est. reading time":"4 minutes"},"schema":{"@context":"https:\/\/schema.org","@graph":[{"@type":"WebPage","@id":"https:\/\/www.microrex.fr\/de\/ausruestungsmoeglichkeiten-unsere-maschinen\/","url":"https:\/\/www.microrex.fr\/de\/ausruestungsmoeglichkeiten-unsere-maschinen\/","name":"UNSERE MASCHIENENAUSR\u00dcSTUNG - Microrex","isPartOf":{"@id":"https:\/\/www.microrex.fr\/fr\/#website"},"datePublished":"2018-12-10T12:47:22+00:00","dateModified":"2020-04-02T13:03:29+00:00","breadcrumb":{"@id":"https:\/\/www.microrex.fr\/de\/ausruestungsmoeglichkeiten-unsere-maschinen\/#breadcrumb"},"inLanguage":"de-DE","potentialAction":[{"@type":"ReadAction","target":["https:\/\/www.microrex.fr\/de\/ausruestungsmoeglichkeiten-unsere-maschinen\/"]}]},{"@type":"BreadcrumbList","@id":"https:\/\/www.microrex.fr\/de\/ausruestungsmoeglichkeiten-unsere-maschinen\/#breadcrumb","itemListElement":[{"@type":"ListItem","position":1,"name":"Accueil","item":"https:\/\/www.microrex.fr\/de\/"},{"@type":"ListItem","position":2,"name":"UNSERE MASCHIENENAUSR\u00dcSTUNG"}]},{"@type":"WebSite","@id":"https:\/\/www.microrex.fr\/fr\/#website","url":"https:\/\/www.microrex.fr\/fr\/","name":"Microrex","description":"Rectifieuses centerless","publisher":{"@id":"https:\/\/www.microrex.fr\/fr\/#organization"},"potentialAction":[{"@type":"SearchAction","target":{"@type":"EntryPoint","urlTemplate":"https:\/\/www.microrex.fr\/fr\/?s={search_term_string}"},"query-input":"required name=search_term_string"}],"inLanguage":"de-DE"},{"@type":"Organization","@id":"https:\/\/www.microrex.fr\/fr\/#organization","name":"Microrex","url":"https:\/\/www.microrex.fr\/fr\/","logo":{"@type":"ImageObject","inLanguage":"de-DE","@id":"https:\/\/www.microrex.fr\/fr\/#\/schema\/logo\/image\/","url":"https:\/\/www.microrex.fr\/wp-content\/uploads\/2019\/03\/microrex_logo_150x45.png","contentUrl":"https:\/\/www.microrex.fr\/wp-content\/uploads\/2019\/03\/microrex_logo_150x45.png","width":150,"height":45,"caption":"Microrex"},"image":{"@id":"https:\/\/www.microrex.fr\/fr\/#\/schema\/logo\/image\/"}}]}},"_links":{"self":[{"href":"https:\/\/www.microrex.fr\/de\/wp-json\/wp\/v2\/pages\/1398"}],"collection":[{"href":"https:\/\/www.microrex.fr\/de\/wp-json\/wp\/v2\/pages"}],"about":[{"href":"https:\/\/www.microrex.fr\/de\/wp-json\/wp\/v2\/types\/page"}],"author":[{"embeddable":true,"href":"https:\/\/www.microrex.fr\/de\/wp-json\/wp\/v2\/users\/1"}],"replies":[{"embeddable":true,"href":"https:\/\/www.microrex.fr\/de\/wp-json\/wp\/v2\/comments?post=1398"}],"version-history":[{"count":11,"href":"https:\/\/www.microrex.fr\/de\/wp-json\/wp\/v2\/pages\/1398\/revisions"}],"predecessor-version":[{"id":2596,"href":"https:\/\/www.microrex.fr\/de\/wp-json\/wp\/v2\/pages\/1398\/revisions\/2596"}],"wp:attachment":[{"href":"https:\/\/www.microrex.fr\/de\/wp-json\/wp\/v2\/media?parent=1398"}],"curies":[{"name":"wp","href":"https:\/\/api.w.org\/{rel}","templated":true}]}}