{"id":1392,"date":"2018-12-10T13:47:02","date_gmt":"2018-12-10T12:47:02","guid":{"rendered":"https:\/\/www.microrex.fr\/?page_id=1392"},"modified":"2020-04-02T15:01:17","modified_gmt":"2020-04-02T13:01:17","slug":"revision-und-modernisierung-von-centerless-schleifmaschinen","status":"publish","type":"page","link":"https:\/\/www.microrex.fr\/de\/revision-und-modernisierung-von-centerless-schleifmaschinen\/","title":{"rendered":"UNSERE GENERALRENOVIERTEN SPITZENLOSEN SCHLEIFMASCHIENEN"},"content":{"rendered":"<p>[et_pb_section bb_built=&#8221;1&#8243; _builder_version=&#8221;3.17.6&#8243; next_background_color=&#8221;#000000&#8243;][et_pb_row _builder_version=&#8221;3.17.6&#8243;][et_pb_column type=&#8221;4_4&#8243;][et_pb_post_title meta=&#8221;off&#8221; featured_image=&#8221;off&#8221; _builder_version=&#8221;3.17.6&#8243; title_font=&#8221;||||||||&#8221; title_font_size=&#8221;48px&#8221; text_orientation=&#8221;center&#8221; custom_css_post_title=&#8221;text-transform: uppercase||  &#8220;]<\/p>\n<p>[\/et_pb_post_title][\/et_pb_column][\/et_pb_row][et_pb_row _builder_version=&#8221;3.0.48&#8243; background_size=&#8221;initial&#8221; background_position=&#8221;top_left&#8221; background_repeat=&#8221;repeat&#8221;][et_pb_column type=&#8221;4_4&#8243;][et_pb_text _builder_version=&#8221;3.17.6&#8243; text_font=&#8221;|600|||||||&#8221; text_text_color=&#8221;#353a95&#8243; text_font_size=&#8221;17px&#8221; header_3_font=&#8221;Russo One||||||||&#8221; header_3_text_color=&#8221;#353a95&#8243; header_3_font_size=&#8221;27px&#8221; header_3_letter_spacing=&#8221;3px&#8221; header_4_font=&#8221;Russo One||||||||&#8221; header_4_text_color=&#8221;#000000&#8243; header_4_font_size=&#8221;24px&#8221; header_4_letter_spacing=&#8221;3px&#8221; background_image=&#8221;https:\/\/www.microrex.fr\/wp-content\/uploads\/2020\/03\/Photo-haut-de-page-derri\u00e8re-3-mots.jpg&#8221; inline_fonts=&#8221;Lato&#8221;]<\/p>\n<h4>\u00a0<\/h4>\n<p>&nbsp;<\/p>\n<p>&nbsp;<\/p>\n<h4 style=\"text-align: center;\"><span style=\"font-family: Lato; color: #353a95;\"><strong>ANALYSE<\/strong><\/span><\/h4>\n<h3 style=\"text-align: center;\"><span style=\"font-family: Lato; color: #000000;\"><strong>UPGRADE<\/strong><\/span><\/h3>\n<h4 style=\"text-align: center;\"><span style=\"font-family: Lato; color: #353a95;\"><strong>SCHLEIFEN<\/strong><\/span><\/h4>\n<h4 style=\"text-align: center;\">\u00a0<\/h4>\n<p>&nbsp;<\/p>\n<p>&nbsp;<\/p>\n<p>[\/et_pb_text][et_pb_text _builder_version=&#8221;3.17.6&#8243; text_font_size=&#8221;19px&#8221;]<\/p>\n<p style=\"text-align: left;\">Wir erneuern Ihre Maschinen der Marken MICROREX (0, 1H, 2H und 2L), BORDIER (FOP, GRM 300, GRL 500), CINCINNATI (2OM, +220\/8-3-300), AGATHON (150SL2, 150SL20), LIDK\u00d6PING (3B, 5B), GHIRINGHELLI, MONZA- ROSSI, ESTARTA, MALCUS, K\u00d6NIG &amp; BAUER.<\/p>\n<p><span style=\"text-decoration: underline;\"><strong>Unser Vorgang\u00a0:<\/strong><\/span><\/p>\n<ul>\n<li><strong>Gutachten ihrer Maschiene<\/strong><\/li>\n<li><strong>Kostenvoranschlag<\/strong><\/li>\n<li><strong>Neuaufbau ihrer Schleifmaschiene<\/strong><\/li>\n<li><strong>Test der F\u00e4higkeit<\/strong><\/li>\n<li><strong>Beistand beim Produktionbeginn<\/strong><\/li>\n<\/ul>\n<p style=\"text-align: left;\">Wir haben auch einige spitzenlosen Schleifmaschienen auf Lager die wieder \u00fcberholt werden k\u00f6nnen nach der gew\u00fcnschten Konfiguration.<\/p>\n<p style=\"text-align: left;\">Um auch nicht einen Tag Produktion zu verlieren, schlagen wir auch Aust\u00e4uche vor , das heisst wir \u00fcberholen eine Lagermaschiene w\u00e4hrend sie noch weiter Produktion fahren k\u00f6nnen. W\u00e4hrend der Lieferung ihrer neuen Schleifmaschiene nehmen wir die alte Maschiene zur\u00fcck.<\/p>\n<p style=\"text-align: left;\">Alle Revisionen k\u00f6nnen mit neuen Schaltschrank und CNC vorgeschlagen werden. Anbau einer Verkleidung mit Absaugung und Brand\u00fcberwachung \/ L\u00f6schung.<\/p>\n<p style=\"text-align: left;\">F\u00fcr Durchlaufschleifen k\u00f6nnen wir die Scheibenprofilierung mit Hydraulikverfahren und Schablone vorschlagen.<\/p>\n<p>Alle Maschienen von uns k\u00f6nnen der Norm CE entsprechen und wir gew\u00e4hren 12 Monate Garantie.<\/p>\n<p style=\"text-align: left;\">Wir schlagen auch vertragliche Wartungsperioden vor.<\/p>\n<p>[\/et_pb_text][\/et_pb_column][\/et_pb_row][et_pb_row use_custom_gutter=&#8221;on&#8221; gutter_width=&#8221;1&#8243; bg_img_1=&#8221;https:\/\/www.microrex.fr\/wp-content\/uploads\/2018\/12\/bg-ready.png&#8221; background_repeat_1=&#8221;no-repeat&#8221; _builder_version=&#8221;3.17.6&#8243;][et_pb_column type=&#8221;4_4&#8243;][et_pb_text _builder_version=&#8221;3.17.6&#8243; text_text_color=&#8221;#ffffff&#8221; text_font_size=&#8221;18px&#8221; text_letter_spacing=&#8221;2px&#8221; quote_font=&#8221;|600|||||||&#8221;]<\/p>\n<p style=\"text-align: center;\">\u00a0<\/p>\n<p style=\"text-align: center;\">\u00a0<\/p>\n<p style=\"text-align: center;\">\u00a0<\/p>\n<p style=\"text-align: center;\">\u00a0<\/p>\n<p style=\"text-align: center;\"><span style=\"font-size: x-large;\"><strong>\u201cEin Team an der Spitze der Technologie\u201d<\/strong><\/span><\/p>\n<p style=\"text-align: center;\">\u00a0<\/p>\n<p style=\"text-align: center;\">\u00a0<\/p>\n<p style=\"text-align: center;\">\u00a0<\/p>\n<p style=\"text-align: center;\">\u00a0<\/p>\n<p>[\/et_pb_text][\/et_pb_column][\/et_pb_row][et_pb_row _builder_version=&#8221;3.17.6&#8243; background_color=&#8221;#fcfcfc&#8221;][et_pb_column type=&#8221;4_4&#8243;][et_pb_text _builder_version=&#8221;3.17.6&#8243; text_font=&#8221;||||||||&#8221; text_font_size=&#8221;19px&#8221;]<\/p>\n<p style=\"text-align: center;\">&#8211; Gutachten\u00a0: Vibrationskontrolle der Spindel<br \/> &#8211; Instantsetzung der Geometrie durch Schaben<br \/> &#8211; Internes schleifen der F\u00fchrungsbahnen und Spindeln<br \/> &#8211; Kontrollraum<br \/> &#8211; Inbetriebnahme vor Ort<br \/> &#8211; Schulung der Bediener<\/p>\n<p>[\/et_pb_text][\/et_pb_column][\/et_pb_row][\/et_pb_section][et_pb_section bb_built=&#8221;1&#8243; _builder_version=&#8221;3.0.47&#8243; prev_background_color=&#8221;#000000&#8243; next_background_color=&#8221;#000000&#8243;][et_pb_row _builder_version=&#8221;3.17.6&#8243; background_size=&#8221;initial&#8221; background_position=&#8221;top_left&#8221; background_repeat=&#8221;repeat&#8221;][et_pb_column type=&#8221;4_4&#8243;][et_pb_gallery gallery_ids=&#8221;2170,2172,2174,2176,2178,2180,2182,2184,2186,2188,2190,2192,2194,2196,2198,2200,2202,2204,2206&#8243; _builder_version=&#8221;3.17.6&#8243; zoom_icon_color=&#8221;#353a95&#8243; hover_overlay_color=&#8221;rgba(255,255,255,0.9)&#8221;]<\/p>\n<p>[\/et_pb_gallery][\/et_pb_column][\/et_pb_row][\/et_pb_section][et_pb_section bb_built=&#8221;1&#8243; module_class=&#8221;domains-slider2 owl-carousel et_pb_row&#8221; _builder_version=&#8221;3.17.6&#8243; custom_margin=&#8221;||50px|&#8221; prev_background_color=&#8221;#000000&#8243;][et_pb_row make_fullwidth=&#8221;on&#8221; use_custom_gutter=&#8221;on&#8221; gutter_width=&#8221;1&#8243; custom_padding=&#8221;0px|0px|0px|0px&#8221; custom_margin=&#8221;0px|0px|0px|0px&#8221; _builder_version=&#8221;3.17.6&#8243; background_color=&#8221;#eeeeee&#8221;][et_pb_column type=&#8221;4_4&#8243;][\/et_pb_column][\/et_pb_row][\/et_pb_section]<\/p>\n","protected":false},"excerpt":{"rendered":"<p>\u00a0 &nbsp; &nbsp; ANALYSE UPGRADE SCHLEIFEN \u00a0 &nbsp; &nbsp; Wir erneuern Ihre Maschinen der Marken MICROREX (0, 1H, 2H und 2L), BORDIER (FOP, GRM 300, GRL 500), CINCINNATI (2OM, +220\/8-3-300), AGATHON (150SL2, 150SL20), LIDK\u00d6PING (3B, 5B), GHIRINGHELLI, MONZA- ROSSI, ESTARTA, MALCUS, K\u00d6NIG &amp; BAUER.Unser Vorgang\u00a0:Gutachten ihrer MaschieneKostenvoranschlagNeuaufbau ihrer SchleifmaschieneTest der F\u00e4higkeitBeistand beim ProduktionbeginnWir haben auch [&hellip;]<\/p>\n","protected":false},"author":1,"featured_media":0,"parent":0,"menu_order":0,"comment_status":"closed","ping_status":"closed","template":"","meta":{"_acf_changed":false,"_et_pb_use_builder":"on","_et_pb_old_content":"","_et_gb_content_width":"","footnotes":""},"acf":[],"yoast_head":"<!-- This site is optimized with the Yoast SEO plugin v22.7 - https:\/\/yoast.com\/wordpress\/plugins\/seo\/ -->\n<title>UNSERE GENERALRENOVIERTEN SPITZENLOSEN SCHLEIFMASCHIENEN - Microrex<\/title>\n<meta name=\"description\" content=\"M\u00e9thodique et rigoureux, nos automaticiens r\u00e9alisent la totalit\u00e9 des documents n\u00e9cessaires au bond\u00e9roulement du projet.\" \/>\n<meta name=\"robots\" content=\"index, follow, max-snippet:-1, max-image-preview:large, max-video-preview:-1\" \/>\n<link rel=\"canonical\" href=\"https:\/\/www.microrex.fr\/de\/revision-und-modernisierung-von-centerless-schleifmaschinen\/\" \/>\n<meta property=\"og:locale\" content=\"de_DE\" \/>\n<meta property=\"og:type\" content=\"article\" \/>\n<meta property=\"og:title\" content=\"UNSERE GENERALRENOVIERTEN SPITZENLOSEN SCHLEIFMASCHIENEN - Microrex\" \/>\n<meta property=\"og:description\" content=\"M\u00e9thodique et rigoureux, nos automaticiens r\u00e9alisent la totalit\u00e9 des documents n\u00e9cessaires au bond\u00e9roulement du projet.\" \/>\n<meta property=\"og:url\" content=\"https:\/\/www.microrex.fr\/de\/revision-und-modernisierung-von-centerless-schleifmaschinen\/\" \/>\n<meta property=\"og:site_name\" content=\"Microrex\" \/>\n<meta property=\"article:modified_time\" content=\"2020-04-02T13:01:17+00:00\" \/>\n<meta property=\"og:image\" content=\"https:\/\/www.microrex.fr\/wp-content\/uploads\/2020\/02\/1200x628-microrex.png\" \/>\n\t<meta property=\"og:image:width\" content=\"1200\" \/>\n\t<meta property=\"og:image:height\" content=\"628\" \/>\n\t<meta property=\"og:image:type\" content=\"image\/png\" \/>\n<meta name=\"twitter:card\" content=\"summary_large_image\" \/>\n<meta name=\"twitter:label1\" content=\"Est. reading time\" \/>\n\t<meta name=\"twitter:data1\" content=\"3 minutes\" \/>\n<script type=\"application\/ld+json\" class=\"yoast-schema-graph\">{\"@context\":\"https:\/\/schema.org\",\"@graph\":[{\"@type\":\"WebPage\",\"@id\":\"https:\/\/www.microrex.fr\/de\/revision-und-modernisierung-von-centerless-schleifmaschinen\/\",\"url\":\"https:\/\/www.microrex.fr\/de\/revision-und-modernisierung-von-centerless-schleifmaschinen\/\",\"name\":\"UNSERE GENERALRENOVIERTEN SPITZENLOSEN SCHLEIFMASCHIENEN - Microrex\",\"isPartOf\":{\"@id\":\"https:\/\/www.microrex.fr\/fr\/#website\"},\"datePublished\":\"2018-12-10T12:47:02+00:00\",\"dateModified\":\"2020-04-02T13:01:17+00:00\",\"description\":\"M\u00e9thodique et rigoureux, nos automaticiens r\u00e9alisent la totalit\u00e9 des documents n\u00e9cessaires au bond\u00e9roulement du projet.\",\"breadcrumb\":{\"@id\":\"https:\/\/www.microrex.fr\/de\/revision-und-modernisierung-von-centerless-schleifmaschinen\/#breadcrumb\"},\"inLanguage\":\"de-DE\",\"potentialAction\":[{\"@type\":\"ReadAction\",\"target\":[\"https:\/\/www.microrex.fr\/de\/revision-und-modernisierung-von-centerless-schleifmaschinen\/\"]}]},{\"@type\":\"BreadcrumbList\",\"@id\":\"https:\/\/www.microrex.fr\/de\/revision-und-modernisierung-von-centerless-schleifmaschinen\/#breadcrumb\",\"itemListElement\":[{\"@type\":\"ListItem\",\"position\":1,\"name\":\"Accueil\",\"item\":\"https:\/\/www.microrex.fr\/de\/\"},{\"@type\":\"ListItem\",\"position\":2,\"name\":\"UNSERE GENERALRENOVIERTEN SPITZENLOSEN SCHLEIFMASCHIENEN\"}]},{\"@type\":\"WebSite\",\"@id\":\"https:\/\/www.microrex.fr\/fr\/#website\",\"url\":\"https:\/\/www.microrex.fr\/fr\/\",\"name\":\"Microrex\",\"description\":\"Rectifieuses centerless\",\"publisher\":{\"@id\":\"https:\/\/www.microrex.fr\/fr\/#organization\"},\"potentialAction\":[{\"@type\":\"SearchAction\",\"target\":{\"@type\":\"EntryPoint\",\"urlTemplate\":\"https:\/\/www.microrex.fr\/fr\/?s={search_term_string}\"},\"query-input\":\"required name=search_term_string\"}],\"inLanguage\":\"de-DE\"},{\"@type\":\"Organization\",\"@id\":\"https:\/\/www.microrex.fr\/fr\/#organization\",\"name\":\"Microrex\",\"url\":\"https:\/\/www.microrex.fr\/fr\/\",\"logo\":{\"@type\":\"ImageObject\",\"inLanguage\":\"de-DE\",\"@id\":\"https:\/\/www.microrex.fr\/fr\/#\/schema\/logo\/image\/\",\"url\":\"https:\/\/www.microrex.fr\/wp-content\/uploads\/2019\/03\/microrex_logo_150x45.png\",\"contentUrl\":\"https:\/\/www.microrex.fr\/wp-content\/uploads\/2019\/03\/microrex_logo_150x45.png\",\"width\":150,\"height\":45,\"caption\":\"Microrex\"},\"image\":{\"@id\":\"https:\/\/www.microrex.fr\/fr\/#\/schema\/logo\/image\/\"}}]}<\/script>\n<!-- \/ Yoast SEO plugin. -->","yoast_head_json":{"title":"UNSERE GENERALRENOVIERTEN SPITZENLOSEN SCHLEIFMASCHIENEN - Microrex","description":"M\u00e9thodique et rigoureux, nos automaticiens r\u00e9alisent la totalit\u00e9 des documents n\u00e9cessaires au bond\u00e9roulement du projet.","robots":{"index":"index","follow":"follow","max-snippet":"max-snippet:-1","max-image-preview":"max-image-preview:large","max-video-preview":"max-video-preview:-1"},"canonical":"https:\/\/www.microrex.fr\/de\/revision-und-modernisierung-von-centerless-schleifmaschinen\/","og_locale":"de_DE","og_type":"article","og_title":"UNSERE GENERALRENOVIERTEN SPITZENLOSEN SCHLEIFMASCHIENEN - Microrex","og_description":"M\u00e9thodique et rigoureux, nos automaticiens r\u00e9alisent la totalit\u00e9 des documents n\u00e9cessaires au bond\u00e9roulement du projet.","og_url":"https:\/\/www.microrex.fr\/de\/revision-und-modernisierung-von-centerless-schleifmaschinen\/","og_site_name":"Microrex","article_modified_time":"2020-04-02T13:01:17+00:00","og_image":[{"width":1200,"height":628,"url":"https:\/\/www.microrex.fr\/wp-content\/uploads\/2020\/02\/1200x628-microrex.png","type":"image\/png"}],"twitter_card":"summary_large_image","twitter_misc":{"Est. reading time":"3 minutes"},"schema":{"@context":"https:\/\/schema.org","@graph":[{"@type":"WebPage","@id":"https:\/\/www.microrex.fr\/de\/revision-und-modernisierung-von-centerless-schleifmaschinen\/","url":"https:\/\/www.microrex.fr\/de\/revision-und-modernisierung-von-centerless-schleifmaschinen\/","name":"UNSERE GENERALRENOVIERTEN SPITZENLOSEN SCHLEIFMASCHIENEN - Microrex","isPartOf":{"@id":"https:\/\/www.microrex.fr\/fr\/#website"},"datePublished":"2018-12-10T12:47:02+00:00","dateModified":"2020-04-02T13:01:17+00:00","description":"M\u00e9thodique et rigoureux, nos automaticiens r\u00e9alisent la totalit\u00e9 des documents n\u00e9cessaires au bond\u00e9roulement du projet.","breadcrumb":{"@id":"https:\/\/www.microrex.fr\/de\/revision-und-modernisierung-von-centerless-schleifmaschinen\/#breadcrumb"},"inLanguage":"de-DE","potentialAction":[{"@type":"ReadAction","target":["https:\/\/www.microrex.fr\/de\/revision-und-modernisierung-von-centerless-schleifmaschinen\/"]}]},{"@type":"BreadcrumbList","@id":"https:\/\/www.microrex.fr\/de\/revision-und-modernisierung-von-centerless-schleifmaschinen\/#breadcrumb","itemListElement":[{"@type":"ListItem","position":1,"name":"Accueil","item":"https:\/\/www.microrex.fr\/de\/"},{"@type":"ListItem","position":2,"name":"UNSERE GENERALRENOVIERTEN SPITZENLOSEN SCHLEIFMASCHIENEN"}]},{"@type":"WebSite","@id":"https:\/\/www.microrex.fr\/fr\/#website","url":"https:\/\/www.microrex.fr\/fr\/","name":"Microrex","description":"Rectifieuses centerless","publisher":{"@id":"https:\/\/www.microrex.fr\/fr\/#organization"},"potentialAction":[{"@type":"SearchAction","target":{"@type":"EntryPoint","urlTemplate":"https:\/\/www.microrex.fr\/fr\/?s={search_term_string}"},"query-input":"required name=search_term_string"}],"inLanguage":"de-DE"},{"@type":"Organization","@id":"https:\/\/www.microrex.fr\/fr\/#organization","name":"Microrex","url":"https:\/\/www.microrex.fr\/fr\/","logo":{"@type":"ImageObject","inLanguage":"de-DE","@id":"https:\/\/www.microrex.fr\/fr\/#\/schema\/logo\/image\/","url":"https:\/\/www.microrex.fr\/wp-content\/uploads\/2019\/03\/microrex_logo_150x45.png","contentUrl":"https:\/\/www.microrex.fr\/wp-content\/uploads\/2019\/03\/microrex_logo_150x45.png","width":150,"height":45,"caption":"Microrex"},"image":{"@id":"https:\/\/www.microrex.fr\/fr\/#\/schema\/logo\/image\/"}}]}},"_links":{"self":[{"href":"https:\/\/www.microrex.fr\/de\/wp-json\/wp\/v2\/pages\/1392"}],"collection":[{"href":"https:\/\/www.microrex.fr\/de\/wp-json\/wp\/v2\/pages"}],"about":[{"href":"https:\/\/www.microrex.fr\/de\/wp-json\/wp\/v2\/types\/page"}],"author":[{"embeddable":true,"href":"https:\/\/www.microrex.fr\/de\/wp-json\/wp\/v2\/users\/1"}],"replies":[{"embeddable":true,"href":"https:\/\/www.microrex.fr\/de\/wp-json\/wp\/v2\/comments?post=1392"}],"version-history":[{"count":9,"href":"https:\/\/www.microrex.fr\/de\/wp-json\/wp\/v2\/pages\/1392\/revisions"}],"predecessor-version":[{"id":2594,"href":"https:\/\/www.microrex.fr\/de\/wp-json\/wp\/v2\/pages\/1392\/revisions\/2594"}],"wp:attachment":[{"href":"https:\/\/www.microrex.fr\/de\/wp-json\/wp\/v2\/media?parent=1392"}],"curies":[{"name":"wp","href":"https:\/\/api.w.org\/{rel}","templated":true}]}}