{"id":1385,"date":"2018-12-07T10:30:49","date_gmt":"2018-12-07T09:30:49","guid":{"rendered":"https:\/\/www.microrex.fr\/?page_id=1385"},"modified":"2020-04-02T15:11:11","modified_gmt":"2020-04-02T13:11:11","slug":"unsere-jobs","status":"publish","type":"page","link":"https:\/\/www.microrex.fr\/de\/unsere-jobs\/","title":{"rendered":"UNSERE BERUFSBRANCHEN"},"content":{"rendered":"<p>[et_pb_section bb_built=&#8221;1&#8243; _builder_version=&#8221;3.17.6&#8243;][et_pb_row _builder_version=&#8221;3.17.6&#8243;][et_pb_column type=&#8221;4_4&#8243;][et_pb_post_title meta=&#8221;off&#8221; featured_image=&#8221;off&#8221; _builder_version=&#8221;3.17.6&#8243; title_font=&#8221;||||||||&#8221; title_font_size=&#8221;48px&#8221; text_orientation=&#8221;center&#8221; custom_css_post_title=&#8221;text-transform:uppercase&#8221; \/][et_pb_text _builder_version=&#8221;3.17.6&#8243; text_font_size=&#8221;19px&#8221;]<\/p>\n<p style=\"text-align: left;\"><strong>Dank unserer Erfahrung<\/strong> auf dem Gebiet der <strong>spitzenlosen Schleifmaschiene<\/strong> und mit <strong>Hilfe von unseren qualifizierten Technikern<\/strong> , bringen wir<strong> ihnen Hilfe f\u00fcr die Verbesserung der Kompetenz ihrer Mitarbeiter bei der Suche nach optimierten L\u00f6sungen<\/strong><\/p>\n<p style=\"text-align: left;\">Wir besitzen die <strong>St\u00e4rke M\u00f6glichkeiten vorzuschlagen f\u00fcr die Modernisierung<\/strong> ihrer Ausr\u00fcstungen und <strong>durch unser Ersatzteillager wird<\/strong> Zeit f\u00fcr Produktionsverlust begrenzt.<\/p>\n<p>[\/et_pb_text][\/et_pb_column][\/et_pb_row][et_pb_row _builder_version=&#8221;3.17.6&#8243;][et_pb_column type=&#8221;4_4&#8243;][et_pb_code module_id=&#8221;schulung&#8221; _builder_version=&#8221;3.17.6&#8243; custom_css_main_element=&#8221;display: block;||position: relative;||top: -64px;||visibility: hidden;||margin: 0&#8243;]formation[\/et_pb_code][et_pb_text _builder_version=&#8221;3.17.6&#8243; text_font=&#8221;Lato|900|||||||&#8221; text_text_color=&#8221;#353a95&#8243; header_text_color=&#8221;#353a95&#8243; header_3_font=&#8221;Lato|700|||||||&#8221;]<\/p>\n<h2 style=\"text-align: center;\"><strong>SCHULUNG<\/strong><\/h2>\n<p>[\/et_pb_text][et_pb_text _builder_version=&#8221;3.17.6&#8243; text_font_size=&#8221;19px&#8221;]<\/p>\n<p style=\"text-align: left;\"><strong>Wir geben Schulungen auf spitzenlosen Schleifmaschienen unsere eigenen Marke als auch f\u00fcr die anderen Marken.<\/strong><\/p>\n<p>[\/et_pb_text][\/et_pb_column][\/et_pb_row][et_pb_row _builder_version=&#8221;3.17.6&#8243;][et_pb_column type=&#8221;1_2&#8243;][et_pb_text _builder_version=&#8221;3.17.6&#8243; text_font_size=&#8221;19px&#8221;]<\/p>\n<p>Beispiel f\u00fcr Schulungsprogramme\u00a0:<\/p>\n<ul>\n<li>Durchlaufschleifen 1 Tag<\/li>\n<li>Bedienung spitzenlose CNC Schleifmaschiene 1 Tag<\/li>\n<li>Durchlaufschleifen 2 Tage<\/li>\n<li>Einstechschleifen 2 Tage<\/li>\n<li>Einstech und Durchlaufschleifen 2 Tage<\/li>\n<li>Durchlaufschleifen und Maschienenbedienung 2 Tage<\/li>\n<li>Einstechschleifen und Instandhaltung Maschien 2 Tage<\/li>\n<li>Durchlaufschleifen und Instandhaltung maschiene 2 Tage<\/li>\n<li>\u2026<\/li>\n<\/ul>\n<p>[\/et_pb_text][\/et_pb_column][et_pb_column type=&#8221;1_2&#8243;][\/et_pb_column][\/et_pb_row][et_pb_row _builder_version=&#8221;3.17.6&#8243;][et_pb_column type=&#8221;4_4&#8243;][et_pb_text _builder_version=&#8221;3.17.6&#8243; text_font=&#8221;||||||||&#8221; text_font_size=&#8221;19px&#8221;]<\/p>\n<p style=\"text-align: center;\"><strong>Diese Programme k\u00f6nnen auf Kundenwunsch auf gezielte<\/strong> Objekte angepasst werden<\/p>\n<p>[\/et_pb_text][et_pb_image src=&#8221;https:\/\/www.microrex.fr\/wp-content\/uploads\/2020\/02\/office-1209640_1920-e1545300400529.jpg&#8221; _builder_version=&#8221;3.17.6&#8243; \/][\/et_pb_column][\/et_pb_row][et_pb_row _builder_version=&#8221;3.17.6&#8243;][et_pb_column type=&#8221;4_4&#8243;][et_pb_code module_id=&#8221;prozessverbesserung&#8221; _builder_version=&#8221;3.17.6&#8243; custom_css_main_element=&#8221;display: block;||position: relative;||top: -64px;||visibility: hidden;||margin: 0&#8243;]amelioration-de-process[\/et_pb_code][et_pb_text _builder_version=&#8221;3.17.6&#8243; header_3_font=&#8221;Lato|700|||||||&#8221;]<\/p>\n<h2 style=\"text-align: center;\"><strong>PROZESSVERBESSERUNG<\/strong><\/h2>\n<p>[\/et_pb_text][et_pb_text _builder_version=&#8221;3.17.6&#8243; text_font_size=&#8221;19px&#8221;]<\/p>\n<p style=\"text-align: left;\">Sie <strong>brauchen<\/strong> eine <strong>Studie f\u00fcr M\u00f6glichkeiten<\/strong> einer zuk\u00fcnftigen Bearbeitung oder <strong>einen Fabrikationsprozess zu verbessern<\/strong>\u00a0?<\/p>\n<p style=\"text-align: left;\"><strong> Unsere Techniker beraten sie und f\u00fchren sie zur richtigen Wahl des Schleifprozesses<\/strong> der am besten geeignet ist an ihre Anforderung (Durchlauf und\/oder Einstich , Versorgungs und Evakuierungssystem\u2026) <strong>und wissen ihnen wie beizustehen f\u00fcr Versuche und Optimierung ihrer Maschiene um die besten Ergebnisse zu bekommen.<\/strong><\/p>\n<p style=\"text-align: left;\"><strong> Wir stellen ihnen auch Maschienen<\/strong> um Versuche zu <strong>machen und sie in die richtige Richtung zu leiten.<\/strong><\/p>\n<p>[\/et_pb_text][et_pb_text _builder_version=&#8221;3.17.6&#8243; background_image=&#8221;https:\/\/www.microrex.fr\/wp-content\/uploads\/2020\/03\/Photo-am\u00e9lioration-de-process.jpg&#8221;]<\/p>\n<p>&nbsp;<\/p>\n<p>&nbsp;<\/p>\n<p>&nbsp;<\/p>\n<p>&nbsp;<\/p>\n<p>&nbsp;<\/p>\n<p>&nbsp;<\/p>\n<p>&nbsp;<\/p>\n<p>&nbsp;<\/p>\n<p>&nbsp;<\/p>\n<p>&nbsp;<\/p>\n<p>&nbsp;<\/p>\n<p>&nbsp;<\/p>\n<p>&nbsp;<\/p>\n<p>&nbsp;<\/p>\n<p>&nbsp;<\/p>\n<p>&nbsp;<\/p>\n<p>&nbsp;<\/p>\n<p>&nbsp;<\/p>\n<p>[\/et_pb_text][\/et_pb_column][\/et_pb_row][et_pb_row _builder_version=&#8221;3.17.6&#8243;][et_pb_column type=&#8221;4_4&#8243;][et_pb_code module_id=&#8221;modernisierung&#8221; _builder_version=&#8221;3.17.6&#8243; custom_css_main_element=&#8221;display: block;||position: relative;||top: -64px;||visibility: hidden;||margin: 0&#8243;]amelioration-de-process[\/et_pb_code][et_pb_text _builder_version=&#8221;3.17.6&#8243; header_3_font=&#8221;Lato|700|||||||&#8221;]<\/p>\n<h2 style=\"text-align: center;\"><strong>MODERNISIERUNG<\/strong><\/h2>\n<p>[\/et_pb_text][et_pb_text _builder_version=&#8221;3.17.6&#8243; text_font_size=&#8221;19px&#8221;]<\/p>\n<p style=\"text-align: center;\">Sie haben den <strong>Ehrgeiz Wettbewerbsf\u00e4hig zu bleiben<\/strong> und deswegen m\u00fcssen sie ihre Produktionmittel <strong>modernisieren<\/strong>.<\/p>\n<p style=\"text-align: center;\">Wir haben L\u00f6sungen f\u00fcr die <strong>Modernisierung ihrer spitzenlosen Schleifmaschienen<\/strong> die mit neuen Technologien ausger\u00fcstet sind :<\/p>\n<ul>\n<li style=\"text-align: left;\">Spindeln auf W\u00e4lz oder Gleitlagern<\/li>\n<li style=\"text-align: left;\">CNC Abrichten Regelscheibe<\/li>\n<li style=\"text-align: left;\">CNC Einstich<\/li>\n<li style=\"text-align: left;\">CNC Abrichten Schleifscheibe 2 Axen<\/li>\n<li style=\"text-align: left;\">Abrichten mit Form Diamantrolle ( 1 oder 2 Axen<\/li>\n<li style=\"text-align: left;\">Abrichten mit Diamantscheibe 2 Axen<\/li>\n<li style=\"text-align: left;\">Abrichten mit Diamantscheibe 3 Axen<\/li>\n<li style=\"text-align: left;\">Abrichten Schleifscheibenflanke<\/li>\n<li style=\"text-align: left;\">\u2026<\/li>\n<\/ul>\n<p>[\/et_pb_text][et_pb_text _builder_version=&#8221;3.17.6&#8243; header_3_font=&#8221;Lato|700|||||||&#8221;]<\/p>\n<h2 style=\"text-align: center;\">ERSATZTEILE<\/h2>\n<p>[\/et_pb_text][\/et_pb_column][\/et_pb_row][et_pb_row make_fullwidth=&#8221;on&#8221; use_custom_gutter=&#8221;on&#8221; gutter_width=&#8221;1&#8243; _builder_version=&#8221;3.17.6&#8243; background_image=&#8221;https:\/\/www.microrex.fr\/wp-content\/uploads\/2018\/12\/bg-ready.png&#8221; module_alignment=&#8221;center&#8221;][et_pb_column type=&#8221;4_4&#8243;][et_pb_code module_id=&#8221;ersatzteile&#8221; _builder_version=&#8221;3.17.6&#8243; custom_css_main_element=&#8221;display: block;||position: relative;||top: -64px;||visibility: hidden;||margin: 0&#8243;]amelioration-de-process[\/et_pb_code][et_pb_text _builder_version=&#8221;3.17.6&#8243; text_font=&#8221;||||||||&#8221; text_text_color=&#8221;#ffffff&#8221; text_font_size=&#8221;19px&#8221;]<\/p>\n<p style=\"text-align: center;\"><strong>Unser Ersatzteillager<\/strong> erlaubt eine schnelle Lieferung f\u00fcr eine grosse Anzahl von Teilen oder einen <strong>schnellen Serviceeinsatz durchzuf\u00fchren ,Instandhaltung oder Kundendienst mit den richtigen Ersatzteilen.<\/strong><\/p>\n<p>[\/et_pb_text][\/et_pb_column][\/et_pb_row][\/et_pb_section]<\/p>\n","protected":false},"excerpt":{"rendered":"<p>Dank unserer Erfahrung auf dem Gebiet der spitzenlosen Schleifmaschiene und mit Hilfe von unseren qualifizierten Technikern , bringen wir ihnen Hilfe f\u00fcr die Verbesserung der Kompetenz ihrer Mitarbeiter bei der Suche nach optimierten L\u00f6sungen Wir besitzen die St\u00e4rke M\u00f6glichkeiten vorzuschlagen f\u00fcr die Modernisierung ihrer Ausr\u00fcstungen und durch unser Ersatzteillager wird Zeit f\u00fcr Produktionsverlust begrenzt. SCHULUNG [&hellip;]<\/p>\n","protected":false},"author":1,"featured_media":0,"parent":0,"menu_order":0,"comment_status":"closed","ping_status":"closed","template":"","meta":{"_acf_changed":false,"_et_pb_use_builder":"on","_et_pb_old_content":"","_et_gb_content_width":"","footnotes":""},"acf":[],"yoast_head":"<!-- This site is optimized with the Yoast SEO plugin v22.7 - https:\/\/yoast.com\/wordpress\/plugins\/seo\/ -->\n<title>UNSERE BERUFSBRANCHEN - Microrex<\/title>\n<meta name=\"description\" content=\"D\u00e9couvrez tout notre savoir-faire de l&#039;\u00e9tude et la conception jusqu&#039;\u00e0 la r\u00e9alisation des machines et les services que nous prodiguons.\" \/>\n<meta name=\"robots\" content=\"index, follow, max-snippet:-1, max-image-preview:large, max-video-preview:-1\" \/>\n<link rel=\"canonical\" href=\"https:\/\/www.microrex.fr\/de\/unsere-jobs\/\" \/>\n<meta property=\"og:locale\" content=\"de_DE\" \/>\n<meta property=\"og:type\" content=\"article\" \/>\n<meta property=\"og:title\" content=\"UNSERE BERUFSBRANCHEN - Microrex\" \/>\n<meta property=\"og:description\" content=\"D\u00e9couvrez tout notre savoir-faire de l&#039;\u00e9tude et la conception jusqu&#039;\u00e0 la r\u00e9alisation des machines et les services que nous prodiguons.\" \/>\n<meta property=\"og:url\" content=\"https:\/\/www.microrex.fr\/de\/unsere-jobs\/\" \/>\n<meta property=\"og:site_name\" content=\"Microrex\" \/>\n<meta property=\"article:modified_time\" content=\"2020-04-02T13:11:11+00:00\" \/>\n<meta property=\"og:image\" content=\"https:\/\/www.microrex.fr\/wp-content\/uploads\/2020\/02\/1200x628-microrex.png\" \/>\n\t<meta property=\"og:image:width\" content=\"1200\" \/>\n\t<meta property=\"og:image:height\" content=\"628\" \/>\n\t<meta property=\"og:image:type\" content=\"image\/png\" \/>\n<meta name=\"twitter:card\" content=\"summary_large_image\" \/>\n<meta name=\"twitter:label1\" content=\"Est. reading time\" \/>\n\t<meta name=\"twitter:data1\" content=\"4 minutes\" \/>\n<script type=\"application\/ld+json\" class=\"yoast-schema-graph\">{\"@context\":\"https:\/\/schema.org\",\"@graph\":[{\"@type\":\"WebPage\",\"@id\":\"https:\/\/www.microrex.fr\/de\/unsere-jobs\/\",\"url\":\"https:\/\/www.microrex.fr\/de\/unsere-jobs\/\",\"name\":\"UNSERE BERUFSBRANCHEN - Microrex\",\"isPartOf\":{\"@id\":\"https:\/\/www.microrex.fr\/fr\/#website\"},\"datePublished\":\"2018-12-07T09:30:49+00:00\",\"dateModified\":\"2020-04-02T13:11:11+00:00\",\"description\":\"D\u00e9couvrez tout notre savoir-faire de l'\u00e9tude et la conception jusqu'\u00e0 la r\u00e9alisation des machines et les services que nous prodiguons.\",\"breadcrumb\":{\"@id\":\"https:\/\/www.microrex.fr\/de\/unsere-jobs\/#breadcrumb\"},\"inLanguage\":\"de-DE\",\"potentialAction\":[{\"@type\":\"ReadAction\",\"target\":[\"https:\/\/www.microrex.fr\/de\/unsere-jobs\/\"]}]},{\"@type\":\"BreadcrumbList\",\"@id\":\"https:\/\/www.microrex.fr\/de\/unsere-jobs\/#breadcrumb\",\"itemListElement\":[{\"@type\":\"ListItem\",\"position\":1,\"name\":\"Accueil\",\"item\":\"https:\/\/www.microrex.fr\/de\/\"},{\"@type\":\"ListItem\",\"position\":2,\"name\":\"UNSERE BERUFSBRANCHEN\"}]},{\"@type\":\"WebSite\",\"@id\":\"https:\/\/www.microrex.fr\/fr\/#website\",\"url\":\"https:\/\/www.microrex.fr\/fr\/\",\"name\":\"Microrex\",\"description\":\"Rectifieuses centerless\",\"publisher\":{\"@id\":\"https:\/\/www.microrex.fr\/fr\/#organization\"},\"potentialAction\":[{\"@type\":\"SearchAction\",\"target\":{\"@type\":\"EntryPoint\",\"urlTemplate\":\"https:\/\/www.microrex.fr\/fr\/?s={search_term_string}\"},\"query-input\":\"required name=search_term_string\"}],\"inLanguage\":\"de-DE\"},{\"@type\":\"Organization\",\"@id\":\"https:\/\/www.microrex.fr\/fr\/#organization\",\"name\":\"Microrex\",\"url\":\"https:\/\/www.microrex.fr\/fr\/\",\"logo\":{\"@type\":\"ImageObject\",\"inLanguage\":\"de-DE\",\"@id\":\"https:\/\/www.microrex.fr\/fr\/#\/schema\/logo\/image\/\",\"url\":\"https:\/\/www.microrex.fr\/wp-content\/uploads\/2019\/03\/microrex_logo_150x45.png\",\"contentUrl\":\"https:\/\/www.microrex.fr\/wp-content\/uploads\/2019\/03\/microrex_logo_150x45.png\",\"width\":150,\"height\":45,\"caption\":\"Microrex\"},\"image\":{\"@id\":\"https:\/\/www.microrex.fr\/fr\/#\/schema\/logo\/image\/\"}}]}<\/script>\n<!-- \/ Yoast SEO plugin. -->","yoast_head_json":{"title":"UNSERE BERUFSBRANCHEN - Microrex","description":"D\u00e9couvrez tout notre savoir-faire de l'\u00e9tude et la conception jusqu'\u00e0 la r\u00e9alisation des machines et les services que nous prodiguons.","robots":{"index":"index","follow":"follow","max-snippet":"max-snippet:-1","max-image-preview":"max-image-preview:large","max-video-preview":"max-video-preview:-1"},"canonical":"https:\/\/www.microrex.fr\/de\/unsere-jobs\/","og_locale":"de_DE","og_type":"article","og_title":"UNSERE BERUFSBRANCHEN - Microrex","og_description":"D\u00e9couvrez tout notre savoir-faire de l'\u00e9tude et la conception jusqu'\u00e0 la r\u00e9alisation des machines et les services que nous prodiguons.","og_url":"https:\/\/www.microrex.fr\/de\/unsere-jobs\/","og_site_name":"Microrex","article_modified_time":"2020-04-02T13:11:11+00:00","og_image":[{"width":1200,"height":628,"url":"https:\/\/www.microrex.fr\/wp-content\/uploads\/2020\/02\/1200x628-microrex.png","type":"image\/png"}],"twitter_card":"summary_large_image","twitter_misc":{"Est. reading time":"4 minutes"},"schema":{"@context":"https:\/\/schema.org","@graph":[{"@type":"WebPage","@id":"https:\/\/www.microrex.fr\/de\/unsere-jobs\/","url":"https:\/\/www.microrex.fr\/de\/unsere-jobs\/","name":"UNSERE BERUFSBRANCHEN - Microrex","isPartOf":{"@id":"https:\/\/www.microrex.fr\/fr\/#website"},"datePublished":"2018-12-07T09:30:49+00:00","dateModified":"2020-04-02T13:11:11+00:00","description":"D\u00e9couvrez tout notre savoir-faire de l'\u00e9tude et la conception jusqu'\u00e0 la r\u00e9alisation des machines et les services que nous prodiguons.","breadcrumb":{"@id":"https:\/\/www.microrex.fr\/de\/unsere-jobs\/#breadcrumb"},"inLanguage":"de-DE","potentialAction":[{"@type":"ReadAction","target":["https:\/\/www.microrex.fr\/de\/unsere-jobs\/"]}]},{"@type":"BreadcrumbList","@id":"https:\/\/www.microrex.fr\/de\/unsere-jobs\/#breadcrumb","itemListElement":[{"@type":"ListItem","position":1,"name":"Accueil","item":"https:\/\/www.microrex.fr\/de\/"},{"@type":"ListItem","position":2,"name":"UNSERE BERUFSBRANCHEN"}]},{"@type":"WebSite","@id":"https:\/\/www.microrex.fr\/fr\/#website","url":"https:\/\/www.microrex.fr\/fr\/","name":"Microrex","description":"Rectifieuses centerless","publisher":{"@id":"https:\/\/www.microrex.fr\/fr\/#organization"},"potentialAction":[{"@type":"SearchAction","target":{"@type":"EntryPoint","urlTemplate":"https:\/\/www.microrex.fr\/fr\/?s={search_term_string}"},"query-input":"required name=search_term_string"}],"inLanguage":"de-DE"},{"@type":"Organization","@id":"https:\/\/www.microrex.fr\/fr\/#organization","name":"Microrex","url":"https:\/\/www.microrex.fr\/fr\/","logo":{"@type":"ImageObject","inLanguage":"de-DE","@id":"https:\/\/www.microrex.fr\/fr\/#\/schema\/logo\/image\/","url":"https:\/\/www.microrex.fr\/wp-content\/uploads\/2019\/03\/microrex_logo_150x45.png","contentUrl":"https:\/\/www.microrex.fr\/wp-content\/uploads\/2019\/03\/microrex_logo_150x45.png","width":150,"height":45,"caption":"Microrex"},"image":{"@id":"https:\/\/www.microrex.fr\/fr\/#\/schema\/logo\/image\/"}}]}},"_links":{"self":[{"href":"https:\/\/www.microrex.fr\/de\/wp-json\/wp\/v2\/pages\/1385"}],"collection":[{"href":"https:\/\/www.microrex.fr\/de\/wp-json\/wp\/v2\/pages"}],"about":[{"href":"https:\/\/www.microrex.fr\/de\/wp-json\/wp\/v2\/types\/page"}],"author":[{"embeddable":true,"href":"https:\/\/www.microrex.fr\/de\/wp-json\/wp\/v2\/users\/1"}],"replies":[{"embeddable":true,"href":"https:\/\/www.microrex.fr\/de\/wp-json\/wp\/v2\/comments?post=1385"}],"version-history":[{"count":11,"href":"https:\/\/www.microrex.fr\/de\/wp-json\/wp\/v2\/pages\/1385\/revisions"}],"predecessor-version":[{"id":2600,"href":"https:\/\/www.microrex.fr\/de\/wp-json\/wp\/v2\/pages\/1385\/revisions\/2600"}],"wp:attachment":[{"href":"https:\/\/www.microrex.fr\/de\/wp-json\/wp\/v2\/media?parent=1385"}],"curies":[{"name":"wp","href":"https:\/\/api.w.org\/{rel}","templated":true}]}}